{"id":99,"date":"2018-03-12T10:17:47","date_gmt":"2018-03-12T07:17:47","guid":{"rendered":"http:\/\/atlantisluxurytravel.co.uk\/?page_id=99"},"modified":"2018-04-22T20:59:45","modified_gmt":"2018-04-22T17:59:45","slug":"exhibition","status":"publish","type":"page","link":"https:\/\/atlantisluxurytravel.co.uk\/tr\/exhibition\/","title":{"rendered":"Fuar"},"content":{"rendered":"<p>\u0130ngiltere moda, giyim, turizm, pazarlama, gayrimenkul ve son teknolojilerin tan\u0131t\u0131ld\u0131\u011f\u0131 uluslararas\u0131 fuar organizasyonu konusunda \u00e7ok iyi bilinmektedir.<\/p>\n<p>Misafirperverli\u011finizi en \u00fcst seviyede g\u00f6stermek ad\u0131na organize ederek ve etkin \u015fekilde fuarda yer ay\u0131rma, stantlar\u0131n kurulumu ,catering ayr\u0131ca ihtiya\u00e7 duyan m\u00fc\u015fterilermiz i\u00e7in \u00e7ok yabanc\u0131 dilli hostes hizmeti de sunmaktay\u0131z.<\/p>\n<p><img decoding=\"async\" loading=\"lazy\" class=\"alignnone size-medium wp-image-671\" src=\"http:\/\/atlantisluxurytravel.co.uk\/wp-content\/uploads\/2018\/04\/travel-3168277-300x225.jpg\" alt=\"\" width=\"300\" height=\"225\" srcset=\"https:\/\/atlantisluxurytravel.co.uk\/wp-content\/uploads\/2018\/04\/travel-3168277-300x225.jpg 300w, https:\/\/atlantisluxurytravel.co.uk\/wp-content\/uploads\/2018\/04\/travel-3168277-768x576.jpg 768w, https:\/\/atlantisluxurytravel.co.uk\/wp-content\/uploads\/2018\/04\/travel-3168277-1024x768.jpg 1024w, https:\/\/atlantisluxurytravel.co.uk\/wp-content\/uploads\/2018\/04\/travel-3168277-200x150.jpg 200w, https:\/\/atlantisluxurytravel.co.uk\/wp-content\/uploads\/2018\/04\/travel-3168277.jpg 2048w\" sizes=\"(max-width: 300px) 100vw, 300px\" \/><\/p>","protected":false},"excerpt":{"rendered":"<p>\u0130ngiltere moda, giyim, turizm, pazarlama, gayrimenkul ve son teknolojilerin tan\u0131t\u0131ld\u0131\u011f\u0131 uluslararas\u0131 fuar organizasyonu konusunda \u00e7ok iyi bilinmektedir. Misafirperverli\u011finizi en \u00fcst seviyede g\u00f6stermek ad\u0131na organize ederek ve etkin \u015fekilde fuarda yer ay\u0131rma, stantlar\u0131n kurulumu ,catering ayr\u0131ca ihtiya\u00e7 duyan m\u00fc\u015fterilermiz i\u00e7in \u00e7ok yabanc\u0131 dilli hostes hizmeti de sunmaktay\u0131z.<\/p>\n","protected":false},"author":1,"featured_media":0,"parent":0,"menu_order":0,"comment_status":"closed","ping_status":"closed","template":"","meta":[],"_links":{"self":[{"href":"https:\/\/atlantisluxurytravel.co.uk\/tr\/wp-json\/wp\/v2\/pages\/99"}],"collection":[{"href":"https:\/\/atlantisluxurytravel.co.uk\/tr\/wp-json\/wp\/v2\/pages"}],"about":[{"href":"https:\/\/atlantisluxurytravel.co.uk\/tr\/wp-json\/wp\/v2\/types\/page"}],"author":[{"embeddable":true,"href":"https:\/\/atlantisluxurytravel.co.uk\/tr\/wp-json\/wp\/v2\/users\/1"}],"replies":[{"embeddable":true,"href":"https:\/\/atlantisluxurytravel.co.uk\/tr\/wp-json\/wp\/v2\/comments?post=99"}],"version-history":[{"count":8,"href":"https:\/\/atlantisluxurytravel.co.uk\/tr\/wp-json\/wp\/v2\/pages\/99\/revisions"}],"predecessor-version":[{"id":681,"href":"https:\/\/atlantisluxurytravel.co.uk\/tr\/wp-json\/wp\/v2\/pages\/99\/revisions\/681"}],"wp:attachment":[{"href":"https:\/\/atlantisluxurytravel.co.uk\/tr\/wp-json\/wp\/v2\/media?parent=99"}],"curies":[{"name":"wp","href":"https:\/\/api.w.org\/{rel}","templated":true}]}}