{"id":97,"date":"2018-03-12T10:17:34","date_gmt":"2018-03-12T07:17:34","guid":{"rendered":"http:\/\/atlantisluxurytravel.co.uk\/?page_id=97"},"modified":"2018-06-23T04:30:29","modified_gmt":"2018-06-23T01:30:29","slug":"stomatology","status":"publish","type":"page","link":"https:\/\/atlantisluxurytravel.co.uk\/tr\/stomatology\/","title":{"rendered":"Di\u015f Hekimli\u011fi"},"content":{"rendered":"<p>Di\u015f hekimli\u011finin \u015f\u00fcphesiz en \u00f6nemli g\u00f6revi; sa\u011fl\u0131kl\u0131 di\u015fler ve \u00e7i\u011fneme fonksiyonunun eksiksiz yerine getirilmesinin sa\u011flanmas\u0131d\u0131r.<\/p>\n<p>A\u011f\u0131z ve Di\u015f Sa\u011fl\u0131\u011f\u0131 Klini\u011fi\u2019nde tedavi s\u00fcreci, her ya\u015ftan hastaya \u00f6zel olarak belirlenir. Partenimizin kadrosu her bran\u015fta uzman ve yetkin di\u015f hekimlerinden olu\u015fmaktad\u0131r.<\/p>\n<p><img decoding=\"async\" loading=\"lazy\" class=\"alignnone size-medium wp-image-1190\" src=\"https:\/\/atlantisluxurytravel.co.uk\/wp-content\/uploads\/2018\/05\/liv-hospital-reception-2-300x200.jpg\" alt=\"\" width=\"300\" height=\"200\" srcset=\"https:\/\/atlantisluxurytravel.co.uk\/wp-content\/uploads\/2018\/05\/liv-hospital-reception-2-300x200.jpg 300w, https:\/\/atlantisluxurytravel.co.uk\/wp-content\/uploads\/2018\/05\/liv-hospital-reception-2-768x511.jpg 768w, https:\/\/atlantisluxurytravel.co.uk\/wp-content\/uploads\/2018\/05\/liv-hospital-reception-2-1024x681.jpg 1024w, https:\/\/atlantisluxurytravel.co.uk\/wp-content\/uploads\/2018\/05\/liv-hospital-reception-2-226x150.jpg 226w, https:\/\/atlantisluxurytravel.co.uk\/wp-content\/uploads\/2018\/05\/liv-hospital-reception-2.jpg 1800w\" sizes=\"(max-width: 300px) 100vw, 300px\" \/><\/p>\n<p>A\u011f\u0131z ve di\u015f sa\u011fl\u0131\u011f\u0131 klini\u011finde g\u00fcncel, teknolojik ve estetik uygulamalar bilimsel ve hasta odakl\u0131 olacak \u015fekilde yap\u0131lmktad\u0131r.<\/p>\n<p>Di\u015f hekimli\u011finin her bran\u015f\u0131ndan uzman di\u015f hekimi kadrosuyla partnerimiz ile a\u011f\u0131z ve di\u015f sa\u011fl\u0131\u011f\u0131n\u0131z i\u00e7in her zaman yan\u0131n\u0131zday\u0131z .<\/p>","protected":false},"excerpt":{"rendered":"<p>Di\u015f hekimli\u011finin \u015f\u00fcphesiz en \u00f6nemli g\u00f6revi; sa\u011fl\u0131kl\u0131 di\u015fler ve \u00e7i\u011fneme fonksiyonunun eksiksiz yerine getirilmesinin sa\u011flanmas\u0131d\u0131r. A\u011f\u0131z ve Di\u015f Sa\u011fl\u0131\u011f\u0131 Klini\u011fi\u2019nde tedavi s\u00fcreci, her ya\u015ftan hastaya \u00f6zel olarak belirlenir. Partenimizin kadrosu her bran\u015fta uzman ve yetkin di\u015f hekimlerinden olu\u015fmaktad\u0131r. A\u011f\u0131z ve di\u015f sa\u011fl\u0131\u011f\u0131 klini\u011finde g\u00fcncel, teknolojik ve estetik uygulamalar bilimsel ve hasta odakl\u0131 olacak \u015fekilde yap\u0131lmktad\u0131r. [&hellip;]<\/p>\n","protected":false},"author":1,"featured_media":0,"parent":0,"menu_order":0,"comment_status":"closed","ping_status":"closed","template":"","meta":[],"_links":{"self":[{"href":"https:\/\/atlantisluxurytravel.co.uk\/tr\/wp-json\/wp\/v2\/pages\/97"}],"collection":[{"href":"https:\/\/atlantisluxurytravel.co.uk\/tr\/wp-json\/wp\/v2\/pages"}],"about":[{"href":"https:\/\/atlantisluxurytravel.co.uk\/tr\/wp-json\/wp\/v2\/types\/page"}],"author":[{"embeddable":true,"href":"https:\/\/atlantisluxurytravel.co.uk\/tr\/wp-json\/wp\/v2\/users\/1"}],"replies":[{"embeddable":true,"href":"https:\/\/atlantisluxurytravel.co.uk\/tr\/wp-json\/wp\/v2\/comments?post=97"}],"version-history":[{"count":10,"href":"https:\/\/atlantisluxurytravel.co.uk\/tr\/wp-json\/wp\/v2\/pages\/97\/revisions"}],"predecessor-version":[{"id":1267,"href":"https:\/\/atlantisluxurytravel.co.uk\/tr\/wp-json\/wp\/v2\/pages\/97\/revisions\/1267"}],"wp:attachment":[{"href":"https:\/\/atlantisluxurytravel.co.uk\/tr\/wp-json\/wp\/v2\/media?parent=97"}],"curies":[{"name":"wp","href":"https:\/\/api.w.org\/{rel}","templated":true}]}}