{"id":93,"date":"2018-03-12T10:17:17","date_gmt":"2018-03-12T07:17:17","guid":{"rendered":"http:\/\/atlantisluxurytravel.co.uk\/?page_id=93"},"modified":"2018-06-23T04:03:39","modified_gmt":"2018-06-23T01:03:39","slug":"plasticsurgery","status":"publish","type":"page","link":"https:\/\/atlantisluxurytravel.co.uk\/tr\/plasticsurgery\/","title":{"rendered":"Plastik Cerrahi"},"content":{"rendered":"<p>Her insan\u0131n v\u00fccut tipi ve yap\u0131s\u0131, beklentileri ve ya\u015fam tarz\u0131 farkl\u0131d\u0131r. Dolay\u0131s\u0131 ile partnerimizin uzmanlar\u0131, estetik giri\u015fimlerde ideal sonu\u00e7 i\u00e7in ki\u015fiye \u00f6zel planlama yaparak, ki\u015finin gereksinimi olan, cilt tipi ve v\u00fccut formuna uygun m\u00fcdahaleler \u00f6nermektedir.<\/p>\n<p><img decoding=\"async\" loading=\"lazy\" class=\"alignnone size-medium wp-image-1200\" src=\"https:\/\/atlantisluxurytravel.co.uk\/wp-content\/uploads\/2018\/05\/IZK7424-resized-300x200.jpg\" alt=\"\" width=\"300\" height=\"200\" srcset=\"https:\/\/atlantisluxurytravel.co.uk\/wp-content\/uploads\/2018\/05\/IZK7424-resized-300x200.jpg 300w, https:\/\/atlantisluxurytravel.co.uk\/wp-content\/uploads\/2018\/05\/IZK7424-resized-768x511.jpg 768w, https:\/\/atlantisluxurytravel.co.uk\/wp-content\/uploads\/2018\/05\/IZK7424-resized-1024x681.jpg 1024w, https:\/\/atlantisluxurytravel.co.uk\/wp-content\/uploads\/2018\/05\/IZK7424-resized-226x150.jpg 226w, https:\/\/atlantisluxurytravel.co.uk\/wp-content\/uploads\/2018\/05\/IZK7424-resized.jpg 1890w\" sizes=\"(max-width: 300px) 100vw, 300px\" \/><\/p>\n<p><strong><u>Rinoplasti<\/u><\/strong><\/p>\n<ul>\n<li>Rinoplasti yani burun esteti\u011fi en \u00e7ok ba\u015fvurulan estetik ameliyatlar aras\u0131nda yer al\u0131r.<\/li>\n<li>Burun y\u00fcz\u00fcn tam ortas\u0131nda yer alan, ilk bak\u0131\u015fta hemen g\u00f6ze \u00e7arpan bir organd\u0131r. Burnumuz, y\u00fcz\u00fcm\u00fcz\u00fcn b\u00fct\u00fcnl\u00fc\u011f\u00fcne ve ifadesine \u00f6nemli katk\u0131 sa\u011flarken, fonksiyonel anlamda da g\u00f6revler \u00fcstlenmi\u015ftir. Nefes alma s\u0131ras\u0131nda havan\u0131n ge\u00e7ece\u011fi ana yol olmas\u0131, ge\u00e7i\u015f s\u0131ras\u0131nda havan\u0131n temizlenmesi ve nemlendirilmesi, koku alma fonksiyonu, burnumuzun temel g\u00f6revleridir. Bu nedenle estetik burun ameliyat\u0131 planlan\u0131rken, ki\u015finin hava yolu a\u00e7\u0131kl\u0131\u011f\u0131 ve buraya yap\u0131lacak m\u00fcdahaleler de planlanmal\u0131d\u0131r.<\/li>\n<\/ul>\n<p><strong>Sekonder rinoplasti<\/strong><\/p>\n<p>Partnerimizin uzmanlar\u0131 daha \u00f6nce ba\u015fka hekimlere rinoplasti olmu\u015f ancak sonucundan memnun olmayan hastalar\u0131m\u0131za da yard\u0131mc\u0131 oluyor. Deneyimleri ile d\u00fczeltme operasyonlar\u0131nda y\u00fcksek ba\u015far\u0131 oranlar\u0131 yakal\u0131yor.<\/p>\n<p><strong><u>Meme Esteti\u011fi<\/u><\/strong><\/p>\n<p>Kad\u0131n memesi, insanl\u0131k tarihinin her d\u00f6neminde ana\u00e7l\u0131\u011f\u0131n, do\u011furganl\u0131\u011f\u0131n, \u00fcretkenli\u011fin ve g\u00fczelli\u011fin simgesi olmu\u015ftur. Yuvarlak ve dolgun hatlar\u0131 ile her zaman kad\u0131n cinselli\u011finin \u00f6nemli bir \u00f6\u011fesi olarak g\u00f6r\u00fclm\u00fc\u015ft\u00fcr.<\/p>\n<p>Gerek do\u011fu\u015ftan gerekse de sonradan olan meme esteti\u011fi sorunlar\u0131 i\u00e7in partnerimizin hekimleri meme b\u00fcy\u00fctme, meme dikle\u015ftirme, meme k\u00fc\u00e7\u00fcltme operasyonlar\u0131 ile hastalar\u0131na yard\u0131mc\u0131 oluyor.<\/p>\n<p>Meme b\u00fcy\u00fctme i\u015flemleri genellikle silikon protez ile yap\u0131l\u0131r. Protez hasta i\u00e7in uygun olan b\u00f6lgeye ve plana, hastan\u0131n talep etti\u011fi ve v\u00fccut yap\u0131s\u0131na uygun bi\u00e7im ve b\u00fcy\u00fckl\u00fckte yerle\u015ftirilir.<\/p>\n<p>\u00d6zelikle kilo al\u0131p veren, do\u011fum yap\u0131p emziren ya da deri elastikiyeti yetersiz olan ki\u015filerde zaman i\u00e7inde memelerde sarkma olu\u015fabilir. Ayr\u0131ca sark\u0131k ve b\u00fcy\u00fck memeler bel ve boyun a\u011fr\u0131s\u0131, terleme ve deri infeksiyonlar\u0131 gibi sa\u011fl\u0131k sorunlar\u0131na da yol a\u00e7ar. \u00a0Bu durumlarda meme dikle\u015ftirme ve meme k\u00fc\u00e7\u00fcltme i\u015flemleri ile yine dik, dolgun ve do\u011fal memeler elde etmek m\u00fcmk\u00fcn olur.<\/p>\n<p>Sunulan di\u011fer tedaviler ise \u015f\u00f6yledir:<\/p>\n<p>V\u00fccut \u015eekillendirme<\/p>\n<p>Y\u00fcz Esteti\u011fi<\/p>\n<p>G\u00f6z Kapa\u011f\u0131 Esteti\u011fi<\/p>\n<p>Stem cell (k\u00f6k h\u00fccre) ile y\u00fcz ve v\u00fccut gen\u00e7le\u015ftirme<\/p>\n<p>Ya\u011f grefti uygulamalar\u0131 (y\u00fcz ve v\u00fccut kontur d\u00fczeltme)<\/p>\n<p>Peeling (kimyasal ve laser y\u00f6ntemi ile)<\/p>","protected":false},"excerpt":{"rendered":"<p>Her insan\u0131n v\u00fccut tipi ve yap\u0131s\u0131, beklentileri ve ya\u015fam tarz\u0131 farkl\u0131d\u0131r. Dolay\u0131s\u0131 ile partnerimizin uzmanlar\u0131, estetik giri\u015fimlerde ideal sonu\u00e7 i\u00e7in ki\u015fiye \u00f6zel planlama yaparak, ki\u015finin gereksinimi olan, cilt tipi ve v\u00fccut formuna uygun m\u00fcdahaleler \u00f6nermektedir. Rinoplasti Rinoplasti yani burun esteti\u011fi en \u00e7ok ba\u015fvurulan estetik ameliyatlar aras\u0131nda yer al\u0131r. Burun y\u00fcz\u00fcn tam ortas\u0131nda yer alan, ilk [&hellip;]<\/p>\n","protected":false},"author":1,"featured_media":0,"parent":0,"menu_order":0,"comment_status":"closed","ping_status":"closed","template":"","meta":[],"_links":{"self":[{"href":"https:\/\/atlantisluxurytravel.co.uk\/tr\/wp-json\/wp\/v2\/pages\/93"}],"collection":[{"href":"https:\/\/atlantisluxurytravel.co.uk\/tr\/wp-json\/wp\/v2\/pages"}],"about":[{"href":"https:\/\/atlantisluxurytravel.co.uk\/tr\/wp-json\/wp\/v2\/types\/page"}],"author":[{"embeddable":true,"href":"https:\/\/atlantisluxurytravel.co.uk\/tr\/wp-json\/wp\/v2\/users\/1"}],"replies":[{"embeddable":true,"href":"https:\/\/atlantisluxurytravel.co.uk\/tr\/wp-json\/wp\/v2\/comments?post=93"}],"version-history":[{"count":12,"href":"https:\/\/atlantisluxurytravel.co.uk\/tr\/wp-json\/wp\/v2\/pages\/93\/revisions"}],"predecessor-version":[{"id":1261,"href":"https:\/\/atlantisluxurytravel.co.uk\/tr\/wp-json\/wp\/v2\/pages\/93\/revisions\/1261"}],"wp:attachment":[{"href":"https:\/\/atlantisluxurytravel.co.uk\/tr\/wp-json\/wp\/v2\/media?parent=93"}],"curies":[{"name":"wp","href":"https:\/\/api.w.org\/{rel}","templated":true}]}}