{"id":88,"date":"2018-03-12T10:13:39","date_gmt":"2018-03-12T07:13:39","guid":{"rendered":"http:\/\/atlantisluxurytravel.co.uk\/?page_id=88"},"modified":"2018-05-15T03:30:15","modified_gmt":"2018-05-15T00:30:15","slug":"istanbul","status":"publish","type":"page","link":"https:\/\/atlantisluxurytravel.co.uk\/tr\/istanbul\/","title":{"rendered":"\u0130stanbul"},"content":{"rendered":"<p><strong>\u0130ki k\u0131tay\u0131 ke\u015ffedin<\/strong><\/p>\n<p>Asya ve Avrupa k\u0131tas\u0131n\u0131 tan\u0131tacak, en pop\u00fcler cazibe merkezlerine sizi g\u00f6t\u00fcrecek olan \u0130stanbul \u015fehir turu bu muhte\u015femli\u011fi \u00f6\u011frenmek i\u00e7in m\u00fckemmel bir f\u0131rsat niteli\u011findedir. \u00d6zenle tasarlanm\u0131\u015f turumuz, sizi \u0130stanbul&#8217;un inan\u0131lmaz tarihi ve k\u00fclt\u00fcr\u00fcne farkl\u0131 bir bak\u0131\u015f a\u00e7\u0131s\u0131 kazand\u0131ran \u00f6nemli simge ve ilgi \u00e7ekici yerlere g\u00f6t\u00fcrecektir. Roma, Bizans ve Osmanl\u0131 imparatorluklar\u0131n\u0131n yan\u0131 s\u0131ra bug\u00fcnk\u00fc g\u00f6rd\u00fc\u011f\u00fcm\u00fcz ya\u015famakta oldu\u011fumuz modern T\u00fcrkiye Cumhuriyeti&#8217;ni ke\u015ffetme imkan\u0131 sunmaktad\u0131r. \u0130stanbul\u2019un Avrupa ve Orta Do\u011fu k\u00fclt\u00fcrlerinin ay\u0131rt edici kar\u0131\u015f\u0131m\u0131n\u0131 da ke\u015ffedeceksiniz. \u015eehir turu boyunca, M\u0131s\u0131r \u00c7ar\u015f\u0131s\u0131, Galata Kulesi, Dolmabah\u00e7e Saray\u0131, Taksim Meydan\u0131 ve Beylerbeyi Saray\u0131 gibi \u0130stanbul&#8217;un bir\u00e7ok turistik mekan\u0131n\u0131 daha yak\u0131nda tan\u0131yabilirsiniz. Tur ayr\u0131ca \u00fcnl\u00fc Bo\u011fazi\u00e7i K\u00f6pr\u00fcs\u00fc&#8217;n\u00fcn kar\u015f\u0131 yakas\u0131na uzanmaktad\u0131r; Avrupa ve Asya&#8217;y\u0131 birbirine ba\u011flayan ve \u015fehrin en \u00f6nemli ve \u00f6nemli simge yap\u0131lar\u0131ndan biri olan Bo\u011fazi\u00e7i k\u00f6pr\u00fcs\u00fcn\u00fc ge\u00e7tikten sonra Bo\u011faz, Hali\u00e7, Avrupa ve Asya&#8217;n\u0131n muhte\u015fem manzaras\u0131n\u0131 seyrederek ve \u015fehir turunun en \u00f6nemli \u00f6zelliklerinden biri olan bu yerde b\u00fcy\u00fck bir haz al\u0131yoruz.<\/p>\n<p><img decoding=\"async\" loading=\"lazy\" class=\"alignnone size-medium wp-image-33\" src=\"http:\/\/atlantisluxurytravel.co.uk\/wp-content\/uploads\/2018\/03\/7-300x203.jpg\" alt=\"\" width=\"300\" height=\"203\" srcset=\"https:\/\/atlantisluxurytravel.co.uk\/wp-content\/uploads\/2018\/03\/7-300x203.jpg 300w, https:\/\/atlantisluxurytravel.co.uk\/wp-content\/uploads\/2018\/03\/7-768x518.jpg 768w, https:\/\/atlantisluxurytravel.co.uk\/wp-content\/uploads\/2018\/03\/7-222x150.jpg 222w, https:\/\/atlantisluxurytravel.co.uk\/wp-content\/uploads\/2018\/03\/7.jpg 800w\" sizes=\"(max-width: 300px) 100vw, 300px\" \/><\/p>\n<p><strong>K\u00fclt\u00fcrel bir yolculuk ya\u015fay\u0131n<\/strong><br \/>\nHali\u00e7 turu, \u0130stanbul&#8217;un me\u015fhur Hali\u00e7&#8217;i ke\u015ffetmek i\u00e7in en iyi yoldur ve sizi bu korna \u015feklinde \u015fehrin en pop\u00fcler cazibe merkezlerine g\u00f6t\u00fcr\u00fcr. Mavi yolculu\u011fumuzda, tarihi Sultanahmet semtini, \u0130stanbul&#8217;un antika banliy\u00f6lerini ve Hali\u00e7&#8217;in \u00e7evresini g\u00f6receksiniz. Tur boyunca Hali\u00e7&#8217; in \u015fehre katt\u0131\u011f\u0131 stratejik \u00f6nemi ve iki bin y\u0131l\u0131 a\u015fk\u0131n s\u00fcredir g\u00f6ze \u00e7arpan muazzam tarihi yerlerli gezeceksiniz. G\u00fczerg\u00e2h \u00fczerinde, Topkap\u0131 Saray\u0131&#8217;n\u0131, Ayasofya&#8217;y\u0131, Eski Konstantinopolis&#8217;in b\u00fcy\u00fck duvar\u0131n\u0131, Aynal\u0131kavak Saray\u0131&#8217;n\u0131 ve 4. y\u00fczy\u0131la ait bir Roma Su Kemerini ke\u015ffetmek i\u00e7in hop-on-hop-off otob\u00fcslerini kullanabilirsiniz. Ayr\u0131ca turumuzda teleferik, minyat\u00fcr bir kasaba, bir Yunus Akvaryumu, Rahmi Ko\u00e7 M\u00fczesi ve Yerebatan Sarn\u0131c\u0131 da bulunmaktad\u0131r.<\/p>\n<p><img decoding=\"async\" loading=\"lazy\" class=\"alignnone size-medium wp-image-756\" src=\"http:\/\/atlantisluxurytravel.co.uk\/wp-content\/uploads\/2018\/04\/anna-637622-unsplash-300x200.jpg\" alt=\"\" width=\"300\" height=\"200\" srcset=\"https:\/\/atlantisluxurytravel.co.uk\/wp-content\/uploads\/2018\/04\/anna-637622-unsplash-300x200.jpg 300w, https:\/\/atlantisluxurytravel.co.uk\/wp-content\/uploads\/2018\/04\/anna-637622-unsplash-768x512.jpg 768w, https:\/\/atlantisluxurytravel.co.uk\/wp-content\/uploads\/2018\/04\/anna-637622-unsplash-1024x683.jpg 1024w, https:\/\/atlantisluxurytravel.co.uk\/wp-content\/uploads\/2018\/04\/anna-637622-unsplash-225x150.jpg 225w\" sizes=\"(max-width: 300px) 100vw, 300px\" \/><\/p>","protected":false},"excerpt":{"rendered":"<p>\u0130ki k\u0131tay\u0131 ke\u015ffedin Asya ve Avrupa k\u0131tas\u0131n\u0131 tan\u0131tacak, en pop\u00fcler cazibe merkezlerine sizi g\u00f6t\u00fcrecek olan \u0130stanbul \u015fehir turu bu muhte\u015femli\u011fi \u00f6\u011frenmek i\u00e7in m\u00fckemmel bir f\u0131rsat niteli\u011findedir. \u00d6zenle tasarlanm\u0131\u015f turumuz, sizi \u0130stanbul&#8217;un inan\u0131lmaz tarihi ve k\u00fclt\u00fcr\u00fcne farkl\u0131 bir bak\u0131\u015f a\u00e7\u0131s\u0131 kazand\u0131ran \u00f6nemli simge ve ilgi \u00e7ekici yerlere g\u00f6t\u00fcrecektir. Roma, Bizans ve Osmanl\u0131 imparatorluklar\u0131n\u0131n yan\u0131 s\u0131ra bug\u00fcnk\u00fc [&hellip;]<\/p>\n","protected":false},"author":1,"featured_media":0,"parent":0,"menu_order":0,"comment_status":"closed","ping_status":"closed","template":"","meta":[],"_links":{"self":[{"href":"https:\/\/atlantisluxurytravel.co.uk\/tr\/wp-json\/wp\/v2\/pages\/88"}],"collection":[{"href":"https:\/\/atlantisluxurytravel.co.uk\/tr\/wp-json\/wp\/v2\/pages"}],"about":[{"href":"https:\/\/atlantisluxurytravel.co.uk\/tr\/wp-json\/wp\/v2\/types\/page"}],"author":[{"embeddable":true,"href":"https:\/\/atlantisluxurytravel.co.uk\/tr\/wp-json\/wp\/v2\/users\/1"}],"replies":[{"embeddable":true,"href":"https:\/\/atlantisluxurytravel.co.uk\/tr\/wp-json\/wp\/v2\/comments?post=88"}],"version-history":[{"count":14,"href":"https:\/\/atlantisluxurytravel.co.uk\/tr\/wp-json\/wp\/v2\/pages\/88\/revisions"}],"predecessor-version":[{"id":766,"href":"https:\/\/atlantisluxurytravel.co.uk\/tr\/wp-json\/wp\/v2\/pages\/88\/revisions\/766"}],"wp:attachment":[{"href":"https:\/\/atlantisluxurytravel.co.uk\/tr\/wp-json\/wp\/v2\/media?parent=88"}],"curies":[{"name":"wp","href":"https:\/\/api.w.org\/{rel}","templated":true}]}}