{"id":85,"date":"2018-03-12T10:13:18","date_gmt":"2018-03-12T07:13:18","guid":{"rendered":"http:\/\/atlantisluxurytravel.co.uk\/?page_id=85"},"modified":"2018-08-30T10:38:10","modified_gmt":"2018-08-30T07:38:10","slug":"excursion-london","status":"publish","type":"page","link":"https:\/\/atlantisluxurytravel.co.uk\/tr\/excursion-london\/","title":{"rendered":"Londra"},"content":{"rendered":"<p>Londra Turu<\/p>\n<p>\u0130konlar\u0131yla \u00fcnl\u00fc b\u00fcy\u00fcleyici Londra&#8217;y\u0131 ke\u015ffetme zaman\u0131 geldi.<br \/>\nMisafirlerimize seyahatlerini unutulmaz k\u0131lacak turlar sunmaktay\u0131z.<\/p>\n<p>Londra \u015fehir turlar\u0131m\u0131z:<\/p>\n<p>Birinci program\u0131m\u0131z ;D\u00fcnyaca me\u015fhur Big Ben, Trafalgar Meydan\u0131, Amiral Nelson An\u0131t\u0131,Knights Bridge, Hyde Park,Thames Nehri, Buckingham Palace, Palace of Westminster, National Galery ve Picadilly Circus g\u00f6r\u00fclecek ziyaret edilecek yerler aras\u0131ndad\u0131r.<\/p>\n<p><img decoding=\"async\" loading=\"lazy\" class=\"alignnone size-medium wp-image-164\" src=\"http:\/\/atlantisluxurytravel.co.uk\/wp-content\/uploads\/2018\/03\/x5cgi0ode66q6vuxezqmehmexwer6bt-xlarge-1-300x169.jpg\" alt=\"\" width=\"300\" height=\"169\" srcset=\"https:\/\/atlantisluxurytravel.co.uk\/wp-content\/uploads\/2018\/03\/x5cgi0ode66q6vuxezqmehmexwer6bt-xlarge-1-300x169.jpg 300w, https:\/\/atlantisluxurytravel.co.uk\/wp-content\/uploads\/2018\/03\/x5cgi0ode66q6vuxezqmehmexwer6bt-xlarge-1-768x431.jpg 768w, https:\/\/atlantisluxurytravel.co.uk\/wp-content\/uploads\/2018\/03\/x5cgi0ode66q6vuxezqmehmexwer6bt-xlarge-1-1024x575.jpg 1024w, https:\/\/atlantisluxurytravel.co.uk\/wp-content\/uploads\/2018\/03\/x5cgi0ode66q6vuxezqmehmexwer6bt-xlarge-1-250x140.jpg 250w, https:\/\/atlantisluxurytravel.co.uk\/wp-content\/uploads\/2018\/03\/x5cgi0ode66q6vuxezqmehmexwer6bt-xlarge-1.jpg 1280w\" sizes=\"(max-width: 300px) 100vw, 300px\" \/><\/p>\n<p>\u0130kinci program\u0131m\u0131z&#8217;da Londra&#8217;ya gelip de kat\u0131l\u0131n\u0131mas\u0131 gereken Thames nehri k\u0131y\u0131s\u0131nda devasal bir g\u00f6zlem tekerle\u011fi olan d\u00f6nme dolap &#8220;London Eye&#8221;,pek \u00e7ok \u00fcnl\u00fcn\u00fcn balmumu heykelinin bulundu\u011fu Madam Tussauds M\u00fczesi gezisi ve de Thames Nehri \u00fczerinde tekne ile yap\u0131lacak tur ile tarihi Londra&#8217;y\u0131 daha iyi g\u00f6rme imkan\u0131 yakal\u0131yoruz.<\/p>\n<p><img decoding=\"async\" loading=\"lazy\" class=\"alignnone size-medium wp-image-721\" src=\"http:\/\/atlantisluxurytravel.co.uk\/wp-content\/uploads\/2018\/04\/brett-reeves-202718-unsplash-300x200.jpg\" alt=\"\" width=\"300\" height=\"200\" srcset=\"https:\/\/atlantisluxurytravel.co.uk\/wp-content\/uploads\/2018\/04\/brett-reeves-202718-unsplash-300x200.jpg 300w, https:\/\/atlantisluxurytravel.co.uk\/wp-content\/uploads\/2018\/04\/brett-reeves-202718-unsplash-768x512.jpg 768w, https:\/\/atlantisluxurytravel.co.uk\/wp-content\/uploads\/2018\/04\/brett-reeves-202718-unsplash-1024x683.jpg 1024w, https:\/\/atlantisluxurytravel.co.uk\/wp-content\/uploads\/2018\/04\/brett-reeves-202718-unsplash-225x150.jpg 225w\" sizes=\"(max-width: 300px) 100vw, 300px\" \/><\/p>\n<p>\u00dc\u00e7\u00fcnc\u00fc turumuz ise m\u00fcze tutkunlar\u0131 i\u00e7in,ailecek de ilginizi \u00e7ekecek do\u011fal tarihininin \u00e7e\u015fitli kesimlerinden gelen \u00f6rnekleri geni\u015f bir \u015fekilde sunan Do\u011fal tarih m\u00fczesi ve d\u00fcnyan\u0131n bir \u00e7ok \u00fclkesinden getirilen se\u00e7kin antik \u00e7a\u011f yap\u0131tlar\u0131 ve etno\u011frafik koleksiyonlar\u0131 kapsayan \u0130ngiliz M\u00fczesidir.<\/p>\n<p><img decoding=\"async\" loading=\"lazy\" class=\"alignnone size-medium wp-image-724\" src=\"http:\/\/atlantisluxurytravel.co.uk\/wp-content\/uploads\/2018\/04\/patxi-olaeta-69092-unsplash-resized-300x199.jpg\" alt=\"\" width=\"300\" height=\"199\" srcset=\"https:\/\/atlantisluxurytravel.co.uk\/wp-content\/uploads\/2018\/04\/patxi-olaeta-69092-unsplash-resized-300x199.jpg 300w, https:\/\/atlantisluxurytravel.co.uk\/wp-content\/uploads\/2018\/04\/patxi-olaeta-69092-unsplash-resized-768x511.jpg 768w, https:\/\/atlantisluxurytravel.co.uk\/wp-content\/uploads\/2018\/04\/patxi-olaeta-69092-unsplash-resized-1024x681.jpg 1024w, https:\/\/atlantisluxurytravel.co.uk\/wp-content\/uploads\/2018\/04\/patxi-olaeta-69092-unsplash-resized-226x150.jpg 226w, https:\/\/atlantisluxurytravel.co.uk\/wp-content\/uploads\/2018\/04\/patxi-olaeta-69092-unsplash-resized.jpg 1450w\" sizes=\"(max-width: 300px) 100vw, 300px\" \/><\/p>\n<p>Bize verece\u011finiz bilgiler ve talepler do\u011frultusunda ki\u015fiye \u00f6zel turlar da organize etmekteyiz .<\/p>","protected":false},"excerpt":{"rendered":"<p>Londra Turu \u0130konlar\u0131yla \u00fcnl\u00fc b\u00fcy\u00fcleyici Londra&#8217;y\u0131 ke\u015ffetme zaman\u0131 geldi. Misafirlerimize seyahatlerini unutulmaz k\u0131lacak turlar sunmaktay\u0131z. Londra \u015fehir turlar\u0131m\u0131z: Birinci program\u0131m\u0131z ;D\u00fcnyaca me\u015fhur Big Ben, Trafalgar Meydan\u0131, Amiral Nelson An\u0131t\u0131,Knights Bridge, Hyde Park,Thames Nehri, Buckingham Palace, Palace of Westminster, National Galery ve Picadilly Circus g\u00f6r\u00fclecek ziyaret edilecek yerler aras\u0131ndad\u0131r. \u0130kinci program\u0131m\u0131z&#8217;da Londra&#8217;ya gelip de kat\u0131l\u0131n\u0131mas\u0131 gereken [&hellip;]<\/p>\n","protected":false},"author":1,"featured_media":0,"parent":0,"menu_order":0,"comment_status":"closed","ping_status":"closed","template":"","meta":[],"_links":{"self":[{"href":"https:\/\/atlantisluxurytravel.co.uk\/tr\/wp-json\/wp\/v2\/pages\/85"}],"collection":[{"href":"https:\/\/atlantisluxurytravel.co.uk\/tr\/wp-json\/wp\/v2\/pages"}],"about":[{"href":"https:\/\/atlantisluxurytravel.co.uk\/tr\/wp-json\/wp\/v2\/types\/page"}],"author":[{"embeddable":true,"href":"https:\/\/atlantisluxurytravel.co.uk\/tr\/wp-json\/wp\/v2\/users\/1"}],"replies":[{"embeddable":true,"href":"https:\/\/atlantisluxurytravel.co.uk\/tr\/wp-json\/wp\/v2\/comments?post=85"}],"version-history":[{"count":27,"href":"https:\/\/atlantisluxurytravel.co.uk\/tr\/wp-json\/wp\/v2\/pages\/85\/revisions"}],"predecessor-version":[{"id":751,"href":"https:\/\/atlantisluxurytravel.co.uk\/tr\/wp-json\/wp\/v2\/pages\/85\/revisions\/751"}],"wp:attachment":[{"href":"https:\/\/atlantisluxurytravel.co.uk\/tr\/wp-json\/wp\/v2\/media?parent=85"}],"curies":[{"name":"wp","href":"https:\/\/api.w.org\/{rel}","templated":true}]}}