{"id":798,"date":"2018-05-02T11:34:53","date_gmt":"2018-05-02T08:34:53","guid":{"rendered":"http:\/\/atlantisluxurytravel.co.uk\/?page_id=798"},"modified":"2018-05-07T03:28:26","modified_gmt":"2018-05-07T00:28:26","slug":"m-i-c-e","status":"publish","type":"page","link":"https:\/\/atlantisluxurytravel.co.uk\/tr\/m-i-c-e\/","title":{"rendered":"M.I.C.E."},"content":{"rendered":"<p>Uzman M.I.C.E.kadromuzla her t\u00fcrl\u00fc toplant\u0131, konferans veya di\u011fer etkinlik i\u00e7in kal\u0131c\u0131 bir izlenim yaratan hizmetler vermekteyiz. \u0130\u015fletmenizin, istedi\u011finiz sonu\u00e7lar\u0131 elde eden harika bir forum olu\u015fturmas\u0131na yard\u0131mc\u0131 olmak i\u00e7in deneyimimizi ve yarat\u0131c\u0131 d\u00fc\u015f\u00fcncemizi uygular\u0131z. Havayolu \u015firketleri, oteller, nakliye \u015firketleri ve b\u00f6lgesel yetkililer gibi \u00f6nemli ortaklar\u0131m\u0131zla olan iyi ili\u015fkilerimiz sayesinde lojistik, seyahat ve e\u011flence organizasyonlar\u0131n\u0131 uygun fiyatlarla sa\u011flamaktay\u0131z.<\/p>\n<p><img decoding=\"async\" loading=\"lazy\" class=\"alignnone size-medium wp-image-835\" src=\"http:\/\/atlantisluxurytravel.co.uk\/wp-content\/uploads\/2018\/05\/Rh_Sungate_Conferance_Hall-resized-300x201.jpg\" alt=\"\" width=\"300\" height=\"201\" srcset=\"https:\/\/atlantisluxurytravel.co.uk\/wp-content\/uploads\/2018\/05\/Rh_Sungate_Conferance_Hall-resized-300x201.jpg 300w, https:\/\/atlantisluxurytravel.co.uk\/wp-content\/uploads\/2018\/05\/Rh_Sungate_Conferance_Hall-resized-768x515.jpg 768w, https:\/\/atlantisluxurytravel.co.uk\/wp-content\/uploads\/2018\/05\/Rh_Sungate_Conferance_Hall-resized-1024x686.jpg 1024w, https:\/\/atlantisluxurytravel.co.uk\/wp-content\/uploads\/2018\/05\/Rh_Sungate_Conferance_Hall-resized-224x150.jpg 224w, https:\/\/atlantisluxurytravel.co.uk\/wp-content\/uploads\/2018\/05\/Rh_Sungate_Conferance_Hall-resized.jpg 1600w\" sizes=\"(max-width: 300px) 100vw, 300px\" \/><\/p>\n<p>Grup turlar\u0131n sayesindeki tecr\u00fcbemizle kurumsal etkinliklerin ilham verici d\u00fcnyas\u0131na do\u011fru ilerleyerek,konferanslar\u0131, te\u015fvik toplant\u0131lar\u0131, \u00fcr\u00fcn lansmanlar\u0131 ve \u00f6zel ak\u015fam yemekleri i\u00e7in her \u015feyi y\u00f6netebilmekteyiz.<\/p>\n<p><img decoding=\"async\" loading=\"lazy\" class=\"alignnone size-medium wp-image-837\" src=\"http:\/\/atlantisluxurytravel.co.uk\/wp-content\/uploads\/2018\/05\/Rh_Premium_Belek_Ball_Room_Low-300x206.jpg\" alt=\"\" width=\"300\" height=\"206\" srcset=\"https:\/\/atlantisluxurytravel.co.uk\/wp-content\/uploads\/2018\/05\/Rh_Premium_Belek_Ball_Room_Low-300x206.jpg 300w, https:\/\/atlantisluxurytravel.co.uk\/wp-content\/uploads\/2018\/05\/Rh_Premium_Belek_Ball_Room_Low-768x528.jpg 768w, https:\/\/atlantisluxurytravel.co.uk\/wp-content\/uploads\/2018\/05\/Rh_Premium_Belek_Ball_Room_Low-1024x704.jpg 1024w, https:\/\/atlantisluxurytravel.co.uk\/wp-content\/uploads\/2018\/05\/Rh_Premium_Belek_Ball_Room_Low-218x150.jpg 218w, https:\/\/atlantisluxurytravel.co.uk\/wp-content\/uploads\/2018\/05\/Rh_Premium_Belek_Ball_Room_Low.jpg 1280w\" sizes=\"(max-width: 300px) 100vw, 300px\" \/><\/p>\n<p>Birle\u015fik Krall\u0131k, T\u00fcrkiye, M\u0131s\u0131r ve d\u00fcnyan\u0131n bir\u00e7ok yerinde etkinlik y\u00f6netimi hizmeti veriyoruz. \u00c7ok yetenekli ekiplerimiz, yat\u0131r\u0131m getirinizi en \u00fcst d\u00fczeye \u00e7\u0131karmak i\u00e7in her f\u0131rsatta uzmanl\u0131klar\u0131n\u0131 yarat\u0131c\u0131l\u0131klar\u0131yla ve sekt\u00f6rdeki partneriyle birle\u015ftirmektedir.<\/p>\n<p>\u015eirketimiz, \u00f6zel gala yeme\u011fi partilerinden \u00e7ok uluslu konferanslara kadar her t\u00fcrl\u00fc \u015fekil ve boyutta \u015firket forumlar\u0131n\u0131 organize etme konusunda m\u00fckemmel bir yetene\u011fe sahiptir. Etkinli\u011finiz ister b\u00fcy\u00fck ister k\u00fc\u00e7\u00fck olsun, amac\u0131m\u0131z misafirleriniz geldi\u011fi andan itibaren iyi bir etki yaratmakt\u0131r.\u0130ster personelinize ilham vermek, potansiyel m\u00fc\u015fterilerle ili\u015fkiler kurmak veya isterseniz m\u00fc\u015fterilerinizle yeni bir anla\u015fma yapmay\u0131 arzu edin,her \u015firket etkinli\u011finizi,i\u015finizde hedefe ula\u015fmak i\u00e7in hayati bir f\u0131rsat olarak g\u00f6rmekteyiz.<\/p>","protected":false},"excerpt":{"rendered":"<p>Uzman M.I.C.E.kadromuzla her t\u00fcrl\u00fc toplant\u0131, konferans veya di\u011fer etkinlik i\u00e7in kal\u0131c\u0131 bir izlenim yaratan hizmetler vermekteyiz. \u0130\u015fletmenizin, istedi\u011finiz sonu\u00e7lar\u0131 elde eden harika bir forum olu\u015fturmas\u0131na yard\u0131mc\u0131 olmak i\u00e7in deneyimimizi ve yarat\u0131c\u0131 d\u00fc\u015f\u00fcncemizi uygular\u0131z. Havayolu \u015firketleri, oteller, nakliye \u015firketleri ve b\u00f6lgesel yetkililer gibi \u00f6nemli ortaklar\u0131m\u0131zla olan iyi ili\u015fkilerimiz sayesinde lojistik, seyahat ve e\u011flence organizasyonlar\u0131n\u0131 uygun fiyatlarla [&hellip;]<\/p>\n","protected":false},"author":4,"featured_media":0,"parent":0,"menu_order":0,"comment_status":"closed","ping_status":"closed","template":"","meta":[],"_links":{"self":[{"href":"https:\/\/atlantisluxurytravel.co.uk\/tr\/wp-json\/wp\/v2\/pages\/798"}],"collection":[{"href":"https:\/\/atlantisluxurytravel.co.uk\/tr\/wp-json\/wp\/v2\/pages"}],"about":[{"href":"https:\/\/atlantisluxurytravel.co.uk\/tr\/wp-json\/wp\/v2\/types\/page"}],"author":[{"embeddable":true,"href":"https:\/\/atlantisluxurytravel.co.uk\/tr\/wp-json\/wp\/v2\/users\/4"}],"replies":[{"embeddable":true,"href":"https:\/\/atlantisluxurytravel.co.uk\/tr\/wp-json\/wp\/v2\/comments?post=798"}],"version-history":[{"count":14,"href":"https:\/\/atlantisluxurytravel.co.uk\/tr\/wp-json\/wp\/v2\/pages\/798\/revisions"}],"predecessor-version":[{"id":893,"href":"https:\/\/atlantisluxurytravel.co.uk\/tr\/wp-json\/wp\/v2\/pages\/798\/revisions\/893"}],"wp:attachment":[{"href":"https:\/\/atlantisluxurytravel.co.uk\/tr\/wp-json\/wp\/v2\/media?parent=798"}],"curies":[{"name":"wp","href":"https:\/\/api.w.org\/{rel}","templated":true}]}}