{"id":648,"date":"2018-04-20T16:28:55","date_gmt":"2018-04-20T13:28:55","guid":{"rendered":"http:\/\/atlantisluxurytravel.co.uk\/?page_id=648"},"modified":"2018-04-23T16:08:03","modified_gmt":"2018-04-23T13:08:03","slug":"privileges","status":"publish","type":"page","link":"https:\/\/atlantisluxurytravel.co.uk\/tr\/privileges\/","title":{"rendered":"Ayr\u0131cal\u0131klar\u0131n\u0131z"},"content":{"rendered":"<p>Rixos Sharm El Sheikh &#8216;e yap\u0131lan rezervasyonlar i\u00e7in meyve sepeti hediyedir.<\/p>","protected":false},"excerpt":{"rendered":"<p>Rixos Sharm El Sheikh &#8216;e yap\u0131lan rezervasyonlar i\u00e7in meyve sepeti hediyedir.<\/p>\n","protected":false},"author":1,"featured_media":0,"parent":0,"menu_order":0,"comment_status":"closed","ping_status":"closed","template":"","meta":[],"_links":{"self":[{"href":"https:\/\/atlantisluxurytravel.co.uk\/tr\/wp-json\/wp\/v2\/pages\/648"}],"collection":[{"href":"https:\/\/atlantisluxurytravel.co.uk\/tr\/wp-json\/wp\/v2\/pages"}],"about":[{"href":"https:\/\/atlantisluxurytravel.co.uk\/tr\/wp-json\/wp\/v2\/types\/page"}],"author":[{"embeddable":true,"href":"https:\/\/atlantisluxurytravel.co.uk\/tr\/wp-json\/wp\/v2\/users\/1"}],"replies":[{"embeddable":true,"href":"https:\/\/atlantisluxurytravel.co.uk\/tr\/wp-json\/wp\/v2\/comments?post=648"}],"version-history":[{"count":5,"href":"https:\/\/atlantisluxurytravel.co.uk\/tr\/wp-json\/wp\/v2\/pages\/648\/revisions"}],"predecessor-version":[{"id":697,"href":"https:\/\/atlantisluxurytravel.co.uk\/tr\/wp-json\/wp\/v2\/pages\/648\/revisions\/697"}],"wp:attachment":[{"href":"https:\/\/atlantisluxurytravel.co.uk\/tr\/wp-json\/wp\/v2\/media?parent=648"}],"curies":[{"name":"wp","href":"https:\/\/api.w.org\/{rel}","templated":true}]}}