{"id":63,"date":"2018-03-10T19:57:36","date_gmt":"2018-03-10T16:57:36","guid":{"rendered":"http:\/\/atlantisluxurytravel.co.uk\/?page_id=63"},"modified":"2021-02-25T15:14:21","modified_gmt":"2021-02-25T14:14:21","slug":"contact","status":"publish","type":"page","link":"https:\/\/atlantisluxurytravel.co.uk\/tr\/contact\/","title":{"rendered":"Bize Ula\u015f\u0131n"},"content":{"rendered":"<p>\u0130yi ve g\u00fcvenilir hizmet i\u00e7in do\u011fru adres olan seyahat uzman\u0131n\u0131z Atlantis Luxury Travel&#8217;e ho\u015f geldiniz.<\/p>\n<p><strong>Sorunuz mu var ?<\/strong><\/p>\n<p>Size yard\u0131mc\u0131 olmaktan mutluluk duyar\u0131z.<\/p>\n<p>Atlantis Luxury Travel Ltd<\/p>\n<p>12 Savoy Parade Southbury Road, Enfield,London,United Kingdom,EN1 1RT<\/p>\n<p>Tel:+442032390371<\/p>\n<p>E-mail: info@atlantisluxurytravel.co.uk<\/p>\n<p>Veya ileti\u015fim formumuzu kullan\u0131n.<\/p>","protected":false},"excerpt":{"rendered":"<p>\u0130yi ve g\u00fcvenilir hizmet i\u00e7in do\u011fru adres olan seyahat uzman\u0131n\u0131z Atlantis Luxury Travel&#8217;e ho\u015f geldiniz. Sorunuz mu var ? Size yard\u0131mc\u0131 olmaktan mutluluk duyar\u0131z. Atlantis Luxury Travel Ltd 12 Savoy Parade Southbury Road, Enfield,London,United Kingdom,EN1 1RT Tel:+442032390371 E-mail: info@atlantisluxurytravel.co.uk Veya ileti\u015fim formumuzu kullan\u0131n.<\/p>\n","protected":false},"author":1,"featured_media":0,"parent":0,"menu_order":0,"comment_status":"closed","ping_status":"closed","template":"","meta":[],"_links":{"self":[{"href":"https:\/\/atlantisluxurytravel.co.uk\/tr\/wp-json\/wp\/v2\/pages\/63"}],"collection":[{"href":"https:\/\/atlantisluxurytravel.co.uk\/tr\/wp-json\/wp\/v2\/pages"}],"about":[{"href":"https:\/\/atlantisluxurytravel.co.uk\/tr\/wp-json\/wp\/v2\/types\/page"}],"author":[{"embeddable":true,"href":"https:\/\/atlantisluxurytravel.co.uk\/tr\/wp-json\/wp\/v2\/users\/1"}],"replies":[{"embeddable":true,"href":"https:\/\/atlantisluxurytravel.co.uk\/tr\/wp-json\/wp\/v2\/comments?post=63"}],"version-history":[{"count":27,"href":"https:\/\/atlantisluxurytravel.co.uk\/tr\/wp-json\/wp\/v2\/pages\/63\/revisions"}],"predecessor-version":[{"id":1871,"href":"https:\/\/atlantisluxurytravel.co.uk\/tr\/wp-json\/wp\/v2\/pages\/63\/revisions\/1871"}],"wp:attachment":[{"href":"https:\/\/atlantisluxurytravel.co.uk\/tr\/wp-json\/wp\/v2\/media?parent=63"}],"curies":[{"name":"wp","href":"https:\/\/api.w.org\/{rel}","templated":true}]}}