{"id":6,"date":"2018-03-07T14:31:18","date_gmt":"2018-03-07T11:31:18","guid":{"rendered":"http:\/\/atlantisluxurytravel.co.uk\/?page_id=6"},"modified":"2022-05-13T22:54:06","modified_gmt":"2022-05-13T21:54:06","slug":"glavnaya","status":"publish","type":"page","link":"https:\/\/atlantisluxurytravel.co.uk\/tr\/","title":{"rendered":"Index"},"content":{"rendered":"<p><\/p>\n<h2>Birle\u015fik Krall\u0131k<\/h2>\n<p>Birle\u015fik Krall\u0131k (\u0130ngiltere) ya da Britanya olarak bilinen B\u00fcy\u00fck Britanya ve Kuzey \u0130rlanda Birle\u015fik Krall\u0131\u011f\u0131, Bat\u0131 Avrupa&#8217;da egemen bir \u00fclkedir. Avrupa anakaras\u0131n\u0131n kuzey-bat\u0131 sahilinde uzanan \u0130ngiltere, B\u00fcy\u00fck Britanya adas\u0131n\u0131, \u0130rlanda adas\u0131n\u0131n kuzeydo\u011fu b\u00f6l\u00fcm\u00fcn\u00fc ve daha k\u00fc\u00e7\u00fck adalar\u0131 i\u00e7erir.<\/p>\n<p>Kuzey \u0130rlanda, Birle\u015fik Krall\u0131k&#8217;\u0131n ba\u015fka bir ba\u011f\u0131ms\u0131z devletle (\u0130rlanda Cumhuriyeti) bir kara s\u0131n\u0131r\u0131n\u0131 payla\u015fan tek par\u00e7as\u0131d\u0131r. Bu kara s\u0131n\u0131r\u0131n\u0131n yan\u0131 s\u0131ra, \u0130ngiltere, Kuzey Denizi&#8217;nin do\u011fusuyla, g\u00fcneyindeki \u0130ngiliz Kanal\u0131 ve g\u00fcney-g\u00fcneybat\u0131s\u0131ndaki Kelt Denizi ile Atlantik Okyanusu ile \u00e7evrilidir. d\u00fcnya. \u0130rlanda Denizi, B\u00fcy\u00fck Britanya ve \u0130rlanda aras\u0131nda yer almaktad\u0131r. \u0130ngiltere, 242.500 kilometrekarelik bir alan\u0131 (93.600 m\u00b2) ile d\u00fcnyan\u0131n en b\u00fcy\u00fck 78. ve Avrupa&#8217;n\u0131n en b\u00fcy\u00fck 11. eyaletidir. Ayn\u0131 zamanda 65,5 milyon n\u00fcfusu ile 21&#8217;inci en kalabal\u0131k \u00fclkesidir. Bu birlikte, bu onu Avrupa Birli\u011fi&#8217;nde (AB) d\u00f6rd\u00fcnc\u00fc en yo\u011fun n\u00fcfuslu \u00fclke yapar.<\/p>\n<p><a href=\"\/bespoke-packages\/\">t\u00fcm turlar<\/a><\/p>","protected":false},"excerpt":{"rendered":"<p>Birle\u015fik Krall\u0131k Birle\u015fik Krall\u0131k (\u0130ngiltere) ya da Britanya olarak bilinen B\u00fcy\u00fck Britanya ve Kuzey \u0130rlanda Birle\u015fik Krall\u0131\u011f\u0131, Bat\u0131 Avrupa&#8217;da egemen bir \u00fclkedir. Avrupa anakaras\u0131n\u0131n kuzey-bat\u0131 sahilinde uzanan \u0130ngiltere, B\u00fcy\u00fck Britanya adas\u0131n\u0131, \u0130rlanda adas\u0131n\u0131n kuzeydo\u011fu b\u00f6l\u00fcm\u00fcn\u00fc ve daha k\u00fc\u00e7\u00fck adalar\u0131 i\u00e7erir. Kuzey \u0130rlanda, Birle\u015fik Krall\u0131k&#8217;\u0131n ba\u015fka bir ba\u011f\u0131ms\u0131z devletle (\u0130rlanda Cumhuriyeti) bir kara s\u0131n\u0131r\u0131n\u0131 payla\u015fan tek [&hellip;]<\/p>\n","protected":false},"author":1,"featured_media":0,"parent":0,"menu_order":0,"comment_status":"closed","ping_status":"closed","template":"","meta":[],"_links":{"self":[{"href":"https:\/\/atlantisluxurytravel.co.uk\/tr\/wp-json\/wp\/v2\/pages\/6"}],"collection":[{"href":"https:\/\/atlantisluxurytravel.co.uk\/tr\/wp-json\/wp\/v2\/pages"}],"about":[{"href":"https:\/\/atlantisluxurytravel.co.uk\/tr\/wp-json\/wp\/v2\/types\/page"}],"author":[{"embeddable":true,"href":"https:\/\/atlantisluxurytravel.co.uk\/tr\/wp-json\/wp\/v2\/users\/1"}],"replies":[{"embeddable":true,"href":"https:\/\/atlantisluxurytravel.co.uk\/tr\/wp-json\/wp\/v2\/comments?post=6"}],"version-history":[{"count":65,"href":"https:\/\/atlantisluxurytravel.co.uk\/tr\/wp-json\/wp\/v2\/pages\/6\/revisions"}],"predecessor-version":[{"id":1980,"href":"https:\/\/atlantisluxurytravel.co.uk\/tr\/wp-json\/wp\/v2\/pages\/6\/revisions\/1980"}],"wp:attachment":[{"href":"https:\/\/atlantisluxurytravel.co.uk\/tr\/wp-json\/wp\/v2\/media?parent=6"}],"curies":[{"name":"wp","href":"https:\/\/api.w.org\/{rel}","templated":true}]}}