{"id":459,"date":"2018-03-28T18:53:53","date_gmt":"2018-03-28T15:53:53","guid":{"rendered":"http:\/\/atlantisluxurytravel.co.uk\/?page_id=459"},"modified":"2020-07-21T15:21:58","modified_gmt":"2020-07-21T14:21:58","slug":"flights","status":"publish","type":"page","link":"https:\/\/atlantisluxurytravel.co.uk\/tr\/flights\/","title":{"rendered":"U\u00c7AK B\u0130LET\u0130"},"content":{"rendered":"<p>Milyonlarca u\u00e7ak bileti se\u00e7ene\u011fini ana sayfam\u0131zdaki arama motoru sayesinde en uygun, ucuz fiyata kolayca <a href=\"https:\/\/atlantisluxurytravel.co.uk\/tr\">rezerve<\/a> edebilirsiniz.<\/p>\n<p><img decoding=\"async\" loading=\"lazy\" class=\"alignnone size-medium wp-image-521\" src=\"http:\/\/atlantisluxurytravel.co.uk\/wp-content\/uploads\/2018\/04\/ng-7976-unsplash-resize-300x199.jpg\" alt=\"\" width=\"300\" height=\"199\" srcset=\"https:\/\/atlantisluxurytravel.co.uk\/wp-content\/uploads\/2018\/04\/ng-7976-unsplash-resize-300x199.jpg 300w, https:\/\/atlantisluxurytravel.co.uk\/wp-content\/uploads\/2018\/04\/ng-7976-unsplash-resize-768x510.jpg 768w, https:\/\/atlantisluxurytravel.co.uk\/wp-content\/uploads\/2018\/04\/ng-7976-unsplash-resize-1024x680.jpg 1024w, https:\/\/atlantisluxurytravel.co.uk\/wp-content\/uploads\/2018\/04\/ng-7976-unsplash-resize-226x150.jpg 226w, https:\/\/atlantisluxurytravel.co.uk\/wp-content\/uploads\/2018\/04\/ng-7976-unsplash-resize.jpg 1650w\" sizes=\"(max-width: 300px) 100vw, 300px\" \/><\/p>\n<p>&nbsp;<\/p>","protected":false},"excerpt":{"rendered":"<p>Milyonlarca u\u00e7ak bileti se\u00e7ene\u011fini ana sayfam\u0131zdaki arama motoru sayesinde en uygun, ucuz fiyata kolayca rezerve edebilirsiniz. &nbsp;<\/p>\n","protected":false},"author":4,"featured_media":0,"parent":0,"menu_order":0,"comment_status":"closed","ping_status":"closed","template":"","meta":[],"_links":{"self":[{"href":"https:\/\/atlantisluxurytravel.co.uk\/tr\/wp-json\/wp\/v2\/pages\/459"}],"collection":[{"href":"https:\/\/atlantisluxurytravel.co.uk\/tr\/wp-json\/wp\/v2\/pages"}],"about":[{"href":"https:\/\/atlantisluxurytravel.co.uk\/tr\/wp-json\/wp\/v2\/types\/page"}],"author":[{"embeddable":true,"href":"https:\/\/atlantisluxurytravel.co.uk\/tr\/wp-json\/wp\/v2\/users\/4"}],"replies":[{"embeddable":true,"href":"https:\/\/atlantisluxurytravel.co.uk\/tr\/wp-json\/wp\/v2\/comments?post=459"}],"version-history":[{"count":13,"href":"https:\/\/atlantisluxurytravel.co.uk\/tr\/wp-json\/wp\/v2\/pages\/459\/revisions"}],"predecessor-version":[{"id":1791,"href":"https:\/\/atlantisluxurytravel.co.uk\/tr\/wp-json\/wp\/v2\/pages\/459\/revisions\/1791"}],"wp:attachment":[{"href":"https:\/\/atlantisluxurytravel.co.uk\/tr\/wp-json\/wp\/v2\/media?parent=459"}],"curies":[{"name":"wp","href":"https:\/\/api.w.org\/{rel}","templated":true}]}}