{"id":456,"date":"2018-03-28T18:52:25","date_gmt":"2018-03-28T15:52:25","guid":{"rendered":"http:\/\/atlantisluxurytravel.co.uk\/?page_id=456"},"modified":"2018-08-30T10:33:25","modified_gmt":"2018-08-30T07:33:25","slug":"hotels","status":"publish","type":"page","link":"https:\/\/atlantisluxurytravel.co.uk\/tr\/hotels\/","title":{"rendered":"OTELLER"},"content":{"rendered":"<p>Ana sayfam\u0131zdaki arama motoru sayesinde onbinlerce otel aras\u0131ndan istedi\u011finiz oteli en avantajl\u0131 fiyata kolayca rezerve edebilirsiniz.<\/p>\n<p><img decoding=\"async\" loading=\"lazy\" class=\"alignnone size-medium wp-image-1292\" src=\"https:\/\/atlantisluxurytravel.co.uk\/wp-content\/uploads\/2018\/07\/allen-dewberry-jr-328600-unsplash-resized-300x225.jpg\" alt=\"Hotel View Sea Bay Ocean Coral Book Pool Palms Room\" width=\"300\" height=\"225\" srcset=\"https:\/\/atlantisluxurytravel.co.uk\/wp-content\/uploads\/2018\/07\/allen-dewberry-jr-328600-unsplash-resized-300x225.jpg 300w, https:\/\/atlantisluxurytravel.co.uk\/wp-content\/uploads\/2018\/07\/allen-dewberry-jr-328600-unsplash-resized-768x576.jpg 768w, https:\/\/atlantisluxurytravel.co.uk\/wp-content\/uploads\/2018\/07\/allen-dewberry-jr-328600-unsplash-resized-1024x768.jpg 1024w, https:\/\/atlantisluxurytravel.co.uk\/wp-content\/uploads\/2018\/07\/allen-dewberry-jr-328600-unsplash-resized-200x150.jpg 200w\" sizes=\"(max-width: 300px) 100vw, 300px\" \/><\/p>","protected":false},"excerpt":{"rendered":"<p>Ana sayfam\u0131zdaki arama motoru sayesinde onbinlerce otel aras\u0131ndan istedi\u011finiz oteli en avantajl\u0131 fiyata kolayca rezerve edebilirsiniz.<\/p>\n","protected":false},"author":4,"featured_media":0,"parent":0,"menu_order":0,"comment_status":"closed","ping_status":"closed","template":"","meta":[],"_links":{"self":[{"href":"https:\/\/atlantisluxurytravel.co.uk\/tr\/wp-json\/wp\/v2\/pages\/456"}],"collection":[{"href":"https:\/\/atlantisluxurytravel.co.uk\/tr\/wp-json\/wp\/v2\/pages"}],"about":[{"href":"https:\/\/atlantisluxurytravel.co.uk\/tr\/wp-json\/wp\/v2\/types\/page"}],"author":[{"embeddable":true,"href":"https:\/\/atlantisluxurytravel.co.uk\/tr\/wp-json\/wp\/v2\/users\/4"}],"replies":[{"embeddable":true,"href":"https:\/\/atlantisluxurytravel.co.uk\/tr\/wp-json\/wp\/v2\/comments?post=456"}],"version-history":[{"count":7,"href":"https:\/\/atlantisluxurytravel.co.uk\/tr\/wp-json\/wp\/v2\/pages\/456\/revisions"}],"predecessor-version":[{"id":1293,"href":"https:\/\/atlantisluxurytravel.co.uk\/tr\/wp-json\/wp\/v2\/pages\/456\/revisions\/1293"}],"wp:attachment":[{"href":"https:\/\/atlantisluxurytravel.co.uk\/tr\/wp-json\/wp\/v2\/media?parent=456"}],"curies":[{"name":"wp","href":"https:\/\/api.w.org\/{rel}","templated":true}]}}