{"id":351,"date":"2018-03-22T12:04:04","date_gmt":"2018-03-22T09:04:04","guid":{"rendered":"http:\/\/atlantisluxurytravel.co.uk\/?page_id=351"},"modified":"2018-04-30T01:09:41","modified_gmt":"2018-04-29T22:09:41","slug":"diving-in-red-sea","status":"publish","type":"page","link":"https:\/\/atlantisluxurytravel.co.uk\/tr\/diving-in-red-sea\/","title":{"rendered":"K\u0131z\u0131ldeniz&#8217;de Dal\u0131\u015f"},"content":{"rendered":"<p>T\u00fcm y\u0131l boyunca g\u00fcne\u015fin \u0131\u015f\u0131ldad\u0131\u011f\u0131 K\u0131z\u0131l Deniz, parlak sualt\u0131 d\u00fcnyas\u0131na zevkli bir dal\u0131\u015f yapmak, zengin resifleri ve mercanlar\u0131 seyretmek, Ras Muhammed ve Elfinstone gibi \u00fcnl\u00fc dal\u0131\u015f yerlerini kay\u0131t defterinize eklemek i\u00e7in m\u00fckemmel bir yerdir,ayr\u0131ca \u00fcnl\u00fc SS Thistlegorm gibi bat\u0131k gemilerin s\u0131rlar\u0131n\u0131 ke\u015ffedebilirsiniz. Burada, kaplumba\u011falar, yunuslar, farkl\u0131 bi\u00e7imlerde yumu\u015fak ve sert mercanlar\u0131 ve resif bal\u0131klar\u0131n\u0131n rengarenk, farkl\u0131 b\u00fcy\u00fckl\u00fckteki, \u015fekildeki \u00e7e\u015fitlerini ve de egzotik deniz ya\u015fam\u0131n\u0131 g\u00f6rmek i\u00e7in ger\u00e7ek bir f\u0131rsata sahip olacaks\u0131n\u0131z.<\/p>\n<p><img decoding=\"async\" loading=\"lazy\" class=\"size-medium wp-image-779\" src=\"http:\/\/atlantisluxurytravel.co.uk\/wp-content\/uploads\/2018\/04\/P1010181-300x225.jpg\" alt=\"\" width=\"300\" height=\"225\" srcset=\"https:\/\/atlantisluxurytravel.co.uk\/wp-content\/uploads\/2018\/04\/P1010181-300x225.jpg 300w, https:\/\/atlantisluxurytravel.co.uk\/wp-content\/uploads\/2018\/04\/P1010181-768x576.jpg 768w, https:\/\/atlantisluxurytravel.co.uk\/wp-content\/uploads\/2018\/04\/P1010181-1024x768.jpg 1024w, https:\/\/atlantisluxurytravel.co.uk\/wp-content\/uploads\/2018\/04\/P1010181-200x150.jpg 200w\" sizes=\"(max-width: 300px) 100vw, 300px\" \/><\/p>\n<p>K\u0131z\u0131ldeniz&#8217;de en y\u00fcksek kaliteli dal\u0131\u015f\u0131 sunmaktay\u0131z. Partnerimiz olan Dal\u0131\u015f Okulu&#8217;nda ki , e\u011fitmenlerimizin son derece profosyonel,e\u011fitimli ve tecr\u00fcbeli olduklar\u0131n\u0131 bilerek tamamen rahatlayabilirsiniz. Dal\u0131\u015f merkezi PADI \/ SSI taraf\u0131ndan onaylanm\u0131\u015f \u00fcst\u00fcn seviyede e\u011fitim ve profesyonel hizmet verdi\u011fi anlam\u0131na da gelen sertifikalara sahiptir.<\/p>\n<p><img decoding=\"async\" loading=\"lazy\" class=\"alignnone size-medium wp-image-778\" src=\"http:\/\/atlantisluxurytravel.co.uk\/wp-content\/uploads\/2018\/04\/MG_3885-resiezed-300x200.jpg\" alt=\"\" width=\"300\" height=\"200\" srcset=\"https:\/\/atlantisluxurytravel.co.uk\/wp-content\/uploads\/2018\/04\/MG_3885-resiezed-300x200.jpg 300w, https:\/\/atlantisluxurytravel.co.uk\/wp-content\/uploads\/2018\/04\/MG_3885-resiezed-768x512.jpg 768w, https:\/\/atlantisluxurytravel.co.uk\/wp-content\/uploads\/2018\/04\/MG_3885-resiezed-1024x683.jpg 1024w, https:\/\/atlantisluxurytravel.co.uk\/wp-content\/uploads\/2018\/04\/MG_3885-resiezed-225x150.jpg 225w\" sizes=\"(max-width: 300px) 100vw, 300px\" \/><\/p>\n<p>K\u0131z\u0131ldeniz Dal\u0131\u015f safari<\/p>\n<p>Safari tekneleriyle konforlu \u015fekilde yolal\u0131rken Ras Mohammed&#8217;den G\u00fcney b\u00f6lgesine uzanan g\u00fczerg\u00e2hta dal\u0131\u015f yaparken bat\u0131k gemilere ve mercanlara hayran kalacaks\u0131n\u0131z.Dal\u0131\u015f rehberlerimiz size en iyi dal\u0131\u015f yerlerinde e\u015flik edecek ve brifing esnas\u0131nda ve dal\u0131\u015ftan sonra ilginizi \u00e7ekecek konular\u0131 ve bilgilerini sizlerle payla\u015facaklard\u0131r. Safari Hurghada ve \u015earm El-\u015eeyh limanlardan hareket etmektedir.<\/p>\n<p><img decoding=\"async\" loading=\"lazy\" class=\"alignnone size-medium wp-image-780\" src=\"http:\/\/atlantisluxurytravel.co.uk\/wp-content\/uploads\/2018\/04\/Under-water547-300x225.jpg\" alt=\"\" width=\"300\" height=\"225\" srcset=\"https:\/\/atlantisluxurytravel.co.uk\/wp-content\/uploads\/2018\/04\/Under-water547-300x225.jpg 300w, https:\/\/atlantisluxurytravel.co.uk\/wp-content\/uploads\/2018\/04\/Under-water547-768x576.jpg 768w, https:\/\/atlantisluxurytravel.co.uk\/wp-content\/uploads\/2018\/04\/Under-water547-1024x768.jpg 1024w, https:\/\/atlantisluxurytravel.co.uk\/wp-content\/uploads\/2018\/04\/Under-water547-200x150.jpg 200w\" sizes=\"(max-width: 300px) 100vw, 300px\" \/><\/p>\n<p>Size \u00f6zel profesyonel dal\u0131\u015f &amp; seyahat program\u0131 sunmam\u0131z i\u00e7in bizimle ileti\u015fime ge\u00e7meniz yeterlidir.<\/p>","protected":false},"excerpt":{"rendered":"<p>T\u00fcm y\u0131l boyunca g\u00fcne\u015fin \u0131\u015f\u0131ldad\u0131\u011f\u0131 K\u0131z\u0131l Deniz, parlak sualt\u0131 d\u00fcnyas\u0131na zevkli bir dal\u0131\u015f yapmak, zengin resifleri ve mercanlar\u0131 seyretmek, Ras Muhammed ve Elfinstone gibi \u00fcnl\u00fc dal\u0131\u015f yerlerini kay\u0131t defterinize eklemek i\u00e7in m\u00fckemmel bir yerdir,ayr\u0131ca \u00fcnl\u00fc SS Thistlegorm gibi bat\u0131k gemilerin s\u0131rlar\u0131n\u0131 ke\u015ffedebilirsiniz. Burada, kaplumba\u011falar, yunuslar, farkl\u0131 bi\u00e7imlerde yumu\u015fak ve sert mercanlar\u0131 ve resif bal\u0131klar\u0131n\u0131n rengarenk, [&hellip;]<\/p>\n","protected":false},"author":5,"featured_media":0,"parent":0,"menu_order":0,"comment_status":"closed","ping_status":"closed","template":"","meta":[],"_links":{"self":[{"href":"https:\/\/atlantisluxurytravel.co.uk\/tr\/wp-json\/wp\/v2\/pages\/351"}],"collection":[{"href":"https:\/\/atlantisluxurytravel.co.uk\/tr\/wp-json\/wp\/v2\/pages"}],"about":[{"href":"https:\/\/atlantisluxurytravel.co.uk\/tr\/wp-json\/wp\/v2\/types\/page"}],"author":[{"embeddable":true,"href":"https:\/\/atlantisluxurytravel.co.uk\/tr\/wp-json\/wp\/v2\/users\/5"}],"replies":[{"embeddable":true,"href":"https:\/\/atlantisluxurytravel.co.uk\/tr\/wp-json\/wp\/v2\/comments?post=351"}],"version-history":[{"count":17,"href":"https:\/\/atlantisluxurytravel.co.uk\/tr\/wp-json\/wp\/v2\/pages\/351\/revisions"}],"predecessor-version":[{"id":796,"href":"https:\/\/atlantisluxurytravel.co.uk\/tr\/wp-json\/wp\/v2\/pages\/351\/revisions\/796"}],"wp:attachment":[{"href":"https:\/\/atlantisluxurytravel.co.uk\/tr\/wp-json\/wp\/v2\/media?parent=351"}],"curies":[{"name":"wp","href":"https:\/\/api.w.org\/{rel}","templated":true}]}}