{"id":347,"date":"2018-03-22T11:53:55","date_gmt":"2018-03-22T08:53:55","guid":{"rendered":"http:\/\/atlantisluxurytravel.co.uk\/?page_id=347"},"modified":"2018-05-01T00:58:05","modified_gmt":"2018-04-30T21:58:05","slug":"%d0%ba%d1%80%d1%83%d0%b8%d0%b7-%d0%bf%d0%be-%d0%bd%d0%b8%d0%bb%d1%83","status":"publish","type":"page","link":"https:\/\/atlantisluxurytravel.co.uk\/tr\/%d0%ba%d1%80%d1%83%d0%b8%d0%b7-%d0%bf%d0%be-%d0%bd%d0%b8%d0%bb%d1%83\/","title":{"rendered":"Nil Turu"},"content":{"rendered":"<p>Gizemli M\u0131s\u0131r &#8216;\u0131n antik \u015fehirlerine ger\u00e7ekle\u015ftirece\u011fimiz Nil Nehri \u00fczerinde yapaca\u011f\u0131m\u0131z gezimize ba\u015flamak \u00fczere 5 y\u0131ld\u0131z otel hizmeti veren gemiye giderek kabinlerimize yerle\u015fiyoruz. \u00d6\u011fle yeme\u011fimizin ard\u0131ndan Karnak ve Luxor Tap\u0131naklar\u0131\u2019n\u0131 g\u00f6rmeye gidiyoruz. Y\u00fczy\u0131llar boyunca firavunlar\u0131n \u00e7e\u015fitli eklemeleri ile M\u0131s\u0131r\u2019\u0131n ve d\u00fcnyan\u0131n en b\u00fcy\u00fck tap\u0131na\u011f\u0131 haline gelen ve antik M\u0131s\u0131r boyunca bilimsel, politik ve ekonomik bir merkez olan Karnak Tap\u0131na\u011f\u0131\u2019n\u0131 geziyoruz,ard\u0131ndan antik Thebes Kenti\u2019nin kalbine in\u015fa edilmi\u015f olan Luxor Tap\u0131na\u011f\u0131\u2019n\u0131 geziyoruz. Gezimizin ard\u0131ndan ak\u015fam yeme\u011fi i\u00e7in gemiye d\u00f6n\u00fcyor ve gemide konakl\u0131yoruz.<\/p>\n<p><img decoding=\"async\" loading=\"lazy\" class=\"alignnone size-medium wp-image-768\" src=\"http:\/\/atlantisluxurytravel.co.uk\/wp-content\/uploads\/2018\/04\/DSC09827resized-300x225.jpg\" alt=\"\" width=\"300\" height=\"225\" srcset=\"https:\/\/atlantisluxurytravel.co.uk\/wp-content\/uploads\/2018\/04\/DSC09827resized-300x225.jpg 300w, https:\/\/atlantisluxurytravel.co.uk\/wp-content\/uploads\/2018\/04\/DSC09827resized-768x576.jpg 768w, https:\/\/atlantisluxurytravel.co.uk\/wp-content\/uploads\/2018\/04\/DSC09827resized-1024x768.jpg 1024w, https:\/\/atlantisluxurytravel.co.uk\/wp-content\/uploads\/2018\/04\/DSC09827resized-200x150.jpg 200w\" sizes=\"(max-width: 300px) 100vw, 300px\" \/><\/p>\n<p>\u0130kinci g\u00fcn:gemide kahvalt\u0131 sonras\u0131nda; Antik M\u0131s\u0131r\u2019da 18.Hanedan d\u00f6neminde h\u00fck\u00fcm s\u00fcrm\u00fc\u015f olan kad\u0131n firavuna ait olan Hat\u015fepsut Tap\u0131na\u011f\u0131, devasal Memnon Heykelleri ile Krallar Vadisi gezimiz olacak. Gemide alaca\u011f\u0131m\u0131z \u00f6\u011fle yeme\u011fi sonras\u0131 nehirde Esna \u00fczerinden Edfu\u2019ya do\u011fru yol al\u0131yoruz. Nil Nehri k\u0131y\u0131s\u0131nda kurulmu\u015f, y\u0131llarca zarar g\u00f6rmeden kumlar alt\u0131nda kald\u0131ktan sonra yeniden g\u00fcn \u0131\u015f\u0131\u011f\u0131na \u00e7\u0131kart\u0131lm\u0131\u015f Edfu Tap\u0131na\u011f\u0131\u2019n\u0131 geziyoruz. Ak\u015fam yeme\u011fi ve geceleme i\u00e7in gemimize geri d\u00f6n\u00fcyoruz.<\/p>\n<p>\u00dc\u00e7\u00fcnc\u00fc g\u00fcn: gemide ki kahvalt\u0131 sonras\u0131 Nil Nehri\u2019nde muhte\u015fem manzaralar e\u015fli\u011finde Kom Ombo\u2019ya do\u011fru yol alaca\u011f\u0131z. Antik d\u00f6nem t\u0131p aletlerinin duvarlar\u0131ndaki grav\u00fcrlere i\u015flendi\u011fi, antik t\u0131p merkezi Kom Ombo Tap\u0131na\u011f\u0131 gezilecektir. Gezimizin ard\u0131ndan Nil Nehri \u00fczerinden Aswan\u2019a do\u011fru devam edece\u011fiz. \u00d6\u011fle ve ak\u015fam yeme\u011fi ile konaklama gemide olacakt\u0131r.<\/p>\n<p><img decoding=\"async\" loading=\"lazy\" class=\"alignnone size-medium wp-image-773\" src=\"http:\/\/atlantisluxurytravel.co.uk\/wp-content\/uploads\/2018\/04\/DSC09875-resized-225x300.jpg\" alt=\"\" width=\"225\" height=\"300\" srcset=\"https:\/\/atlantisluxurytravel.co.uk\/wp-content\/uploads\/2018\/04\/DSC09875-resized-225x300.jpg 225w, https:\/\/atlantisluxurytravel.co.uk\/wp-content\/uploads\/2018\/04\/DSC09875-resized-768x1024.jpg 768w, https:\/\/atlantisluxurytravel.co.uk\/wp-content\/uploads\/2018\/04\/DSC09875-resized-113x150.jpg 113w\" sizes=\"(max-width: 225px) 100vw, 225px\" \/><\/p>\n<p>D\u00f6rd\u00fcnc\u00fc g\u00fcn: ekstra \u00fccret kar\u015f\u0131l\u0131\u011f\u0131 sunulan Abu Simbel turuna sabaha kar\u015f\u0131 erkenden ( saat 03:00 civar\u0131) hareketle \u00f6zel otob\u00fcs\u00fcm\u00fczle Abu Simbel\u2019e gidece\u011fiz. Yakla\u015f\u0131k 3 saatlik yolculuktan sonra Abu Simbel\u2019e var\u0131yoruz. Burada biri 2. Ramses\u2019e di\u011feri de e\u015fi Nefertari\u2019ye ait, mimarl\u0131k harikas\u0131 bir \u00c7ift Tap\u0131naklar\u0131 ziyaret edece\u011fiz. Abu Simbel belki de M\u0131s\u0131r hat\u0131ralar\u0131n\u0131z\u0131n en unutulmaz k\u0131sm\u0131n\u0131 olu\u015fturacak, u\u00e7suz bucaks\u0131z \u00e7\u00f6lde g\u00fcne\u015fin muhte\u015fem do\u011fu\u015funa tan\u0131k olacaks\u0131n\u0131z. Nasr Baraj G\u00f6l\u00fc\u2019n\u00fcn sular\u0131 alt\u0131nda kalaca\u011f\u0131 i\u00e7in, orijinal yerinden oldu\u011fu gibi kald\u0131r\u0131larak, daha y\u00fcksekte ki bu g\u00fcnk\u00fc yerine ta\u015f\u0131nan, 2.Ramses`in kendisi ve e\u015fi Nefertari i\u00e7in yapt\u0131rm\u0131\u015f oldu\u011fu ve baraj sular\u0131 alt\u0131nda kalmamas\u0131 i\u00e7in binlerce par\u00e7a ta\u015f\u0131n tek tek ta\u015f\u0131nd\u0131\u011f\u0131 Abu Simbel Tap\u0131na\u011f\u0131 ziyareti sonunda Aswan\u2019a geri d\u00f6n\u00fcyoruz. D\u00f6n\u00fc\u015f yolunda Aswan Baraj\u0131, Bitmemi\u015f Obelisk (Dikilita\u015f) ve Philae Tap\u0131na\u011f\u0131 g\u00f6rece\u011fimiz yerler aras\u0131nda olacakt\u0131r. \u00d6\u011fleden sonra yerel motorsuz yelkenli tekne Fellucca\u2019larla Nil Nehri \u00fczerinde keyifli bir gezi yapaca\u011f\u0131z. \u00d6\u011fle ve ak\u015fam yeme\u011fi ile konaklama gemide olacakt\u0131r.<\/p>\n<p><img decoding=\"async\" loading=\"lazy\" class=\"alignnone size-medium wp-image-769\" src=\"http:\/\/atlantisluxurytravel.co.uk\/wp-content\/uploads\/2018\/04\/DSC09984-reziezed-300x225.jpg\" alt=\"\" width=\"300\" height=\"225\" srcset=\"https:\/\/atlantisluxurytravel.co.uk\/wp-content\/uploads\/2018\/04\/DSC09984-reziezed-300x225.jpg 300w, https:\/\/atlantisluxurytravel.co.uk\/wp-content\/uploads\/2018\/04\/DSC09984-reziezed-768x576.jpg 768w, https:\/\/atlantisluxurytravel.co.uk\/wp-content\/uploads\/2018\/04\/DSC09984-reziezed-1024x768.jpg 1024w, https:\/\/atlantisluxurytravel.co.uk\/wp-content\/uploads\/2018\/04\/DSC09984-reziezed-200x150.jpg 200w\" sizes=\"(max-width: 300px) 100vw, 300px\" \/><\/p>\n<p>Be\u015finci g\u00fcn:gemide alaca\u011f\u0131m\u0131z kahvalt\u0131 sonras\u0131nda Aswan Havaliman\u0131\u2019na transferiniz organize edilmektedir.<\/p>","protected":false},"excerpt":{"rendered":"<p>Gizemli M\u0131s\u0131r &#8216;\u0131n antik \u015fehirlerine ger\u00e7ekle\u015ftirece\u011fimiz Nil Nehri \u00fczerinde yapaca\u011f\u0131m\u0131z gezimize ba\u015flamak \u00fczere 5 y\u0131ld\u0131z otel hizmeti veren gemiye giderek kabinlerimize yerle\u015fiyoruz. \u00d6\u011fle yeme\u011fimizin ard\u0131ndan Karnak ve Luxor Tap\u0131naklar\u0131\u2019n\u0131 g\u00f6rmeye gidiyoruz. Y\u00fczy\u0131llar boyunca firavunlar\u0131n \u00e7e\u015fitli eklemeleri ile M\u0131s\u0131r\u2019\u0131n ve d\u00fcnyan\u0131n en b\u00fcy\u00fck tap\u0131na\u011f\u0131 haline gelen ve antik M\u0131s\u0131r boyunca bilimsel, politik ve ekonomik bir merkez [&hellip;]<\/p>\n","protected":false},"author":5,"featured_media":0,"parent":0,"menu_order":0,"comment_status":"closed","ping_status":"closed","template":"","meta":[],"_links":{"self":[{"href":"https:\/\/atlantisluxurytravel.co.uk\/tr\/wp-json\/wp\/v2\/pages\/347"}],"collection":[{"href":"https:\/\/atlantisluxurytravel.co.uk\/tr\/wp-json\/wp\/v2\/pages"}],"about":[{"href":"https:\/\/atlantisluxurytravel.co.uk\/tr\/wp-json\/wp\/v2\/types\/page"}],"author":[{"embeddable":true,"href":"https:\/\/atlantisluxurytravel.co.uk\/tr\/wp-json\/wp\/v2\/users\/5"}],"replies":[{"embeddable":true,"href":"https:\/\/atlantisluxurytravel.co.uk\/tr\/wp-json\/wp\/v2\/comments?post=347"}],"version-history":[{"count":17,"href":"https:\/\/atlantisluxurytravel.co.uk\/tr\/wp-json\/wp\/v2\/pages\/347\/revisions"}],"predecessor-version":[{"id":797,"href":"https:\/\/atlantisluxurytravel.co.uk\/tr\/wp-json\/wp\/v2\/pages\/347\/revisions\/797"}],"wp:attachment":[{"href":"https:\/\/atlantisluxurytravel.co.uk\/tr\/wp-json\/wp\/v2\/media?parent=347"}],"curies":[{"name":"wp","href":"https:\/\/api.w.org\/{rel}","templated":true}]}}