{"id":328,"date":"2018-03-19T12:36:10","date_gmt":"2018-03-19T09:36:10","guid":{"rendered":"http:\/\/atlantisluxurytravel.co.uk\/?page_id=328"},"modified":"2018-04-02T15:27:24","modified_gmt":"2018-04-02T12:27:24","slug":"real-estate","status":"publish","type":"page","link":"https:\/\/atlantisluxurytravel.co.uk\/tr\/real-estate\/","title":{"rendered":"Gayrimenkul"},"content":{"rendered":"<p>\u00d6zellikle \u0130ngiltere ve T\u00fcrkiye &#8216;de emlak konusunda uzmanla\u015fm\u0131\u015f olan ekibimiz her keseye uygun yat\u0131r\u0131m\u0131n\u0131z i\u00e7in size en iyi hizmeti kusursuzca vermektedir.<\/p>\n<p><img decoding=\"async\" loading=\"lazy\" class=\"alignnone size-medium wp-image-504\" src=\"http:\/\/atlantisluxurytravel.co.uk\/wp-content\/uploads\/2018\/04\/evelyn-paris-96422-unsplash-resized-300x200.jpg\" alt=\"\" width=\"300\" height=\"200\" srcset=\"https:\/\/atlantisluxurytravel.co.uk\/wp-content\/uploads\/2018\/04\/evelyn-paris-96422-unsplash-resized-300x200.jpg 300w, https:\/\/atlantisluxurytravel.co.uk\/wp-content\/uploads\/2018\/04\/evelyn-paris-96422-unsplash-resized-768x512.jpg 768w, https:\/\/atlantisluxurytravel.co.uk\/wp-content\/uploads\/2018\/04\/evelyn-paris-96422-unsplash-resized-1024x683.jpg 1024w, https:\/\/atlantisluxurytravel.co.uk\/wp-content\/uploads\/2018\/04\/evelyn-paris-96422-unsplash-resized-225x150.jpg 225w, https:\/\/atlantisluxurytravel.co.uk\/wp-content\/uploads\/2018\/04\/evelyn-paris-96422-unsplash-resized.jpg 1500w\" sizes=\"(max-width: 300px) 100vw, 300px\" \/><\/p>","protected":false},"excerpt":{"rendered":"<p>\u00d6zellikle \u0130ngiltere ve T\u00fcrkiye &#8216;de emlak konusunda uzmanla\u015fm\u0131\u015f olan ekibimiz her keseye uygun yat\u0131r\u0131m\u0131n\u0131z i\u00e7in size en iyi hizmeti kusursuzca vermektedir.<\/p>\n","protected":false},"author":4,"featured_media":0,"parent":0,"menu_order":0,"comment_status":"closed","ping_status":"closed","template":"","meta":[],"_links":{"self":[{"href":"https:\/\/atlantisluxurytravel.co.uk\/tr\/wp-json\/wp\/v2\/pages\/328"}],"collection":[{"href":"https:\/\/atlantisluxurytravel.co.uk\/tr\/wp-json\/wp\/v2\/pages"}],"about":[{"href":"https:\/\/atlantisluxurytravel.co.uk\/tr\/wp-json\/wp\/v2\/types\/page"}],"author":[{"embeddable":true,"href":"https:\/\/atlantisluxurytravel.co.uk\/tr\/wp-json\/wp\/v2\/users\/4"}],"replies":[{"embeddable":true,"href":"https:\/\/atlantisluxurytravel.co.uk\/tr\/wp-json\/wp\/v2\/comments?post=328"}],"version-history":[{"count":8,"href":"https:\/\/atlantisluxurytravel.co.uk\/tr\/wp-json\/wp\/v2\/pages\/328\/revisions"}],"predecessor-version":[{"id":509,"href":"https:\/\/atlantisluxurytravel.co.uk\/tr\/wp-json\/wp\/v2\/pages\/328\/revisions\/509"}],"wp:attachment":[{"href":"https:\/\/atlantisluxurytravel.co.uk\/tr\/wp-json\/wp\/v2\/media?parent=328"}],"curies":[{"name":"wp","href":"https:\/\/api.w.org\/{rel}","templated":true}]}}