{"id":316,"date":"2018-03-19T11:53:58","date_gmt":"2018-03-19T08:53:58","guid":{"rendered":"http:\/\/atlantisluxurytravel.co.uk\/?page_id=316"},"modified":"2018-03-23T14:56:36","modified_gmt":"2018-03-23T11:56:36","slug":"site-map","status":"publish","type":"page","link":"https:\/\/atlantisluxurytravel.co.uk\/tr\/site-map\/","title":{"rendered":"Site Haritas\u0131"},"content":{"rendered":"<!-- START of Dagon Design Sitemap Generator output -->\n\n<div class=\"ddsg-wrapper\">DDSG_PAGE_HEADER<ul><li><a href=\"https:\/\/atlantisluxurytravel.co.uk\/tr\/m-i-c-e\/\" title=\"M.I.C.E.\">M.I.C.E.<\/a><\/li><li><a href=\"https:\/\/atlantisluxurytravel.co.uk\/tr\/new-united-kingdom\/\" title=\"New: United Kingdom\">New: United Kingdom<\/a><\/li><li><a href=\"https:\/\/atlantisluxurytravel.co.uk\/tr\/visa-support\/\" title=\"Vize Deste\u011fi\">Vize Deste\u011fi<\/a><\/li><li><a href=\"https:\/\/atlantisluxurytravel.co.uk\/tr\/cookies\/\" title=\"\u00c7erez Politikas\u0131\">\u00c7erez Politikas\u0131<\/a><\/li><li><a href=\"https:\/\/atlantisluxurytravel.co.uk\/tr\/privileges\/\" title=\"Ayr\u0131cal\u0131klar\u0131n\u0131z\">Ayr\u0131cal\u0131klar\u0131n\u0131z<\/a><\/li><li><a href=\"https:\/\/atlantisluxurytravel.co.uk\/tr\/meet-assist\/\" title=\"Havaalan\u0131nda \u00d6zel Kar\u015f\u0131lama\">Havaalan\u0131nda \u00d6zel Kar\u015f\u0131lama<\/a><\/li><li><a href=\"https:\/\/atlantisluxurytravel.co.uk\/tr\/exhibition\/\" title=\"Fuar\">Fuar<\/a><\/li><li><a href=\"https:\/\/atlantisluxurytravel.co.uk\/tr\/gynecology\/\" title=\"Jinekoloji\">Jinekoloji<\/a><\/li><li><a href=\"https:\/\/atlantisluxurytravel.co.uk\/tr\/\" title=\"Index\">Index<\/a><\/li><li><a href=\"https:\/\/atlantisluxurytravel.co.uk\/tr\/porter\/\" title=\"Porter\">Porter<\/a><\/li><li><a href=\"https:\/\/atlantisluxurytravel.co.uk\/tr\/private-guide\/\" title=\"\u00d6zel Rehber\">\u00d6zel Rehber<\/a><\/li><li><a href=\"https:\/\/atlantisluxurytravel.co.uk\/tr\/site-map\/\" title=\"Site Haritas\u0131\">Site Haritas\u0131<\/a><\/li><li><a href=\"https:\/\/atlantisluxurytravel.co.uk\/tr\/consultation\/\" title=\"Profesyonel Dan\u0131\u015fmanl\u0131k\">Profesyonel Dan\u0131\u015fmanl\u0131k<\/a><\/li><li><a href=\"https:\/\/atlantisluxurytravel.co.uk\/tr\/contact\/\" title=\"Bize Ula\u015f\u0131n\">Bize Ula\u015f\u0131n<\/a><\/li><li><a href=\"https:\/\/atlantisluxurytravel.co.uk\/tr\/%d0%ba%d1%80%d1%83%d0%b8%d0%b7-%d0%bf%d0%be-%d0%bd%d0%b8%d0%bb%d1%83\/\" title=\"Nil Turu \">Nil Turu <\/a><\/li><li><a href=\"https:\/\/atlantisluxurytravel.co.uk\/tr\/legal-information\/\" title=\"Yasal bilgi\">Yasal bilgi<\/a><\/li><li><a href=\"https:\/\/atlantisluxurytravel.co.uk\/tr\/excursion-london\/\" title=\"Londra\">Londra<\/a><\/li><li><a href=\"https:\/\/atlantisluxurytravel.co.uk\/tr\/real-estate\/\" title=\"Gayrimenkul\">Gayrimenkul<\/a><\/li><li><a href=\"https:\/\/atlantisluxurytravel.co.uk\/tr\/about\/\" title=\"Hakk\u0131m\u0131zda  \">Hakk\u0131m\u0131zda  <\/a><\/li><li><a href=\"https:\/\/atlantisluxurytravel.co.uk\/tr\/view-organization\/\" title=\"Emlak \u0130nceleme Turu\">Emlak \u0130nceleme Turu<\/a><\/li><li><a href=\"https:\/\/atlantisluxurytravel.co.uk\/tr\/hotels\/\" title=\"OTELLER\">OTELLER<\/a><\/li><li><a href=\"https:\/\/atlantisluxurytravel.co.uk\/tr\/flights\/\" title=\"U\u00c7AK B\u0130LET\u0130\">U\u00c7AK B\u0130LET\u0130<\/a><\/li><li><a href=\"https:\/\/atlantisluxurytravel.co.uk\/tr\/hairtransplant\/\" title=\"Sa\u00e7 ekimi\">Sa\u00e7 ekimi<\/a><\/li><li><a href=\"https:\/\/atlantisluxurytravel.co.uk\/tr\/plasticsurgery\/\" title=\"Plastik Cerrahi\">Plastik Cerrahi<\/a><\/li><li><a href=\"https:\/\/atlantisluxurytravel.co.uk\/tr\/diving-in-red-sea\/\" title=\"K\u0131z\u0131ldeniz'de Dal\u0131\u015f\">K\u0131z\u0131ldeniz'de Dal\u0131\u015f<\/a><\/li><li><a href=\"https:\/\/atlantisluxurytravel.co.uk\/tr\/buying\/\" title=\"Sat\u0131n Alma\">Sat\u0131n Alma<\/a><\/li><li><a href=\"https:\/\/atlantisluxurytravel.co.uk\/tr\/privacy-policy\/\" title=\"Gizlilik Politikas\u0131\">Gizlilik Politikas\u0131<\/a><\/li><li><a href=\"https:\/\/atlantisluxurytravel.co.uk\/tr\/selling\/\" title=\"Sat\u0131\u015f \">Sat\u0131\u015f <\/a><\/li><li><a href=\"https:\/\/atlantisluxurytravel.co.uk\/tr\/testimony\/\" title=\"Tan\u0131kl\u0131k\">Tan\u0131kl\u0131k<\/a><\/li><li><a href=\"https:\/\/atlantisluxurytravel.co.uk\/tr\/bespoke-packages\/\" title=\"\u00d6zel Turlar\">\u00d6zel Turlar<\/a><\/li><li><a href=\"https:\/\/atlantisluxurytravel.co.uk\/tr\/quick-link\/\" title=\"H\u0131zl\u0131 link\">H\u0131zl\u0131 link<\/a><\/li><li><a href=\"https:\/\/atlantisluxurytravel.co.uk\/tr\/istanbul\/\" title=\"\u0130stanbul\">\u0130stanbul<\/a><\/li><li><a href=\"https:\/\/atlantisluxurytravel.co.uk\/tr\/stomatology\/\" title=\"Di\u015f Hekimli\u011fi\">Di\u015f Hekimli\u011fi<\/a><\/li><li><a href=\"https:\/\/atlantisluxurytravel.co.uk\/tr\/serv\/\" title=\"Sa\u011fl\u0131k ve Termal Turizmi\">Sa\u011fl\u0131k ve Termal Turizmi<\/a><\/li><li><a href=\"https:\/\/atlantisluxurytravel.co.uk\/tr\/transportation\/\" title=\"ULA\u015eIM\">ULA\u015eIM<\/a><\/li><li><a href=\"https:\/\/atlantisluxurytravel.co.uk\/tr\/private-interpreter\/\" title=\"\u00d6zel Terc\u00fcman\">\u00d6zel Terc\u00fcman<\/a><\/li>\n<\/ul>DDSG_POST_HEADER<ul><li>DDSG_CAT_HEADER <a href=\"https:\/\/atlantisluxurytravel.co.uk\/tr\/category\/bespoke\/\" title=\"BESPOKE PACKAGES\">BESPOKE PACKAGES<\/a><ul><li><a href=\"https:\/\/atlantisluxurytravel.co.uk\/tr\/bespoke\/turkey\/ankara-v-3-days\/ankara-plaza-hotel-4\/\" title=\"Ankara Plaza Hotel 4*\">Ankara Plaza Hotel 4*<\/a><\/li><li><a href=\"https:\/\/atlantisluxurytravel.co.uk\/tr\/bespoke\/great-britain\/london-v-4-days\/hard-rock-hotel-3-5-2\/\" title=\"HARD ROCK HOTEL LONDON 4*\">HARD ROCK HOTEL LONDON 4*<\/a><\/li><li><a href=\"https:\/\/atlantisluxurytravel.co.uk\/tr\/bespoke\/leonardo-royal-london-stpauls-hotel-3-4\/\" title=\"LEONARDO ROYAL LONDON ST.PAUL'S 5*\">LEONARDO ROYAL LONDON ST.PAUL'S 5*<\/a><\/li><li><a href=\"https:\/\/atlantisluxurytravel.co.uk\/tr\/bespoke\/egypt\/sharm-el-seikh-v-3-days\/rixos-segate-sharm-3\/\" title=\"RIXOS PREMIUM SEAGATE SHARM 5*\">RIXOS PREMIUM SEAGATE SHARM 5*<\/a><\/li><li>DDSG_CAT_HEADER <a href=\"https:\/\/atlantisluxurytravel.co.uk\/tr\/category\/bespoke\/egypt\/\" title=\"Egypt\">Egypt<\/a><ul><li><a href=\"https:\/\/atlantisluxurytravel.co.uk\/tr\/bespoke\/egypt\/jungle-aqua-park-4\/\" title=\"Jungle Aqua Park 4*\">Jungle Aqua Park 4*<\/a><\/li><li><a href=\"https:\/\/atlantisluxurytravel.co.uk\/tr\/bespoke\/egypt\/le-meridien-pyramids-hotel-spa-4\/\" title=\"Le Meridien Pyramids Hotel &amp; Spa 4*\">Le Meridien Pyramids Hotel &amp; Spa 4*<\/a><\/li><li><a href=\"https:\/\/atlantisluxurytravel.co.uk\/tr\/bespoke\/egypt\/holiday-inn-cairo-citystars-4\/\" title=\"Holiday Inn Cairo - Citystars 4*\">Holiday Inn Cairo - Citystars 4*<\/a><\/li><li><a href=\"https:\/\/atlantisluxurytravel.co.uk\/tr\/bespoke\/egypt\/hurghada-v-4-days\/old-palace-resort-sahl-hashesh-5\/\" title=\"Old Palace Resort Sahl Hashesh 5*\">Old Palace Resort Sahl Hashesh 5*<\/a><\/li><li>DDSG_CAT_HEADER <a href=\"https:\/\/atlantisluxurytravel.co.uk\/tr\/category\/bespoke\/egypt\/cairo-v-3-days\/\" title=\"Cairo \u2014 3 Days\">Cairo \u2014 3 Days<\/a><ul><li><a href=\"https:\/\/atlantisluxurytravel.co.uk\/tr\/bespoke\/egypt\/le-meridien-pyramids-hotel-spa-4\/\" title=\"Le Meridien Pyramids Hotel &amp; Spa 4*\">Le Meridien Pyramids Hotel &amp; Spa 4*<\/a><\/li><li><a href=\"https:\/\/atlantisluxurytravel.co.uk\/tr\/bespoke\/egypt\/holiday-inn-cairo-citystars-4\/\" title=\"Holiday Inn Cairo - Citystars 4*\">Holiday Inn Cairo - Citystars 4*<\/a><\/li><\/ul><\/li><li>DDSG_CAT_HEADER <a href=\"https:\/\/atlantisluxurytravel.co.uk\/tr\/category\/bespoke\/egypt\/hurghada-v-4-days\/\" title=\"Hurghada \u2014 4 Days\">Hurghada \u2014 4 Days<\/a><ul><li><a href=\"https:\/\/atlantisluxurytravel.co.uk\/tr\/bespoke\/egypt\/jungle-aqua-park-4\/\" title=\"Jungle Aqua Park 4*\">Jungle Aqua Park 4*<\/a><\/li><li><a href=\"https:\/\/atlantisluxurytravel.co.uk\/tr\/bespoke\/egypt\/hurghada-v-4-days\/old-palace-resort-sahl-hashesh-5\/\" title=\"Old Palace Resort Sahl Hashesh 5*\">Old Palace Resort Sahl Hashesh 5*<\/a><\/li><\/ul><\/li><li>DDSG_CAT_HEADER <a href=\"https:\/\/atlantisluxurytravel.co.uk\/tr\/category\/bespoke\/egypt\/sharm-el-seikh-v-3-days\/\" title=\"Sharm El Sheikh\u2014 3 Days\">Sharm El Sheikh\u2014 3 Days<\/a><ul><li><a href=\"https:\/\/atlantisluxurytravel.co.uk\/tr\/bespoke\/egypt\/sharm-el-seikh-v-3-days\/rixos-sharm-elsheikh-3-2\/\" title=\"RIXOS SHARM EL SHEIKH 5*\">RIXOS SHARM EL SHEIKH 5*<\/a><\/li><li><a href=\"https:\/\/atlantisluxurytravel.co.uk\/tr\/bespoke\/egypt\/sharm-el-seikh-v-3-days\/rixos-segate-sharm-3\/\" title=\"RIXOS PREMIUM SEAGATE SHARM 5*\">RIXOS PREMIUM SEAGATE SHARM 5*<\/a><\/li><\/ul><\/li><\/ul><\/li><li>DDSG_CAT_HEADER <a href=\"https:\/\/atlantisluxurytravel.co.uk\/tr\/category\/bespoke\/great-britain\/\" title=\"Great Britain\">Great Britain<\/a><ul><li><a href=\"https:\/\/atlantisluxurytravel.co.uk\/tr\/bespoke\/great-britain\/london-v-4-days\/hard-rock-hotel-3-5-2\/\" title=\"HARD ROCK HOTEL LONDON 4*\">HARD ROCK HOTEL LONDON 4*<\/a><\/li><li><a href=\"https:\/\/atlantisluxurytravel.co.uk\/tr\/bespoke\/great-britain\/london-v-4-days\/berjaya-eden-park-london-hotel-3-5\/\" title=\"Berjaya Eden Park London Hotel 3*\">Berjaya Eden Park London Hotel 3*<\/a><\/li><li><a href=\"https:\/\/atlantisluxurytravel.co.uk\/tr\/bespoke\/leonardo-royal-london-stpauls-hotel-3-4\/\" title=\"LEONARDO ROYAL LONDON ST.PAUL'S 5*\">LEONARDO ROYAL LONDON ST.PAUL'S 5*<\/a><\/li><li>DDSG_CAT_HEADER <a href=\"https:\/\/atlantisluxurytravel.co.uk\/tr\/category\/bespoke\/great-britain\/london-v-4-days\/\" title=\"London \u2014 4 Days\">London \u2014 4 Days<\/a><ul><li><a href=\"https:\/\/atlantisluxurytravel.co.uk\/tr\/bespoke\/great-britain\/london-v-4-days\/hard-rock-hotel-3-5-2\/\" title=\"HARD ROCK HOTEL LONDON 4*\">HARD ROCK HOTEL LONDON 4*<\/a><\/li><li><a href=\"https:\/\/atlantisluxurytravel.co.uk\/tr\/bespoke\/great-britain\/london-v-4-days\/berjaya-eden-park-london-hotel-3-5\/\" title=\"Berjaya Eden Park London Hotel 3*\">Berjaya Eden Park London Hotel 3*<\/a><\/li><li><a href=\"https:\/\/atlantisluxurytravel.co.uk\/tr\/bespoke\/leonardo-royal-london-stpauls-hotel-3-4\/\" title=\"LEONARDO ROYAL LONDON ST.PAUL'S 5*\">LEONARDO ROYAL LONDON ST.PAUL'S 5*<\/a><\/li><\/ul><\/li><li>DDSG_CAT_HEADER <a href=\"https:\/\/atlantisluxurytravel.co.uk\/tr\/category\/bespoke\/great-britain\/london-v-5-days\/\" title=\"London \u2014 5 Days\">London \u2014 5 Days<\/a><ul><li><a href=\"https:\/\/atlantisluxurytravel.co.uk\/tr\/bespoke\/great-britain\/london-v-4-days\/hard-rock-hotel-3-5-2\/\" title=\"HARD ROCK HOTEL LONDON 4*\">HARD ROCK HOTEL LONDON 4*<\/a><\/li><li><a href=\"https:\/\/atlantisluxurytravel.co.uk\/tr\/bespoke\/great-britain\/london-v-4-days\/berjaya-eden-park-london-hotel-3-5\/\" title=\"Berjaya Eden Park London Hotel 3*\">Berjaya Eden Park London Hotel 3*<\/a><\/li><li><a href=\"https:\/\/atlantisluxurytravel.co.uk\/tr\/bespoke\/leonardo-royal-london-stpauls-hotel-3-4\/\" title=\"LEONARDO ROYAL LONDON ST.PAUL'S 5*\">LEONARDO ROYAL LONDON ST.PAUL'S 5*<\/a><\/li><\/ul><\/li><li>DDSG_CAT_HEADER <a href=\"https:\/\/atlantisluxurytravel.co.uk\/tr\/category\/bespoke\/great-britain\/manchester-v-3-days\/\" title=\"Manchester \u2014 3 Days\">Manchester \u2014 3 Days<\/a><ul><li><a href=\"https:\/\/atlantisluxurytravel.co.uk\/tr\/bespoke\/great-britain\/manchester-v-3-days\/novotel-manchester-centre-4-4\/\" title=\"Novotel Manchester Centre 4*\">Novotel Manchester Centre 4*<\/a><\/li><\/ul><\/li><\/ul><\/li><li>DDSG_CAT_HEADER <a href=\"https:\/\/atlantisluxurytravel.co.uk\/tr\/category\/bespoke\/russia\/\" title=\"Russia\">Russia<\/a><ul><li><a href=\"https:\/\/atlantisluxurytravel.co.uk\/tr\/bespoke\/russia\/moscow-v-3-days\/novotel-moscow-city-4\/\" title=\"Novotel Moscow City 4*\">Novotel Moscow City 4*<\/a><\/li><li>DDSG_CAT_HEADER <a href=\"https:\/\/atlantisluxurytravel.co.uk\/tr\/category\/bespoke\/russia\/moscow-v-3-days\/\" title=\"Moscow \u2014 3 Days\">Moscow \u2014 3 Days<\/a><ul><li><a href=\"https:\/\/atlantisluxurytravel.co.uk\/tr\/bespoke\/russia\/moscow-v-3-days\/crowne-plaza-moscow-world-trade-centre-5\/\" title=\"Crowne Plaza Moscow - World Trade Centre 5*\">Crowne Plaza Moscow - World Trade Centre 5*<\/a><\/li><li><a href=\"https:\/\/atlantisluxurytravel.co.uk\/tr\/bespoke\/russia\/moscow-v-3-days\/novotel-moscow-city-4\/\" title=\"Novotel Moscow City 4*\">Novotel Moscow City 4*<\/a><\/li><\/ul><\/li><\/ul><\/li><li>DDSG_CAT_HEADER <a href=\"https:\/\/atlantisluxurytravel.co.uk\/tr\/category\/bespoke\/turkey\/\" title=\"Turkey\">Turkey<\/a><ul><li><a href=\"https:\/\/atlantisluxurytravel.co.uk\/tr\/bespoke\/turkey\/ankara-v-3-days\/ankara-plaza-hotel-4\/\" title=\"Ankara Plaza Hotel 4*\">Ankara Plaza Hotel 4*<\/a><\/li><li>DDSG_CAT_HEADER <a href=\"https:\/\/atlantisluxurytravel.co.uk\/tr\/category\/bespoke\/turkey\/ankara-v-2-days\/\" title=\"Ankara \u2014 2 Days\">Ankara \u2014 2 Days<\/a><ul><li><a href=\"https:\/\/atlantisluxurytravel.co.uk\/tr\/bespoke\/turkey\/ankara-v-3-days\/ankara-plaza-hotel-4\/\" title=\"Ankara Plaza Hotel 4*\">Ankara Plaza Hotel 4*<\/a><\/li><li><a href=\"https:\/\/atlantisluxurytravel.co.uk\/tr\/bespoke\/turkey\/ankara-v-2-days\/grand-ankara-hotel-3-5-2-2\/\" title=\"Grand Ankara Hotel 5*\">Grand Ankara Hotel 5*<\/a><\/li><\/ul><\/li><li>DDSG_CAT_HEADER <a href=\"https:\/\/atlantisluxurytravel.co.uk\/tr\/category\/bespoke\/turkey\/ankara-v-3-days\/\" title=\"Ankara \u2014 3 Days\">Ankara \u2014 3 Days<\/a><ul><li><a href=\"https:\/\/atlantisluxurytravel.co.uk\/tr\/bespoke\/turkey\/ankara-v-3-days\/ankara-plaza-hotel-4\/\" title=\"Ankara Plaza Hotel 4*\">Ankara Plaza Hotel 4*<\/a><\/li><li><a href=\"https:\/\/atlantisluxurytravel.co.uk\/tr\/bespoke\/turkey\/ankara-v-2-days\/grand-ankara-hotel-3-5-2-2\/\" title=\"Grand Ankara Hotel 5*\">Grand Ankara Hotel 5*<\/a><\/li><\/ul><\/li><li>DDSG_CAT_HEADER <a href=\"https:\/\/atlantisluxurytravel.co.uk\/tr\/category\/bespoke\/turkey\/istanbul-v-3-days\/\" title=\"Istanbul \u2014 3 Days\">Istanbul \u2014 3 Days<\/a><ul><li><a href=\"https:\/\/atlantisluxurytravel.co.uk\/tr\/bespoke\/turkey\/istanbul-v-3-days\/park-inn-by-radisson-istanbul-ataturk-airport-4\/\" title=\"Park Inn By Radisson Istanbul Ataturk Airport 4*\">Park Inn By Radisson Istanbul Ataturk Airport 4*<\/a><\/li><li><a href=\"https:\/\/atlantisluxurytravel.co.uk\/tr\/bespoke\/turkey\/istanbul-v-2-days\/rixos-pera-istanbul-3-5-2-2-2\/\" title=\"Rixos Pera Istanbul 5*\">Rixos Pera Istanbul 5*<\/a><\/li><\/ul><\/li><li>DDSG_CAT_HEADER <a href=\"https:\/\/atlantisluxurytravel.co.uk\/tr\/category\/bespoke\/turkey\/istanbul-v-2-days\/\" title=\"Istanbul\u2014 2 Days\">Istanbul\u2014 2 Days<\/a><ul><li><a href=\"https:\/\/atlantisluxurytravel.co.uk\/tr\/bespoke\/turkey\/istanbul-v-3-days\/park-inn-by-radisson-istanbul-ataturk-airport-4\/\" title=\"Park Inn By Radisson Istanbul Ataturk Airport 4*\">Park Inn By Radisson Istanbul Ataturk Airport 4*<\/a><\/li><li><a href=\"https:\/\/atlantisluxurytravel.co.uk\/tr\/bespoke\/turkey\/istanbul-v-2-days\/rixos-pera-istanbul-3-5-2-2-2\/\" title=\"Rixos Pera Istanbul 5*\">Rixos Pera Istanbul 5*<\/a><\/li><\/ul><\/li><\/ul><\/li><li>DDSG_CAT_HEADER <a href=\"https:\/\/atlantisluxurytravel.co.uk\/tr\/category\/bespoke\/ukraine\/\" title=\"Ukraine\">Ukraine<\/a><ul><li><a href=\"https:\/\/atlantisluxurytravel.co.uk\/tr\/bespoke\/ukraine\/kiev-v-3-days\/opera-hotel-5\/\" title=\"Opera Hotel 5*\">Opera Hotel 5*<\/a><\/li><li><a href=\"https:\/\/atlantisluxurytravel.co.uk\/tr\/bespoke\/ukraine\/leopolis-hotel-lviv-5\/\" title=\"Leopolis Hotel Lviv 5*\">Leopolis Hotel Lviv 5*<\/a><\/li><li>DDSG_CAT_HEADER <a href=\"https:\/\/atlantisluxurytravel.co.uk\/tr\/category\/bespoke\/ukraine\/kiev-v-3-days\/\" title=\"Kiev \u2014 3 Days\">Kiev \u2014 3 Days<\/a><ul><li><a href=\"https:\/\/atlantisluxurytravel.co.uk\/tr\/bespoke\/ukraine\/kiev-v-3-days\/opera-hotel-5\/\" title=\"Opera Hotel 5*\">Opera Hotel 5*<\/a><\/li><\/ul><\/li><li>DDSG_CAT_HEADER <a href=\"https:\/\/atlantisluxurytravel.co.uk\/tr\/category\/bespoke\/ukraine\/lviv-2-days\/\" title=\"Lviv \u2014 2 Days\">Lviv \u2014 2 Days<\/a><ul><li><a href=\"https:\/\/atlantisluxurytravel.co.uk\/tr\/bespoke\/ukraine\/leopolis-hotel-lviv-5\/\" title=\"Leopolis Hotel Lviv 5*\">Leopolis Hotel Lviv 5*<\/a><\/li><\/ul><\/li><li>DDSG_CAT_HEADER <a href=\"https:\/\/atlantisluxurytravel.co.uk\/tr\/category\/bespoke\/ukraine\/odessa-3-days\/\" title=\"Odessa \u2014 3 Days\">Odessa \u2014 3 Days<\/a><ul><li><a href=\"https:\/\/atlantisluxurytravel.co.uk\/tr\/bespoke\/ukraine\/odessa-3-days\/the-londonskaya-hotel-5\/\" title=\"The Londonskaya Hotel 5*\">The Londonskaya Hotel 5*<\/a><\/li><\/ul><\/li><\/ul><\/li><\/ul><\/li><\/ul><\/div>\n\n<!-- END of Dagon Design Sitemap Generator output -->","protected":false},"excerpt":{"rendered":"<p>DDSG_PAGE_HEADERM.I.C.E.New: United KingdomVize Deste\u011fi\u00c7erez Politikas\u0131Ayr\u0131cal\u0131klar\u0131n\u0131zHavaalan\u0131nda \u00d6zel Kar\u015f\u0131lamaFuarJinekolojiIndexPorter\u00d6zel RehberSite Haritas\u0131Profesyonel Dan\u0131\u015fmanl\u0131kBize Ula\u015f\u0131nNil Turu Yasal bilgiLondraGayrimenkulHakk\u0131m\u0131zda Emlak \u0130nceleme TuruOTELLERU\u00c7AK B\u0130LET\u0130Sa\u00e7 ekimiPlastik CerrahiK\u0131z\u0131ldeniz&#8217;de Dal\u0131\u015fSat\u0131n AlmaGizlilik Politikas\u0131Sat\u0131\u015f Tan\u0131kl\u0131k\u00d6zel TurlarH\u0131zl\u0131 link\u0130stanbulDi\u015f Hekimli\u011fiSa\u011fl\u0131k ve Termal TurizmiULA\u015eIM\u00d6zel Terc\u00fcman DDSG_POST_HEADERDDSG_CAT_HEADER BESPOKE PACKAGESAnkara Plaza Hotel 4*HARD ROCK HOTEL LONDON 4*LEONARDO ROYAL LONDON ST.PAUL&#8217;S 5*RIXOS PREMIUM SEAGATE SHARM 5*DDSG_CAT_HEADER EgyptJungle Aqua Park 4*Le Meridien Pyramids [&hellip;]<\/p>\n","protected":false},"author":5,"featured_media":0,"parent":0,"menu_order":0,"comment_status":"closed","ping_status":"closed","template":"","meta":[],"_links":{"self":[{"href":"https:\/\/atlantisluxurytravel.co.uk\/tr\/wp-json\/wp\/v2\/pages\/316"}],"collection":[{"href":"https:\/\/atlantisluxurytravel.co.uk\/tr\/wp-json\/wp\/v2\/pages"}],"about":[{"href":"https:\/\/atlantisluxurytravel.co.uk\/tr\/wp-json\/wp\/v2\/types\/page"}],"author":[{"embeddable":true,"href":"https:\/\/atlantisluxurytravel.co.uk\/tr\/wp-json\/wp\/v2\/users\/5"}],"replies":[{"embeddable":true,"href":"https:\/\/atlantisluxurytravel.co.uk\/tr\/wp-json\/wp\/v2\/comments?post=316"}],"version-history":[{"count":2,"href":"https:\/\/atlantisluxurytravel.co.uk\/tr\/wp-json\/wp\/v2\/pages\/316\/revisions"}],"predecessor-version":[{"id":397,"href":"https:\/\/atlantisluxurytravel.co.uk\/tr\/wp-json\/wp\/v2\/pages\/316\/revisions\/397"}],"wp:attachment":[{"href":"https:\/\/atlantisluxurytravel.co.uk\/tr\/wp-json\/wp\/v2\/media?parent=316"}],"curies":[{"name":"wp","href":"https:\/\/api.w.org\/{rel}","templated":true}]}}