{"id":314,"date":"2018-03-19T11:53:25","date_gmt":"2018-03-19T08:53:25","guid":{"rendered":"http:\/\/atlantisluxurytravel.co.uk\/?page_id=314"},"modified":"2020-02-03T02:20:01","modified_gmt":"2020-02-02T23:20:01","slug":"testimony","status":"publish","type":"page","link":"https:\/\/atlantisluxurytravel.co.uk\/tr\/testimony\/","title":{"rendered":"Tan\u0131kl\u0131k"},"content":{"rendered":"<p><span title=\"\">Neveen Sharaf:<\/span><\/p>\n<p><span title=\"\">\u0130ngiltere&#8217;de hizmet sunan en iyi seyahat acentalarindan biri tavsiye edilir <span class=\"_5mfr\"><span class=\"_6qdm\">&#x1f44d;<\/span><\/span><span class=\"_5mfr\"><span class=\"_6qdm\">&#x1f44d;<\/span><\/span><\/span><\/p>\n<p><span title=\"\">Kelly Walmsley:<\/span><\/p>\n<p><span title=\"\">Profesyonel, etkili.<\/span> D\u00fcnya \u00e7ap\u0131nda \u00e7al\u0131\u015farak size en iyi otel ve u\u00e7u\u015f fiyatlar\u0131n\u0131 sa\u011flarlar. Y\u0131llar\u0131n deneyimi oldu\u011fundan mutlaka tavsiye ederim. Rezervasyonuzu yapt\u0131r\u0131n . \u00d6zel tekliflerini ka\u00e7\u0131rmay\u0131n.<\/p>\n<p>Toli Yodaiken:<\/p>\n<p>\u00d6zellikle Ozan taraf\u0131ndan sunulan harika m\u00fc\u015fteri hizmetleri.<\/p>","protected":false},"excerpt":{"rendered":"<p>Neveen Sharaf: \u0130ngiltere&#8217;de hizmet sunan en iyi seyahat acentalarindan biri tavsiye edilir &#x1f44d;&#x1f44d; Kelly Walmsley: Profesyonel, etkili. D\u00fcnya \u00e7ap\u0131nda \u00e7al\u0131\u015farak size en iyi otel ve u\u00e7u\u015f fiyatlar\u0131n\u0131 sa\u011flarlar. Y\u0131llar\u0131n deneyimi oldu\u011fundan mutlaka tavsiye ederim. Rezervasyonuzu yapt\u0131r\u0131n . \u00d6zel tekliflerini ka\u00e7\u0131rmay\u0131n. Toli Yodaiken: \u00d6zellikle Ozan taraf\u0131ndan sunulan harika m\u00fc\u015fteri hizmetleri.<\/p>\n","protected":false},"author":5,"featured_media":0,"parent":0,"menu_order":0,"comment_status":"closed","ping_status":"closed","template":"","meta":[],"_links":{"self":[{"href":"https:\/\/atlantisluxurytravel.co.uk\/tr\/wp-json\/wp\/v2\/pages\/314"}],"collection":[{"href":"https:\/\/atlantisluxurytravel.co.uk\/tr\/wp-json\/wp\/v2\/pages"}],"about":[{"href":"https:\/\/atlantisluxurytravel.co.uk\/tr\/wp-json\/wp\/v2\/types\/page"}],"author":[{"embeddable":true,"href":"https:\/\/atlantisluxurytravel.co.uk\/tr\/wp-json\/wp\/v2\/users\/5"}],"replies":[{"embeddable":true,"href":"https:\/\/atlantisluxurytravel.co.uk\/tr\/wp-json\/wp\/v2\/comments?post=314"}],"version-history":[{"count":7,"href":"https:\/\/atlantisluxurytravel.co.uk\/tr\/wp-json\/wp\/v2\/pages\/314\/revisions"}],"predecessor-version":[{"id":1657,"href":"https:\/\/atlantisluxurytravel.co.uk\/tr\/wp-json\/wp\/v2\/pages\/314\/revisions\/1657"}],"wp:attachment":[{"href":"https:\/\/atlantisluxurytravel.co.uk\/tr\/wp-json\/wp\/v2\/media?parent=314"}],"curies":[{"name":"wp","href":"https:\/\/api.w.org\/{rel}","templated":true}]}}