{"id":312,"date":"2018-03-19T11:52:37","date_gmt":"2018-03-19T08:52:37","guid":{"rendered":"http:\/\/atlantisluxurytravel.co.uk\/?page_id=312"},"modified":"2018-04-23T02:11:33","modified_gmt":"2018-04-22T23:11:33","slug":"quick-link","status":"publish","type":"page","link":"https:\/\/atlantisluxurytravel.co.uk\/tr\/quick-link\/","title":{"rendered":"H\u0131zl\u0131 link"},"content":{"rendered":"<p><strong>TURSAB<\/strong><\/p>\n<p>https:\/\/www.tursab.org.tr\/tr<\/p>\n<p><strong>Atat\u00fcrk Havaliman\u0131 \u0130stanbul<\/strong><\/p>\n<p>http:\/\/www.ataturkairport.com\/en-EN\/Pages\/Main.aspx<\/p>\n<p><strong>Sabiha G\u00f6k\u00e7en Havaliman\u0131 \u0130stanbul<\/strong><\/p>\n<p>https:\/\/www.sabihagokcen.aero\/homepage<\/p>\n<p><strong>Heathrow Havaalan\u0131 Londra<\/strong><\/p>\n<p>https:\/\/www.heathrow.com\/<\/p>\n<p><strong>Londra Stansted Havaalan\u0131<\/strong><\/p>\n<p>http:\/\/www.stanstedairport.com\/<\/p>\n<p><strong>Gatwick Havaalan\u0131 Londra<\/strong><\/p>\n<p>https:\/\/www.gatwickairport.com\/<\/p>\n<p><strong>Domodedova Havaalan\u0131 Moskova<\/strong><\/p>\n<p>http:\/\/www.domodedovo.ru\/en\/<\/p>\n<p><strong>Boryspil Havaalan\u0131 Kiev<\/strong><\/p>\n<p>https:\/\/kbp.aero\/en\/<\/p>","protected":false},"excerpt":{"rendered":"<p>TURSAB https:\/\/www.tursab.org.tr\/tr Atat\u00fcrk Havaliman\u0131 \u0130stanbul http:\/\/www.ataturkairport.com\/en-EN\/Pages\/Main.aspx Sabiha G\u00f6k\u00e7en Havaliman\u0131 \u0130stanbul https:\/\/www.sabihagokcen.aero\/homepage Heathrow Havaalan\u0131 Londra https:\/\/www.heathrow.com\/ Londra Stansted Havaalan\u0131 http:\/\/www.stanstedairport.com\/ Gatwick Havaalan\u0131 Londra https:\/\/www.gatwickairport.com\/ Domodedova Havaalan\u0131 Moskova http:\/\/www.domodedovo.ru\/en\/ Boryspil Havaalan\u0131 Kiev https:\/\/kbp.aero\/en\/<\/p>\n","protected":false},"author":5,"featured_media":0,"parent":0,"menu_order":0,"comment_status":"closed","ping_status":"closed","template":"","meta":[],"_links":{"self":[{"href":"https:\/\/atlantisluxurytravel.co.uk\/tr\/wp-json\/wp\/v2\/pages\/312"}],"collection":[{"href":"https:\/\/atlantisluxurytravel.co.uk\/tr\/wp-json\/wp\/v2\/pages"}],"about":[{"href":"https:\/\/atlantisluxurytravel.co.uk\/tr\/wp-json\/wp\/v2\/types\/page"}],"author":[{"embeddable":true,"href":"https:\/\/atlantisluxurytravel.co.uk\/tr\/wp-json\/wp\/v2\/users\/5"}],"replies":[{"embeddable":true,"href":"https:\/\/atlantisluxurytravel.co.uk\/tr\/wp-json\/wp\/v2\/comments?post=312"}],"version-history":[{"count":8,"href":"https:\/\/atlantisluxurytravel.co.uk\/tr\/wp-json\/wp\/v2\/pages\/312\/revisions"}],"predecessor-version":[{"id":693,"href":"https:\/\/atlantisluxurytravel.co.uk\/tr\/wp-json\/wp\/v2\/pages\/312\/revisions\/693"}],"wp:attachment":[{"href":"https:\/\/atlantisluxurytravel.co.uk\/tr\/wp-json\/wp\/v2\/media?parent=312"}],"curies":[{"name":"wp","href":"https:\/\/api.w.org\/{rel}","templated":true}]}}