{"id":309,"date":"2018-03-19T11:50:55","date_gmt":"2018-03-19T08:50:55","guid":{"rendered":"http:\/\/atlantisluxurytravel.co.uk\/?page_id=309"},"modified":"2018-05-14T02:30:50","modified_gmt":"2018-05-13T23:30:50","slug":"legal-information","status":"publish","type":"page","link":"https:\/\/atlantisluxurytravel.co.uk\/tr\/legal-information\/","title":{"rendered":"Yasal bilgi"},"content":{"rendered":"<p>Bu sitenin sahibi Atlantis Luxury Travel Ltd (Atlantis Luxury Travel)&#8217;dir. Sitemizi ziyaret eden kullan\u0131c\u0131lar a\u015fa\u011f\u0131daki ko\u015fullar\u0131, yaz\u0131lanlarla s\u0131n\u0131rl\u0131 olmamak \u015fart\u0131yla t\u00fcm maksat ve halin icab\u0131 ile kabul etmi\u015f say\u0131lacakt\u0131r.<\/p>\n<p>www.atlantisluxurytravel.co.uk sitesinde yer alan t\u00fcm bilgiler, tablolar, yorum ve tavsiyeler ile buradan yap\u0131lan t\u00fcm linkler, kullan\u0131c\u0131ya bilgi vermek amac\u0131yla sunulmu\u015ftur. Atlantis Luxury Travel internette yer alan web sitesindeki bilgilerin mevcut durumu yans\u0131tmas\u0131 i\u00e7in makul olan t\u00fcm gayreti g\u00f6stermi\u015ftir. Bu sitede yer alan bilgilerin revizesi ya da d\u00fczeltilmesi ile ilgili olarak; Atlantis Luxury Travel \u00f6nceden haber vermeksizin, istedi\u011fi zaman sitedeki bilgilerin revizesi, de\u011fi\u015ftirilmesi, d\u00fczeltilmesi ve \u00e7\u0131kar\u0131lmas\u0131 gibi i\u015flemleri yapacak tek yetkili olup bu konudaki t\u00fcm haklara sahiptir. Bu sitede kullan\u0131lan baz\u0131 ifadeler ileriye d\u00f6n\u00fck olarak haz\u0131rlanm\u0131\u015f olabilece\u011finden \u00e7e\u015fitli risk ve belirsizlikler i\u00e7ermesi m\u00fcmk\u00fcnd\u00fcr. Muhtelif nedenlerden dolay\u0131 ger\u00e7ek sonu\u00e7 ve geli\u015fmeler, bu ifadelerde belirtilen ya da ima edilenlerden somut bir \u015fekilde farkl\u0131 olabilir.<\/p>\n<p>Kullan\u0131c\u0131lar bilgi ve dok\u00fcmanlar\u0131 sadece bilgi edinmek amac\u0131yla kullanabilir. Burada mevcut olan bilgiler Atlantis Luxury Travel&#8217;in \u00f6nceden yaz\u0131l\u0131 izni al\u0131nmaks\u0131z\u0131n k\u0131smen veya tamamen kopya edilemez, da\u011f\u0131t\u0131lamaz, kiralanamaz, \u00e7o\u011falt\u0131lamaz alt lisansla kulland\u0131r\u0131lamaz, de\u011fi\u015ftirilemez, ileride kullan\u0131lmak \u00fczere saklanamaz, hi\u00e7bir \u015fekilde ticari ama\u00e7la kullan\u0131lamaz veya kulland\u0131r\u0131lamaz. Bu siteye eri\u015fim serbest ve anonimdir.<\/p>\n<p>Bu sitede yer alan herhangi bir bilgiyi, herhangi bir \u015fekilde tahrif etmek; her t\u00fcrl\u00fc cezai hukuki takibata neden olacakt\u0131r.<\/p>\n<p><strong>K\u00f6pr\u00fcler &#8211; Hyperlinkler<\/strong><\/p>\n<p>Size kolayl\u0131k sa\u011flamak i\u00e7in \u00fc\u00e7\u00fcnc\u00fc taraflarca bar\u0131nd\u0131r\u0131lan ve s\u00fcrd\u00fcr\u00fclen di\u011fer web sitelerine veya kaynaklara ba\u011flant\u0131lar sa\u011flayabiliriz. Bu t\u00fcr ba\u011flant\u0131lar\u0131n web sitesinde yer almas\u0131n\u0131n, bu t\u00fcr web sitelerindeki materyallerin veya onlar\u0131n operat\u00f6rleri ile olan herhangi bir ili\u015fkisinin herhangi bir onay\u0131n\u0131 gerektirmedi\u011fini ve bu ba\u011flant\u0131lar\u0131 kullan\u0131rsan\u0131z web sitesinden ayr\u0131laca\u011f\u0131n\u0131z\u0131 kabul etmektesiniz. Bu nedenle, bu t\u00fcr sitelere olan ba\u011flant\u0131n\u0131z kendi sorumlulu\u011funuzdad\u0131r. Bu t\u00fcr bir web sitesinin i\u00e7eri\u011fi ile ilgili herhangi bir beyanda bulunmamaktay\u0131z ve \u00fc\u00e7\u00fcnc\u00fc \u015fah\u0131s web sitelerinin kullan\u0131m\u0131ndan do\u011fabilecek herhangi bir kay\u0131p veya hasardan sorumlu olmayaca\u011f\u0131z.<\/p>\n<p><strong>V\u0130R\u00dcSLER<\/strong><\/p>\n<p>Vir\u00fcsleri web sitesinden hari\u00e7 tutmak i\u00e7in t\u00fcm makul ad\u0131mlar\u0131 ataca\u011f\u0131z, ancak bu t\u00fcr bir d\u0131\u015flamay\u0131 garanti edemeyiz ve bilgisayar ekipman\u0131n\u0131z\u0131n herhangi bir \u015fekilde zarar g\u00f6rmesinden, herhangi bir materyalin kaybolmas\u0131ndan veya bozulmas\u0131ndan veya aktar\u0131lan herhangi bir materyalin verisinden veya herhangi bir kay\u0131p veya yolsuzluktan sorumlu olmayaca\u011f\u0131z. Herhangi bir materyalin veya ba\u015fka bir mal\u0131n bilgisayar\u0131n\u0131za y\u00fcklendi\u011finde herhangi bir materyalin veya verinin, herhangi bir materyalin kullan\u0131lmas\u0131, eri\u015fimi veya herhangi bir materyalden indirilmesi nedeniyledir. Web sitesine, i\u00e7eri\u011fine ve temel yaz\u0131l\u0131ma ve \/ veya ilgili yaz\u0131l\u0131ma eri\u015fmeden \u00f6nce vir\u00fcslere kar\u015f\u0131 t\u00fcm uygun \u00f6nlemleri alman\u0131z \u00f6nerilir.<\/p>\n<p><strong>SORUMLULUK<\/strong><\/p>\n<p>Bu Ko\u015fullar\u0131 ihlal etmemizin bir sonucu olarak ya\u015fayaca\u011f\u0131n\u0131z herhangi bir zarardan biz sorumlu olaca\u011f\u0131z, ancak bu t\u00fcr kay\u0131plar\u0131n web sitemizi kullanmaya ba\u015flad\u0131\u011f\u0131n\u0131z zaman ve sonra sadece sizin ve bizim taraf\u0131m\u0131za makul bir \u015fekilde \u00f6ng\u00f6r\u00fclebilir oldu\u011fu \u00f6l\u00e7\u00fcde olacakt\u0131r. Bu t\u00fcr bir y\u00fck\u00fcml\u00fcl\u00fc\u011f\u00fc d\u0131\u015flamak veya s\u0131n\u0131rlamak, ya da d\u0131\u015flamak ya da s\u0131n\u0131rlamak iki taraf i\u00e7in de yasad\u0131\u015f\u0131d\u0131r.<\/p>\n<p>1.1 maddesine tabi olarak, hi\u00e7bir \u015fekilde, yetkisiz \u00fc\u00e7\u00fcnc\u00fc taraflarca bu web sitesinin i\u00e7eri\u011finde yap\u0131lan de\u011fi\u015fikliklerden kaynaklanan herhangi bir zarardan dolay\u0131 size veya ba\u015fka herhangi bir ki\u015fiye veya kuruma kar\u015f\u0131 sorumlu olmayaca\u011f\u0131z.<\/p>\n<p>1.1 maddesine tabi olarak, herhangi bir durumda, sizin kullan\u0131m\u0131n\u0131zdan kaynaklanan her t\u00fcrl\u00fc, ar\u0131zi, dolayl\u0131, dolayl\u0131, tesad\u00fcfi, \u00f6zel veya cezai zararlar, maliyetler, kay\u0131plar veya y\u00fck\u00fcml\u00fcl\u00fckler i\u00e7in size veya di\u011fer herhangi bir ki\u015fiye veya kurulu\u015fa kar\u015f\u0131 sorumlu olmayaca\u011f\u0131z. Bu t\u00fcr hasarlar\u0131n meydana gelme olas\u0131l\u0131\u011f\u0131 hakk\u0131nda bilgilendirilmi\u015f olsa bile veya bu t\u00fcr zararlar \u00f6ng\u00f6r\u00fclebilir olsa bile, bu sitenin veya ba\u015fka bir sitenin kullan\u0131lmas\u0131na izin verilmez.<\/p>\n<p>1.1 Bu Ko\u015fullardaki hi\u00e7bir \u015fey, bizim ihmalimizden dolay\u0131 \u00f6l\u00fcm veya ki\u015fisel yaralanma ile ilgili sorumlulu\u011fumuzu d\u0131\u015flama veya s\u0131n\u0131rlama amac\u0131 ta\u015f\u0131mamaktad\u0131r.<\/p>\n<p><strong>PASAPORTLAR,V\u0130ZE VE SA\u011eLIK GEREKS\u0130N\u0130MLER\u0130<\/strong><\/p>\n<p>T\u00fcm yurtd\u0131\u015f\u0131 tatiller i\u00e7in ge\u00e7erli bir pasaport gerekecektir. Seyahate \u00e7\u0131kmadan \u00f6nce pasaport, vize ve sa\u011fl\u0131k ko\u015fullar\u0131n\u0131n g\u00fcncelli\u011fini kontrol etmelisiniz. Yolculuk \u00f6ncesi t\u00fcm gerekli ve ge\u00e7erli seyahat ve sa\u011fl\u0131k belgelerinin bulundu\u011fundan emin olmak sizin sorumlulu\u011funuzdad\u0131r. Bu belgeleri elde etmek i\u00e7in yap\u0131lan t\u00fcm masraflar sizin taraf\u0131n\u0131zdan \u00f6denmelidir. Herhangi bir ula\u015f\u0131m i\u00e7in ya da herhangi bir \u00fclkeye giderken, belgelerinizin eksik olmas\u0131 veya uygun olmamas\u0131 nedeniyle, herhangi bir \u00fclkeye giri\u015f yaparken reddedilirseniz, hi\u00e7bir \u015fekilde \u00b4maddi ve de manevi\u00b4 olarak sorumluluk ta\u015f\u0131mayaca\u011f\u0131m\u0131z\u0131 bildiririz.<\/p>\n<p><strong>GENEL<\/strong><\/p>\n<p>Y\u00fcr\u00fcrl\u00fckteki yasan\u0131n bu yasal bildirimde yer alan sorumluluklar\u0131n t\u00fcm\u00fcn\u00fc veya herhangi bir \u015fekilde kullan\u0131lmas\u0131na izin vermemesi durumunda, s\u00f6z konusu istisnalar sizin i\u00e7in ge\u00e7erli olmayabilir.<\/p>\n<p>Bu Ko\u015fullardaki hi\u00e7bir \u015fey, herhangi bir \u00fc\u00e7\u00fcnc\u00fc tarafa, S\u00f6zle\u015fmeler (\u00dc\u00e7\u00fcnc\u00fc Ki\u015filerin Haklar\u0131) Yasas\u0131 (1999) uyar\u0131nca herhangi bir h\u00fckm\u00fc uygulama hakk\u0131n\u0131 a\u00e7\u0131k\u00e7a veya z\u0131mnen ifade etmemektedir.<\/p>\n<p>Bu web sitesinin kullan\u0131m\u0131 ve bu Ko\u015fullar \u0130ngiltere yasalar\u0131na g\u00f6re y\u00f6netilir ve yorumlan\u0131r.<\/p>\n<p>&nbsp;<\/p>","protected":false},"excerpt":{"rendered":"<p>Bu sitenin sahibi Atlantis Luxury Travel Ltd (Atlantis Luxury Travel)&#8217;dir. Sitemizi ziyaret eden kullan\u0131c\u0131lar a\u015fa\u011f\u0131daki ko\u015fullar\u0131, yaz\u0131lanlarla s\u0131n\u0131rl\u0131 olmamak \u015fart\u0131yla t\u00fcm maksat ve halin icab\u0131 ile kabul etmi\u015f say\u0131lacakt\u0131r. www.atlantisluxurytravel.co.uk sitesinde yer alan t\u00fcm bilgiler, tablolar, yorum ve tavsiyeler ile buradan yap\u0131lan t\u00fcm linkler, kullan\u0131c\u0131ya bilgi vermek amac\u0131yla sunulmu\u015ftur. Atlantis Luxury Travel internette yer alan [&hellip;]<\/p>\n","protected":false},"author":5,"featured_media":0,"parent":0,"menu_order":0,"comment_status":"closed","ping_status":"closed","template":"","meta":[],"_links":{"self":[{"href":"https:\/\/atlantisluxurytravel.co.uk\/tr\/wp-json\/wp\/v2\/pages\/309"}],"collection":[{"href":"https:\/\/atlantisluxurytravel.co.uk\/tr\/wp-json\/wp\/v2\/pages"}],"about":[{"href":"https:\/\/atlantisluxurytravel.co.uk\/tr\/wp-json\/wp\/v2\/types\/page"}],"author":[{"embeddable":true,"href":"https:\/\/atlantisluxurytravel.co.uk\/tr\/wp-json\/wp\/v2\/users\/5"}],"replies":[{"embeddable":true,"href":"https:\/\/atlantisluxurytravel.co.uk\/tr\/wp-json\/wp\/v2\/comments?post=309"}],"version-history":[{"count":15,"href":"https:\/\/atlantisluxurytravel.co.uk\/tr\/wp-json\/wp\/v2\/pages\/309\/revisions"}],"predecessor-version":[{"id":1136,"href":"https:\/\/atlantisluxurytravel.co.uk\/tr\/wp-json\/wp\/v2\/pages\/309\/revisions\/1136"}],"wp:attachment":[{"href":"https:\/\/atlantisluxurytravel.co.uk\/tr\/wp-json\/wp\/v2\/media?parent=309"}],"curies":[{"name":"wp","href":"https:\/\/api.w.org\/{rel}","templated":true}]}}