{"id":305,"date":"2018-03-19T11:50:06","date_gmt":"2018-03-19T08:50:06","guid":{"rendered":"http:\/\/atlantisluxurytravel.co.uk\/?page_id=305"},"modified":"2018-03-23T15:03:26","modified_gmt":"2018-03-23T12:03:26","slug":"cookies","status":"publish","type":"page","link":"https:\/\/atlantisluxurytravel.co.uk\/tr\/cookies\/","title":{"rendered":"\u00c7erez Politikas\u0131"},"content":{"rendered":"<p>Bu web sitesinin navigasyonuna ve sahtek\u00e2rl\u0131\u011f\u0131 \u00f6nlemeye yard\u0131mc\u0131 olmak i\u00e7in bu web sitesinden bilgisayar\u0131n\u0131za &#8220;\u00e7erez&#8221; g\u00f6nderebiliriz. Ki\u015fisel verileri bilgisayar\u0131n\u0131zdan alm\u0131yoruz veya ki\u015fisel bilgilerinizi sunucular\u0131m\u0131za ki\u015fisel olarak vermedi\u011finiz s\u00fcrece toplayam\u0131yoruz. Ayr\u0131ca bilgisayar vir\u00fcsleri &#8220;\u00e7erez&#8221; kullan\u0131m\u0131 ile ge\u00e7mez. &#8220;\u00c7erezleri&#8221; taray\u0131c\u0131n\u0131z \u00fczerinden engellemeyi tercih edebilirsiniz, ancak bu web sitesi sonu\u00e7 olarak d\u00fczg\u00fcn \u00e7al\u0131\u015fmayabilir.<\/p>","protected":false},"excerpt":{"rendered":"<p>Bu web sitesinin navigasyonuna ve sahtek\u00e2rl\u0131\u011f\u0131 \u00f6nlemeye yard\u0131mc\u0131 olmak i\u00e7in bu web sitesinden bilgisayar\u0131n\u0131za &#8220;\u00e7erez&#8221; g\u00f6nderebiliriz. Ki\u015fisel verileri bilgisayar\u0131n\u0131zdan alm\u0131yoruz veya ki\u015fisel bilgilerinizi sunucular\u0131m\u0131za ki\u015fisel olarak vermedi\u011finiz s\u00fcrece toplayam\u0131yoruz. Ayr\u0131ca bilgisayar vir\u00fcsleri &#8220;\u00e7erez&#8221; kullan\u0131m\u0131 ile ge\u00e7mez. &#8220;\u00c7erezleri&#8221; taray\u0131c\u0131n\u0131z \u00fczerinden engellemeyi tercih edebilirsiniz, ancak bu web sitesi sonu\u00e7 olarak d\u00fczg\u00fcn \u00e7al\u0131\u015fmayabilir.<\/p>\n","protected":false},"author":5,"featured_media":0,"parent":0,"menu_order":0,"comment_status":"closed","ping_status":"closed","template":"","meta":[],"_links":{"self":[{"href":"https:\/\/atlantisluxurytravel.co.uk\/tr\/wp-json\/wp\/v2\/pages\/305"}],"collection":[{"href":"https:\/\/atlantisluxurytravel.co.uk\/tr\/wp-json\/wp\/v2\/pages"}],"about":[{"href":"https:\/\/atlantisluxurytravel.co.uk\/tr\/wp-json\/wp\/v2\/types\/page"}],"author":[{"embeddable":true,"href":"https:\/\/atlantisluxurytravel.co.uk\/tr\/wp-json\/wp\/v2\/users\/5"}],"replies":[{"embeddable":true,"href":"https:\/\/atlantisluxurytravel.co.uk\/tr\/wp-json\/wp\/v2\/comments?post=305"}],"version-history":[{"count":3,"href":"https:\/\/atlantisluxurytravel.co.uk\/tr\/wp-json\/wp\/v2\/pages\/305\/revisions"}],"predecessor-version":[{"id":396,"href":"https:\/\/atlantisluxurytravel.co.uk\/tr\/wp-json\/wp\/v2\/pages\/305\/revisions\/396"}],"wp:attachment":[{"href":"https:\/\/atlantisluxurytravel.co.uk\/tr\/wp-json\/wp\/v2\/media?parent=305"}],"curies":[{"name":"wp","href":"https:\/\/api.w.org\/{rel}","templated":true}]}}