{"id":282,"date":"2018-03-18T21:44:17","date_gmt":"2018-03-18T18:44:17","guid":{"rendered":"http:\/\/atlantisluxurytravel.co.uk\/?page_id=282"},"modified":"2018-05-18T01:13:33","modified_gmt":"2018-05-17T22:13:33","slug":"meet-assist","status":"publish","type":"page","link":"https:\/\/atlantisluxurytravel.co.uk\/tr\/meet-assist\/","title":{"rendered":"Havaalan\u0131nda \u00d6zel Kar\u015f\u0131lama"},"content":{"rendered":"<p>Bir havaliman\u0131na vard\u0131\u011f\u0131n\u0131zda \u00f6zel kar\u015f\u0131lama hizmeti almak ister misiniz? Meet &amp; Assist konusunda ki profesyonel ekibimiz sizlerle veya konuklar\u0131n\u0131zla ilgilenecektir.Bilgilerinizi iletmek i\u00e7in bize ula\u015f\u0131n, ard\u0131ndan yolculu\u011funuzun tad\u0131n\u0131 \u00e7\u0131kar\u0131n.<\/p>\n<p><img decoding=\"async\" loading=\"lazy\" class=\"alignnone size-medium wp-image-286\" src=\"http:\/\/atlantisluxurytravel.co.uk\/wp-content\/uploads\/2018\/03\/passport-control-3033053_1920-300x187.jpg\" alt=\"\" width=\"300\" height=\"187\" srcset=\"https:\/\/atlantisluxurytravel.co.uk\/wp-content\/uploads\/2018\/03\/passport-control-3033053_1920-300x187.jpg 300w, https:\/\/atlantisluxurytravel.co.uk\/wp-content\/uploads\/2018\/03\/passport-control-3033053_1920-768x478.jpg 768w, https:\/\/atlantisluxurytravel.co.uk\/wp-content\/uploads\/2018\/03\/passport-control-3033053_1920-1024x637.jpg 1024w, https:\/\/atlantisluxurytravel.co.uk\/wp-content\/uploads\/2018\/03\/passport-control-3033053_1920-241x150.jpg 241w, https:\/\/atlantisluxurytravel.co.uk\/wp-content\/uploads\/2018\/03\/passport-control-3033053_1920.jpg 1920w\" sizes=\"(max-width: 300px) 100vw, 300px\" \/><\/p>","protected":false},"excerpt":{"rendered":"<p>Bir havaliman\u0131na vard\u0131\u011f\u0131n\u0131zda \u00f6zel kar\u015f\u0131lama hizmeti almak ister misiniz? Meet &amp; Assist konusunda ki profesyonel ekibimiz sizlerle veya konuklar\u0131n\u0131zla ilgilenecektir.Bilgilerinizi iletmek i\u00e7in bize ula\u015f\u0131n, ard\u0131ndan yolculu\u011funuzun tad\u0131n\u0131 \u00e7\u0131kar\u0131n.<\/p>\n","protected":false},"author":5,"featured_media":0,"parent":0,"menu_order":0,"comment_status":"closed","ping_status":"closed","template":"","meta":[],"_links":{"self":[{"href":"https:\/\/atlantisluxurytravel.co.uk\/tr\/wp-json\/wp\/v2\/pages\/282"}],"collection":[{"href":"https:\/\/atlantisluxurytravel.co.uk\/tr\/wp-json\/wp\/v2\/pages"}],"about":[{"href":"https:\/\/atlantisluxurytravel.co.uk\/tr\/wp-json\/wp\/v2\/types\/page"}],"author":[{"embeddable":true,"href":"https:\/\/atlantisluxurytravel.co.uk\/tr\/wp-json\/wp\/v2\/users\/5"}],"replies":[{"embeddable":true,"href":"https:\/\/atlantisluxurytravel.co.uk\/tr\/wp-json\/wp\/v2\/comments?post=282"}],"version-history":[{"count":8,"href":"https:\/\/atlantisluxurytravel.co.uk\/tr\/wp-json\/wp\/v2\/pages\/282\/revisions"}],"predecessor-version":[{"id":1152,"href":"https:\/\/atlantisluxurytravel.co.uk\/tr\/wp-json\/wp\/v2\/pages\/282\/revisions\/1152"}],"wp:attachment":[{"href":"https:\/\/atlantisluxurytravel.co.uk\/tr\/wp-json\/wp\/v2\/media?parent=282"}],"curies":[{"name":"wp","href":"https:\/\/api.w.org\/{rel}","templated":true}]}}