{"id":230,"date":"2018-03-14T14:38:20","date_gmt":"2018-03-14T11:38:20","guid":{"rendered":"http:\/\/atlantisluxurytravel.co.uk\/?page_id=230"},"modified":"2021-02-25T15:17:15","modified_gmt":"2021-02-25T14:17:15","slug":"privacy-policy","status":"publish","type":"page","link":"https:\/\/atlantisluxurytravel.co.uk\/tr\/privacy-policy\/","title":{"rendered":"Gizlilik Politikas\u0131"},"content":{"rendered":"<p>Atlantis Travel Luxury, ki\u015fisel verilerin i\u015flenmesi konusunda gayet ciddir. A\u015fa\u011f\u0131daki gizlilik politikas\u0131, Atlantis Travel Luxury taraf\u0131ndan topland\u0131ktan sonra ki\u015fisel verilerinizi Atlantis Travel Luxury&#8217;in nas\u0131l i\u015fleyece\u011fini ayr\u0131nt\u0131l\u0131 olarak a\u00e7\u0131klamaktad\u0131r. Atlantis Travel Luxury, verilerinizi yaln\u0131zca burada belirtilen \u015fekilde veya yasal i\u015f nedenleriyle kullanaca\u011f\u0131n\u0131 garanti eder.<\/p>","protected":false},"excerpt":{"rendered":"<p>Atlantis Travel Luxury, ki\u015fisel verilerin i\u015flenmesi konusunda gayet ciddir. A\u015fa\u011f\u0131daki gizlilik politikas\u0131, Atlantis Travel Luxury taraf\u0131ndan topland\u0131ktan sonra ki\u015fisel verilerinizi Atlantis Travel Luxury&#8217;in nas\u0131l i\u015fleyece\u011fini ayr\u0131nt\u0131l\u0131 olarak a\u00e7\u0131klamaktad\u0131r. Atlantis Travel Luxury, verilerinizi yaln\u0131zca burada belirtilen \u015fekilde veya yasal i\u015f nedenleriyle kullanaca\u011f\u0131n\u0131 garanti eder.<\/p>\n","protected":false},"author":4,"featured_media":0,"parent":0,"menu_order":0,"comment_status":"closed","ping_status":"closed","template":"","meta":[],"_links":{"self":[{"href":"https:\/\/atlantisluxurytravel.co.uk\/tr\/wp-json\/wp\/v2\/pages\/230"}],"collection":[{"href":"https:\/\/atlantisluxurytravel.co.uk\/tr\/wp-json\/wp\/v2\/pages"}],"about":[{"href":"https:\/\/atlantisluxurytravel.co.uk\/tr\/wp-json\/wp\/v2\/types\/page"}],"author":[{"embeddable":true,"href":"https:\/\/atlantisluxurytravel.co.uk\/tr\/wp-json\/wp\/v2\/users\/4"}],"replies":[{"embeddable":true,"href":"https:\/\/atlantisluxurytravel.co.uk\/tr\/wp-json\/wp\/v2\/comments?post=230"}],"version-history":[{"count":9,"href":"https:\/\/atlantisluxurytravel.co.uk\/tr\/wp-json\/wp\/v2\/pages\/230\/revisions"}],"predecessor-version":[{"id":1872,"href":"https:\/\/atlantisluxurytravel.co.uk\/tr\/wp-json\/wp\/v2\/pages\/230\/revisions\/1872"}],"wp:attachment":[{"href":"https:\/\/atlantisluxurytravel.co.uk\/tr\/wp-json\/wp\/v2\/media?parent=230"}],"curies":[{"name":"wp","href":"https:\/\/api.w.org\/{rel}","templated":true}]}}