{"id":226,"date":"2018-03-14T14:36:43","date_gmt":"2018-03-14T11:36:43","guid":{"rendered":"http:\/\/atlantisluxurytravel.co.uk\/?page_id=226"},"modified":"2020-06-19T17:47:18","modified_gmt":"2020-06-19T14:47:18","slug":"about","status":"publish","type":"page","link":"https:\/\/atlantisluxurytravel.co.uk\/tr\/about\/","title":{"rendered":"Hakk\u0131m\u0131zda"},"content":{"rendered":"<p>Turizm\u2019de ki 22 y\u0131l\u0131 a\u015fk\u0131n deneyimi olan bizler sekt\u00f6r\u00fcn trendini takip ederek ,teknolojiye yapmakta oldu\u011fumuz yat\u0131r\u0131mlarla,do\u011fru ve d\u00fcr\u00fcst hizmet politikam\u0131zla sizlere profosyenel ,uygun fiyatlara,kaliteli seyahat paketleri sunmaktay\u0131z.<\/p>\n<p>Ki\u015fiye \u00f6zel ve de l\u00fcx tur programlar\u0131 haz\u0131rlayarak cazip fiyatlarla u\u00e7ak bileti sat\u0131\u015f\u0131 da ger\u00e7ekle\u015ftirmekteyiz.<\/p>\n<p>Misafirlerimizin yabanci dil sorunlar\u0131n\u0131 sorumluluk haline getirerek taleplerini k\u0131sa zamanda \u00e7\u00f6zerek onlar\u0131n mutlu bir tatil ge\u00e7irmelerini organize etmek hedefimizdir.<\/p>\n<p style=\"text-align: left;\">\u00c7ok profilli olan \u015firketimizin sunmu\u015f oldu\u011fu kurumsal seyahat,fuar ve kongre organizasyonu, vize deste\u011fi, terc\u00fcmanl\u0131k, dan\u0131\u015fmanl\u0131k ve gayrimenkul gibi konularda da sizlere \u00fcst\u00fcn hizmeti vererek ihtiya\u00e7 ve beklentilerinizi en iyi \u015fekilde, g\u00fcvenilir,h\u0131zl\u0131 ve eksiksiz olarak yerine getirmekteyiz.<\/p>\n<p><\/p>","protected":false},"excerpt":{"rendered":"<p>Turizm\u2019de ki 22 y\u0131l\u0131 a\u015fk\u0131n deneyimi olan bizler sekt\u00f6r\u00fcn trendini takip ederek ,teknolojiye yapmakta oldu\u011fumuz yat\u0131r\u0131mlarla,do\u011fru ve d\u00fcr\u00fcst hizmet politikam\u0131zla sizlere profosyenel ,uygun fiyatlara,kaliteli seyahat paketleri sunmaktay\u0131z. Ki\u015fiye \u00f6zel ve de l\u00fcx tur programlar\u0131 haz\u0131rlayarak cazip fiyatlarla u\u00e7ak bileti sat\u0131\u015f\u0131 da ger\u00e7ekle\u015ftirmekteyiz. Misafirlerimizin yabanci dil sorunlar\u0131n\u0131 sorumluluk haline getirerek taleplerini k\u0131sa zamanda \u00e7\u00f6zerek onlar\u0131n mutlu [&hellip;]<\/p>\n","protected":false},"author":4,"featured_media":0,"parent":0,"menu_order":0,"comment_status":"closed","ping_status":"closed","template":"","meta":[],"_links":{"self":[{"href":"https:\/\/atlantisluxurytravel.co.uk\/tr\/wp-json\/wp\/v2\/pages\/226"}],"collection":[{"href":"https:\/\/atlantisluxurytravel.co.uk\/tr\/wp-json\/wp\/v2\/pages"}],"about":[{"href":"https:\/\/atlantisluxurytravel.co.uk\/tr\/wp-json\/wp\/v2\/types\/page"}],"author":[{"embeddable":true,"href":"https:\/\/atlantisluxurytravel.co.uk\/tr\/wp-json\/wp\/v2\/users\/4"}],"replies":[{"embeddable":true,"href":"https:\/\/atlantisluxurytravel.co.uk\/tr\/wp-json\/wp\/v2\/comments?post=226"}],"version-history":[{"count":30,"href":"https:\/\/atlantisluxurytravel.co.uk\/tr\/wp-json\/wp\/v2\/pages\/226\/revisions"}],"predecessor-version":[{"id":1762,"href":"https:\/\/atlantisluxurytravel.co.uk\/tr\/wp-json\/wp\/v2\/pages\/226\/revisions\/1762"}],"wp:attachment":[{"href":"https:\/\/atlantisluxurytravel.co.uk\/tr\/wp-json\/wp\/v2\/media?parent=226"}],"curies":[{"name":"wp","href":"https:\/\/api.w.org\/{rel}","templated":true}]}}