{"id":1335,"date":"2018-09-05T12:15:26","date_gmt":"2018-09-05T09:15:26","guid":{"rendered":"https:\/\/atlantisluxurytravel.co.uk\/?page_id=1335"},"modified":"2020-04-06T03:39:29","modified_gmt":"2020-04-06T00:39:29","slug":"serv","status":"publish","type":"page","link":"https:\/\/atlantisluxurytravel.co.uk\/tr\/serv\/","title":{"rendered":"Sa\u011fl\u0131k ve Termal Turizmi"},"content":{"rendered":"<p>T\u00fcrkiye, kanser tedavilerinden kozmetik cerrahiye kadar sa\u011fl\u0131k turizminin merkez \u00fcss\u00fc haline gelmi\u015ftir. T\u00fcrkiye ayn\u0131 zamanda \u00fclke genelindeki bir\u00e7ok termal lokasyonla da \u00fcnl\u00fcd\u00fcr. Kapl\u0131calar\u0131n s\u0131cakl\u0131k ve iyile\u015ftirici \u00f6zelliklerine g\u00f6z at\u0131p, cildinizi gen\u00e7le\u015ftirmek i\u00e7in kendinizi Kleopatra&#8217;n\u0131n \u00e7amuruyla kaplay\u0131n.<\/p>\n<p>Do\u011fal su p\u0131narlar\u0131 ve \u00e7amur banyolar\u0131 gibi keyfini \u00e7\u0131karabilece\u011finiz kapl\u0131ca tesisleri Afyon, Bursa ve Denizli&#8217;de bulunmaktad\u0131r.<\/p>\n<p><img decoding=\"async\" loading=\"lazy\" class=\"alignnone size-medium wp-image-1345\" src=\"https:\/\/atlantisluxurytravel.co.uk\/wp-content\/uploads\/2018\/09\/ancient-2889_1920-300x200.jpg\" alt=\"\" width=\"300\" height=\"200\" srcset=\"https:\/\/atlantisluxurytravel.co.uk\/wp-content\/uploads\/2018\/09\/ancient-2889_1920-300x200.jpg 300w, https:\/\/atlantisluxurytravel.co.uk\/wp-content\/uploads\/2018\/09\/ancient-2889_1920-768x512.jpg 768w, https:\/\/atlantisluxurytravel.co.uk\/wp-content\/uploads\/2018\/09\/ancient-2889_1920-1024x683.jpg 1024w, https:\/\/atlantisluxurytravel.co.uk\/wp-content\/uploads\/2018\/09\/ancient-2889_1920-225x150.jpg 225w, https:\/\/atlantisluxurytravel.co.uk\/wp-content\/uploads\/2018\/09\/ancient-2889_1920.jpg 1920w\" sizes=\"(max-width: 300px) 100vw, 300px\" \/><\/p>\n<p>Bize verece\u011finiz bilgiler ve talepler do\u011frultusunda ki\u015fiye \u00f6zel seyahatler\u00a0 organize etmekteyiz .<\/p>","protected":false},"excerpt":{"rendered":"<p>T\u00fcrkiye, kanser tedavilerinden kozmetik cerrahiye kadar sa\u011fl\u0131k turizminin merkez \u00fcss\u00fc haline gelmi\u015ftir. T\u00fcrkiye ayn\u0131 zamanda \u00fclke genelindeki bir\u00e7ok termal lokasyonla da \u00fcnl\u00fcd\u00fcr. Kapl\u0131calar\u0131n s\u0131cakl\u0131k ve iyile\u015ftirici \u00f6zelliklerine g\u00f6z at\u0131p, cildinizi gen\u00e7le\u015ftirmek i\u00e7in kendinizi Kleopatra&#8217;n\u0131n \u00e7amuruyla kaplay\u0131n. Do\u011fal su p\u0131narlar\u0131 ve \u00e7amur banyolar\u0131 gibi keyfini \u00e7\u0131karabilece\u011finiz kapl\u0131ca tesisleri Afyon, Bursa ve Denizli&#8217;de bulunmaktad\u0131r. Bize verece\u011finiz bilgiler [&hellip;]<\/p>\n","protected":false},"author":4,"featured_media":0,"parent":0,"menu_order":0,"comment_status":"closed","ping_status":"closed","template":"","meta":[],"_links":{"self":[{"href":"https:\/\/atlantisluxurytravel.co.uk\/tr\/wp-json\/wp\/v2\/pages\/1335"}],"collection":[{"href":"https:\/\/atlantisluxurytravel.co.uk\/tr\/wp-json\/wp\/v2\/pages"}],"about":[{"href":"https:\/\/atlantisluxurytravel.co.uk\/tr\/wp-json\/wp\/v2\/types\/page"}],"author":[{"embeddable":true,"href":"https:\/\/atlantisluxurytravel.co.uk\/tr\/wp-json\/wp\/v2\/users\/4"}],"replies":[{"embeddable":true,"href":"https:\/\/atlantisluxurytravel.co.uk\/tr\/wp-json\/wp\/v2\/comments?post=1335"}],"version-history":[{"count":17,"href":"https:\/\/atlantisluxurytravel.co.uk\/tr\/wp-json\/wp\/v2\/pages\/1335\/revisions"}],"predecessor-version":[{"id":1698,"href":"https:\/\/atlantisluxurytravel.co.uk\/tr\/wp-json\/wp\/v2\/pages\/1335\/revisions\/1698"}],"wp:attachment":[{"href":"https:\/\/atlantisluxurytravel.co.uk\/tr\/wp-json\/wp\/v2\/media?parent=1335"}],"curies":[{"name":"wp","href":"https:\/\/api.w.org\/{rel}","templated":true}]}}