{"id":121,"date":"2018-03-12T10:19:18","date_gmt":"2018-03-12T07:19:18","guid":{"rendered":"http:\/\/atlantisluxurytravel.co.uk\/?page_id=121"},"modified":"2018-05-02T20:29:32","modified_gmt":"2018-05-02T17:29:32","slug":"selling","status":"publish","type":"page","link":"https:\/\/atlantisluxurytravel.co.uk\/tr\/selling\/","title":{"rendered":"Sat\u0131\u015f"},"content":{"rendered":"<p>En k\u0131sa s\u00fcrede sonu\u00e7 alabilmek i\u00e7in piyasa ara\u015ft\u0131rmas\u0131 yap\u0131p ve m\u00fclk\u00fcn\u00fcz\u00fc en uygun fiyat\u0131 t\u00fcm bilgileri sat\u0131\u015f kanallar\u0131m\u0131za da\u011f\u0131tarak pazarlar\u0131z.<\/p>\n<p>Profesyonel ekibimiz ayr\u0131ca \u0130ngiltere veya T\u00fcrkiye&#8217;de ki yerel sat\u0131\u015f kanunlar\u0131na g\u00f6re sat\u0131\u015f a\u015famas\u0131nda belgeleri haz\u0131rlarlar.<\/p>","protected":false},"excerpt":{"rendered":"<p>En k\u0131sa s\u00fcrede sonu\u00e7 alabilmek i\u00e7in piyasa ara\u015ft\u0131rmas\u0131 yap\u0131p ve m\u00fclk\u00fcn\u00fcz\u00fc en uygun fiyat\u0131 t\u00fcm bilgileri sat\u0131\u015f kanallar\u0131m\u0131za da\u011f\u0131tarak pazarlar\u0131z. Profesyonel ekibimiz ayr\u0131ca \u0130ngiltere veya T\u00fcrkiye&#8217;de ki yerel sat\u0131\u015f kanunlar\u0131na g\u00f6re sat\u0131\u015f a\u015famas\u0131nda belgeleri haz\u0131rlarlar.<\/p>\n","protected":false},"author":1,"featured_media":0,"parent":0,"menu_order":0,"comment_status":"closed","ping_status":"closed","template":"","meta":[],"_links":{"self":[{"href":"https:\/\/atlantisluxurytravel.co.uk\/tr\/wp-json\/wp\/v2\/pages\/121"}],"collection":[{"href":"https:\/\/atlantisluxurytravel.co.uk\/tr\/wp-json\/wp\/v2\/pages"}],"about":[{"href":"https:\/\/atlantisluxurytravel.co.uk\/tr\/wp-json\/wp\/v2\/types\/page"}],"author":[{"embeddable":true,"href":"https:\/\/atlantisluxurytravel.co.uk\/tr\/wp-json\/wp\/v2\/users\/1"}],"replies":[{"embeddable":true,"href":"https:\/\/atlantisluxurytravel.co.uk\/tr\/wp-json\/wp\/v2\/comments?post=121"}],"version-history":[{"count":6,"href":"https:\/\/atlantisluxurytravel.co.uk\/tr\/wp-json\/wp\/v2\/pages\/121\/revisions"}],"predecessor-version":[{"id":833,"href":"https:\/\/atlantisluxurytravel.co.uk\/tr\/wp-json\/wp\/v2\/pages\/121\/revisions\/833"}],"wp:attachment":[{"href":"https:\/\/atlantisluxurytravel.co.uk\/tr\/wp-json\/wp\/v2\/media?parent=121"}],"curies":[{"name":"wp","href":"https:\/\/api.w.org\/{rel}","templated":true}]}}