{"id":119,"date":"2018-03-12T10:19:10","date_gmt":"2018-03-12T07:19:10","guid":{"rendered":"http:\/\/atlantisluxurytravel.co.uk\/?page_id=119"},"modified":"2018-04-19T16:15:22","modified_gmt":"2018-04-19T13:15:22","slug":"buying","status":"publish","type":"page","link":"https:\/\/atlantisluxurytravel.co.uk\/tr\/buying\/","title":{"rendered":"Sat\u0131n Alma"},"content":{"rendered":"<p>D\u00fc\u015f\u00fcncelerinizi, beklentilerinizi ve de b\u00fct\u00e7enizi g\u00f6z \u00f6n\u00fcnde tutarak, gayrimenkul\u00fcn\u00fcz\u00fc \u0130ngiltere veya T\u00fcrkiye&#8217;deki portf\u00f6y\u00fcm\u00fczde ara\u015ft\u0131r\u0131p buluyoruz.<\/p>\n<p>Sat\u0131n alman\u0131z i\u00e7in mutlaka bir \u00e7ok \u00fcr\u00fcn size sunulacakt\u0131r,fakat deneyimli profosyenel ekibimiz sayesinde sat\u0131n alma s\u00fcreciniz \u00e7ok daha kolay hale geleceketir.<\/p>","protected":false},"excerpt":{"rendered":"<p>D\u00fc\u015f\u00fcncelerinizi, beklentilerinizi ve de b\u00fct\u00e7enizi g\u00f6z \u00f6n\u00fcnde tutarak, gayrimenkul\u00fcn\u00fcz\u00fc \u0130ngiltere veya T\u00fcrkiye&#8217;deki portf\u00f6y\u00fcm\u00fczde ara\u015ft\u0131r\u0131p buluyoruz. Sat\u0131n alman\u0131z i\u00e7in mutlaka bir \u00e7ok \u00fcr\u00fcn size sunulacakt\u0131r,fakat deneyimli profosyenel ekibimiz sayesinde sat\u0131n alma s\u00fcreciniz \u00e7ok daha kolay hale geleceketir.<\/p>\n","protected":false},"author":1,"featured_media":0,"parent":0,"menu_order":0,"comment_status":"closed","ping_status":"closed","template":"","meta":[],"_links":{"self":[{"href":"https:\/\/atlantisluxurytravel.co.uk\/tr\/wp-json\/wp\/v2\/pages\/119"}],"collection":[{"href":"https:\/\/atlantisluxurytravel.co.uk\/tr\/wp-json\/wp\/v2\/pages"}],"about":[{"href":"https:\/\/atlantisluxurytravel.co.uk\/tr\/wp-json\/wp\/v2\/types\/page"}],"author":[{"embeddable":true,"href":"https:\/\/atlantisluxurytravel.co.uk\/tr\/wp-json\/wp\/v2\/users\/1"}],"replies":[{"embeddable":true,"href":"https:\/\/atlantisluxurytravel.co.uk\/tr\/wp-json\/wp\/v2\/comments?post=119"}],"version-history":[{"count":4,"href":"https:\/\/atlantisluxurytravel.co.uk\/tr\/wp-json\/wp\/v2\/pages\/119\/revisions"}],"predecessor-version":[{"id":634,"href":"https:\/\/atlantisluxurytravel.co.uk\/tr\/wp-json\/wp\/v2\/pages\/119\/revisions\/634"}],"wp:attachment":[{"href":"https:\/\/atlantisluxurytravel.co.uk\/tr\/wp-json\/wp\/v2\/media?parent=119"}],"curies":[{"name":"wp","href":"https:\/\/api.w.org\/{rel}","templated":true}]}}