{"id":115,"date":"2018-03-12T10:18:55","date_gmt":"2018-03-12T07:18:55","guid":{"rendered":"http:\/\/atlantisluxurytravel.co.uk\/?page_id=115"},"modified":"2018-04-18T19:30:02","modified_gmt":"2018-04-18T16:30:02","slug":"view-organization","status":"publish","type":"page","link":"https:\/\/atlantisluxurytravel.co.uk\/tr\/view-organization\/","title":{"rendered":"Emlak \u0130nceleme Turu"},"content":{"rendered":"<p>Sunmu\u015f oldu\u011fumuz gayrimenkulleri siz be\u011fendikten sonra &#8220;Emlak Turunuz&#8221; ad\u0131 alt\u0131nda bir organizasyon yap\u0131yoruz.<\/p>\n<p>Ayr\u0131ca se\u00e7ti\u011finiz m\u00fclkleri sizinle birlikte ziyaret ederek yerinde inceleyip ve de size daha detayl\u0131 bilgi veriyoruz.<\/p>","protected":false},"excerpt":{"rendered":"<p>Sunmu\u015f oldu\u011fumuz gayrimenkulleri siz be\u011fendikten sonra &#8220;Emlak Turunuz&#8221; ad\u0131 alt\u0131nda bir organizasyon yap\u0131yoruz. Ayr\u0131ca se\u00e7ti\u011finiz m\u00fclkleri sizinle birlikte ziyaret ederek yerinde inceleyip ve de size daha detayl\u0131 bilgi veriyoruz.<\/p>\n","protected":false},"author":1,"featured_media":0,"parent":0,"menu_order":0,"comment_status":"closed","ping_status":"closed","template":"","meta":[],"_links":{"self":[{"href":"https:\/\/atlantisluxurytravel.co.uk\/tr\/wp-json\/wp\/v2\/pages\/115"}],"collection":[{"href":"https:\/\/atlantisluxurytravel.co.uk\/tr\/wp-json\/wp\/v2\/pages"}],"about":[{"href":"https:\/\/atlantisluxurytravel.co.uk\/tr\/wp-json\/wp\/v2\/types\/page"}],"author":[{"embeddable":true,"href":"https:\/\/atlantisluxurytravel.co.uk\/tr\/wp-json\/wp\/v2\/users\/1"}],"replies":[{"embeddable":true,"href":"https:\/\/atlantisluxurytravel.co.uk\/tr\/wp-json\/wp\/v2\/comments?post=115"}],"version-history":[{"count":4,"href":"https:\/\/atlantisluxurytravel.co.uk\/tr\/wp-json\/wp\/v2\/pages\/115\/revisions"}],"predecessor-version":[{"id":610,"href":"https:\/\/atlantisluxurytravel.co.uk\/tr\/wp-json\/wp\/v2\/pages\/115\/revisions\/610"}],"wp:attachment":[{"href":"https:\/\/atlantisluxurytravel.co.uk\/tr\/wp-json\/wp\/v2\/media?parent=115"}],"curies":[{"name":"wp","href":"https:\/\/api.w.org\/{rel}","templated":true}]}}