{"id":113,"date":"2018-03-12T10:18:48","date_gmt":"2018-03-12T07:18:48","guid":{"rendered":"http:\/\/atlantisluxurytravel.co.uk\/?page_id=113"},"modified":"2018-05-14T01:54:00","modified_gmt":"2018-05-13T22:54:00","slug":"porter","status":"publish","type":"page","link":"https:\/\/atlantisluxurytravel.co.uk\/tr\/porter\/","title":{"rendered":"Porter"},"content":{"rendered":"<p>Havaliman\u0131 kompleksinin i\u00e7inde misafirlerimizin rahatl\u0131\u011f\u0131 i\u00e7in baz\u0131 havaalanlar\u0131nda bagaj servisimiz vard\u0131r, el arabalar\u0131n\u0131n ta\u015f\u0131yabilece\u011finden daha fazla bagaj ta\u015f\u0131nmas\u0131n\u0131n gerekti\u011fi durumlarda bizimle ileti\u015fime ge\u00e7iniz ve bu hizmeti ald\u0131\u011f\u0131n\u0131zda seyahatiniz daha m\u00fckemmele\u015fecektir.<\/p>\n<p><img decoding=\"async\" loading=\"lazy\" class=\"alignnone size-medium wp-image-1129\" src=\"https:\/\/atlantisluxurytravel.co.uk\/wp-content\/uploads\/2018\/05\/Porter-Service-300x213.jpg\" alt=\"\" width=\"300\" height=\"213\" srcset=\"https:\/\/atlantisluxurytravel.co.uk\/wp-content\/uploads\/2018\/05\/Porter-Service-300x213.jpg 300w, https:\/\/atlantisluxurytravel.co.uk\/wp-content\/uploads\/2018\/05\/Porter-Service-211x150.jpg 211w, https:\/\/atlantisluxurytravel.co.uk\/wp-content\/uploads\/2018\/05\/Porter-Service.jpg 620w\" sizes=\"(max-width: 300px) 100vw, 300px\" \/><\/p>","protected":false},"excerpt":{"rendered":"<p>Havaliman\u0131 kompleksinin i\u00e7inde misafirlerimizin rahatl\u0131\u011f\u0131 i\u00e7in baz\u0131 havaalanlar\u0131nda bagaj servisimiz vard\u0131r, el arabalar\u0131n\u0131n ta\u015f\u0131yabilece\u011finden daha fazla bagaj ta\u015f\u0131nmas\u0131n\u0131n gerekti\u011fi durumlarda bizimle ileti\u015fime ge\u00e7iniz ve bu hizmeti ald\u0131\u011f\u0131n\u0131zda seyahatiniz daha m\u00fckemmele\u015fecektir.<\/p>\n","protected":false},"author":1,"featured_media":0,"parent":0,"menu_order":0,"comment_status":"closed","ping_status":"closed","template":"","meta":[],"_links":{"self":[{"href":"https:\/\/atlantisluxurytravel.co.uk\/tr\/wp-json\/wp\/v2\/pages\/113"}],"collection":[{"href":"https:\/\/atlantisluxurytravel.co.uk\/tr\/wp-json\/wp\/v2\/pages"}],"about":[{"href":"https:\/\/atlantisluxurytravel.co.uk\/tr\/wp-json\/wp\/v2\/types\/page"}],"author":[{"embeddable":true,"href":"https:\/\/atlantisluxurytravel.co.uk\/tr\/wp-json\/wp\/v2\/users\/1"}],"replies":[{"embeddable":true,"href":"https:\/\/atlantisluxurytravel.co.uk\/tr\/wp-json\/wp\/v2\/comments?post=113"}],"version-history":[{"count":8,"href":"https:\/\/atlantisluxurytravel.co.uk\/tr\/wp-json\/wp\/v2\/pages\/113\/revisions"}],"predecessor-version":[{"id":1130,"href":"https:\/\/atlantisluxurytravel.co.uk\/tr\/wp-json\/wp\/v2\/pages\/113\/revisions\/1130"}],"wp:attachment":[{"href":"https:\/\/atlantisluxurytravel.co.uk\/tr\/wp-json\/wp\/v2\/media?parent=113"}],"curies":[{"name":"wp","href":"https:\/\/api.w.org\/{rel}","templated":true}]}}