{"id":111,"date":"2018-03-12T10:18:39","date_gmt":"2018-03-12T07:18:39","guid":{"rendered":"http:\/\/atlantisluxurytravel.co.uk\/?page_id=111"},"modified":"2018-03-27T17:03:59","modified_gmt":"2018-03-27T14:03:59","slug":"private-interpreter","status":"publish","type":"page","link":"https:\/\/atlantisluxurytravel.co.uk\/tr\/private-interpreter\/","title":{"rendered":"\u00d6zel Terc\u00fcman"},"content":{"rendered":"<p>\u0130ngilize,Rus\u00e7a ve T\u00fcrk\u00e7e dillerinde sunulan \u00f6zel terc\u00fcmanl\u0131k hizmetimiz sayesinde seyahatlerinizde b\u00fcy\u00fck kolayl\u0131k ve rahatl\u0131k hissedeceksiniz.<\/p>","protected":false},"excerpt":{"rendered":"<p>\u0130ngilize,Rus\u00e7a ve T\u00fcrk\u00e7e dillerinde sunulan \u00f6zel terc\u00fcmanl\u0131k hizmetimiz sayesinde seyahatlerinizde b\u00fcy\u00fck kolayl\u0131k ve rahatl\u0131k hissedeceksiniz.<\/p>\n","protected":false},"author":1,"featured_media":0,"parent":0,"menu_order":0,"comment_status":"closed","ping_status":"closed","template":"","meta":[],"_links":{"self":[{"href":"https:\/\/atlantisluxurytravel.co.uk\/tr\/wp-json\/wp\/v2\/pages\/111"}],"collection":[{"href":"https:\/\/atlantisluxurytravel.co.uk\/tr\/wp-json\/wp\/v2\/pages"}],"about":[{"href":"https:\/\/atlantisluxurytravel.co.uk\/tr\/wp-json\/wp\/v2\/types\/page"}],"author":[{"embeddable":true,"href":"https:\/\/atlantisluxurytravel.co.uk\/tr\/wp-json\/wp\/v2\/users\/1"}],"replies":[{"embeddable":true,"href":"https:\/\/atlantisluxurytravel.co.uk\/tr\/wp-json\/wp\/v2\/comments?post=111"}],"version-history":[{"count":3,"href":"https:\/\/atlantisluxurytravel.co.uk\/tr\/wp-json\/wp\/v2\/pages\/111\/revisions"}],"predecessor-version":[{"id":427,"href":"https:\/\/atlantisluxurytravel.co.uk\/tr\/wp-json\/wp\/v2\/pages\/111\/revisions\/427"}],"wp:attachment":[{"href":"https:\/\/atlantisluxurytravel.co.uk\/tr\/wp-json\/wp\/v2\/media?parent=111"}],"curies":[{"name":"wp","href":"https:\/\/api.w.org\/{rel}","templated":true}]}}