{"id":109,"date":"2018-03-12T10:18:32","date_gmt":"2018-03-12T07:18:32","guid":{"rendered":"http:\/\/atlantisluxurytravel.co.uk\/?page_id=109"},"modified":"2018-05-18T01:12:35","modified_gmt":"2018-05-17T22:12:35","slug":"visa-support","status":"publish","type":"page","link":"https:\/\/atlantisluxurytravel.co.uk\/tr\/visa-support\/","title":{"rendered":"Vize Deste\u011fi"},"content":{"rendered":"<p>Vize deste\u011fimizi alarak Amerika Birle\u015fik Devletleri,\u0130ngiltere ve Avrupa Birli\u011fi \u00fclkeri i\u00e7in sayfalarca vize ba\u015fvuru formlar\u0131 doldurman\u0131za art\u0131k gerek kalmayacak.<br \/>\nRusya ,M\u0131s\u0131r \u00fclkelerine vize takibini yapabiliriz.<\/p>\n<p><img decoding=\"async\" loading=\"lazy\" class=\"alignnone size-medium wp-image-1127\" src=\"https:\/\/atlantisluxurytravel.co.uk\/wp-content\/uploads\/2018\/05\/visa-application-300x183.jpg\" alt=\"\" width=\"300\" height=\"183\" srcset=\"https:\/\/atlantisluxurytravel.co.uk\/wp-content\/uploads\/2018\/05\/visa-application-300x183.jpg 300w, https:\/\/atlantisluxurytravel.co.uk\/wp-content\/uploads\/2018\/05\/visa-application-768x469.jpg 768w, https:\/\/atlantisluxurytravel.co.uk\/wp-content\/uploads\/2018\/05\/visa-application-1024x625.jpg 1024w, https:\/\/atlantisluxurytravel.co.uk\/wp-content\/uploads\/2018\/05\/visa-application-246x150.jpg 246w\" sizes=\"(max-width: 300px) 100vw, 300px\" \/><\/p>","protected":false},"excerpt":{"rendered":"<p>Vize deste\u011fimizi alarak Amerika Birle\u015fik Devletleri,\u0130ngiltere ve Avrupa Birli\u011fi \u00fclkeri i\u00e7in sayfalarca vize ba\u015fvuru formlar\u0131 doldurman\u0131za art\u0131k gerek kalmayacak. Rusya ,M\u0131s\u0131r \u00fclkelerine vize takibini yapabiliriz.<\/p>\n","protected":false},"author":1,"featured_media":0,"parent":0,"menu_order":0,"comment_status":"closed","ping_status":"closed","template":"","meta":[],"_links":{"self":[{"href":"https:\/\/atlantisluxurytravel.co.uk\/tr\/wp-json\/wp\/v2\/pages\/109"}],"collection":[{"href":"https:\/\/atlantisluxurytravel.co.uk\/tr\/wp-json\/wp\/v2\/pages"}],"about":[{"href":"https:\/\/atlantisluxurytravel.co.uk\/tr\/wp-json\/wp\/v2\/types\/page"}],"author":[{"embeddable":true,"href":"https:\/\/atlantisluxurytravel.co.uk\/tr\/wp-json\/wp\/v2\/users\/1"}],"replies":[{"embeddable":true,"href":"https:\/\/atlantisluxurytravel.co.uk\/tr\/wp-json\/wp\/v2\/comments?post=109"}],"version-history":[{"count":8,"href":"https:\/\/atlantisluxurytravel.co.uk\/tr\/wp-json\/wp\/v2\/pages\/109\/revisions"}],"predecessor-version":[{"id":1151,"href":"https:\/\/atlantisluxurytravel.co.uk\/tr\/wp-json\/wp\/v2\/pages\/109\/revisions\/1151"}],"wp:attachment":[{"href":"https:\/\/atlantisluxurytravel.co.uk\/tr\/wp-json\/wp\/v2\/media?parent=109"}],"curies":[{"name":"wp","href":"https:\/\/api.w.org\/{rel}","templated":true}]}}