{"id":107,"date":"2018-03-12T10:18:25","date_gmt":"2018-03-12T07:18:25","guid":{"rendered":"http:\/\/atlantisluxurytravel.co.uk\/?page_id=107"},"modified":"2018-05-13T03:24:25","modified_gmt":"2018-05-13T00:24:25","slug":"transportation","status":"publish","type":"page","link":"https:\/\/atlantisluxurytravel.co.uk\/tr\/transportation\/","title":{"rendered":"ULA\u015eIM"},"content":{"rendered":"<p>D\u00fcnya&#8217;daki belli ba\u015fl\u0131 havaalimanlar\u0131ndan gidece\u011finiz yere kadar size kaliteli,en uygun fiyata g\u00fcvenli seyahat ve kolay rezervasyon imkan\u0131yla transfer hizmeti sunmaktay\u0131z.<\/p>\n<p><img decoding=\"async\" loading=\"lazy\" class=\"alignnone size-medium wp-image-1105\" src=\"https:\/\/atlantisluxurytravel.co.uk\/wp-content\/uploads\/2018\/05\/hire-mercedes-e-class-sedan-2014-009-300x225.jpg\" alt=\"\" width=\"300\" height=\"225\" srcset=\"https:\/\/atlantisluxurytravel.co.uk\/wp-content\/uploads\/2018\/05\/hire-mercedes-e-class-sedan-2014-009-300x225.jpg 300w, https:\/\/atlantisluxurytravel.co.uk\/wp-content\/uploads\/2018\/05\/hire-mercedes-e-class-sedan-2014-009-768x576.jpg 768w, https:\/\/atlantisluxurytravel.co.uk\/wp-content\/uploads\/2018\/05\/hire-mercedes-e-class-sedan-2014-009.jpg 1024w, https:\/\/atlantisluxurytravel.co.uk\/wp-content\/uploads\/2018\/05\/hire-mercedes-e-class-sedan-2014-009-200x150.jpg 200w\" sizes=\"(max-width: 300px) 100vw, 300px\" \/><\/p>\n<p><img decoding=\"async\" loading=\"lazy\" class=\"alignnone size-medium wp-image-887\" src=\"http:\/\/atlantisluxurytravel.co.uk\/wp-content\/uploads\/2018\/05\/2010-mercedes-benz-viano-01-300x172.jpg\" alt=\"\" width=\"300\" height=\"172\" srcset=\"https:\/\/atlantisluxurytravel.co.uk\/wp-content\/uploads\/2018\/05\/2010-mercedes-benz-viano-01-300x172.jpg 300w, https:\/\/atlantisluxurytravel.co.uk\/wp-content\/uploads\/2018\/05\/2010-mercedes-benz-viano-01-768x440.jpg 768w, https:\/\/atlantisluxurytravel.co.uk\/wp-content\/uploads\/2018\/05\/2010-mercedes-benz-viano-01-1024x586.jpg 1024w, https:\/\/atlantisluxurytravel.co.uk\/wp-content\/uploads\/2018\/05\/2010-mercedes-benz-viano-01-250x143.jpg 250w\" sizes=\"(max-width: 300px) 100vw, 300px\" \/><\/p>","protected":false},"excerpt":{"rendered":"<p>D\u00fcnya&#8217;daki belli ba\u015fl\u0131 havaalimanlar\u0131ndan gidece\u011finiz yere kadar size kaliteli,en uygun fiyata g\u00fcvenli seyahat ve kolay rezervasyon imkan\u0131yla transfer hizmeti sunmaktay\u0131z.<\/p>\n","protected":false},"author":1,"featured_media":0,"parent":0,"menu_order":0,"comment_status":"closed","ping_status":"closed","template":"","meta":[],"_links":{"self":[{"href":"https:\/\/atlantisluxurytravel.co.uk\/tr\/wp-json\/wp\/v2\/pages\/107"}],"collection":[{"href":"https:\/\/atlantisluxurytravel.co.uk\/tr\/wp-json\/wp\/v2\/pages"}],"about":[{"href":"https:\/\/atlantisluxurytravel.co.uk\/tr\/wp-json\/wp\/v2\/types\/page"}],"author":[{"embeddable":true,"href":"https:\/\/atlantisluxurytravel.co.uk\/tr\/wp-json\/wp\/v2\/users\/1"}],"replies":[{"embeddable":true,"href":"https:\/\/atlantisluxurytravel.co.uk\/tr\/wp-json\/wp\/v2\/comments?post=107"}],"version-history":[{"count":6,"href":"https:\/\/atlantisluxurytravel.co.uk\/tr\/wp-json\/wp\/v2\/pages\/107\/revisions"}],"predecessor-version":[{"id":1107,"href":"https:\/\/atlantisluxurytravel.co.uk\/tr\/wp-json\/wp\/v2\/pages\/107\/revisions\/1107"}],"wp:attachment":[{"href":"https:\/\/atlantisluxurytravel.co.uk\/tr\/wp-json\/wp\/v2\/media?parent=107"}],"curies":[{"name":"wp","href":"https:\/\/api.w.org\/{rel}","templated":true}]}}