{"id":105,"date":"2018-03-12T10:18:17","date_gmt":"2018-03-12T07:18:17","guid":{"rendered":"http:\/\/atlantisluxurytravel.co.uk\/?page_id=105"},"modified":"2018-04-20T21:27:12","modified_gmt":"2018-04-20T18:27:12","slug":"private-guide","status":"publish","type":"page","link":"https:\/\/atlantisluxurytravel.co.uk\/tr\/private-guide\/","title":{"rendered":"\u00d6zel Rehber"},"content":{"rendered":"<p>Se\u00e7kin \u00f6zel rehberlerimizle gezi rotan\u0131z\u0131 planlayarak hizmetler veriyoruz. Size sunulan \u015fehirlerde kendiniz veya sevdikleriniz i\u00e7in ilgin\u00e7 ve bilgilendirici ve e\u011flenceli bir tur d\u00fczenlemek isterseniz, size \u00f6zel profesyonel rehberinizle y\u00f6resel tatlar\u0131 da tadaca\u011f\u0131n\u0131z restoran ve kafe rezervasyonu yaparak, ayr\u0131ca \u00f6ren yerleri giri\u015f biletlerinizi \u00f6nceden alarak gezinizi organize etmekteyiz .<\/p>\n<p><img decoding=\"async\" loading=\"lazy\" class=\"alignnone size-medium wp-image-515\" src=\"http:\/\/atlantisluxurytravel.co.uk\/wp-content\/uploads\/2018\/04\/janis-oppliger-178385-unsplash-resize-1-300x200.jpg\" alt=\"\" width=\"300\" height=\"200\" srcset=\"https:\/\/atlantisluxurytravel.co.uk\/wp-content\/uploads\/2018\/04\/janis-oppliger-178385-unsplash-resize-1-300x200.jpg 300w, https:\/\/atlantisluxurytravel.co.uk\/wp-content\/uploads\/2018\/04\/janis-oppliger-178385-unsplash-resize-1-768x512.jpg 768w, https:\/\/atlantisluxurytravel.co.uk\/wp-content\/uploads\/2018\/04\/janis-oppliger-178385-unsplash-resize-1-1024x682.jpg 1024w, https:\/\/atlantisluxurytravel.co.uk\/wp-content\/uploads\/2018\/04\/janis-oppliger-178385-unsplash-resize-1-225x150.jpg 225w, https:\/\/atlantisluxurytravel.co.uk\/wp-content\/uploads\/2018\/04\/janis-oppliger-178385-unsplash-resize-1.jpg 1600w\" sizes=\"(max-width: 300px) 100vw, 300px\" \/><\/p>","protected":false},"excerpt":{"rendered":"<p>Se\u00e7kin \u00f6zel rehberlerimizle gezi rotan\u0131z\u0131 planlayarak hizmetler veriyoruz. Size sunulan \u015fehirlerde kendiniz veya sevdikleriniz i\u00e7in ilgin\u00e7 ve bilgilendirici ve e\u011flenceli bir tur d\u00fczenlemek isterseniz, size \u00f6zel profesyonel rehberinizle y\u00f6resel tatlar\u0131 da tadaca\u011f\u0131n\u0131z restoran ve kafe rezervasyonu yaparak, ayr\u0131ca \u00f6ren yerleri giri\u015f biletlerinizi \u00f6nceden alarak gezinizi organize etmekteyiz .<\/p>\n","protected":false},"author":1,"featured_media":0,"parent":0,"menu_order":0,"comment_status":"closed","ping_status":"closed","template":"","meta":[],"_links":{"self":[{"href":"https:\/\/atlantisluxurytravel.co.uk\/tr\/wp-json\/wp\/v2\/pages\/105"}],"collection":[{"href":"https:\/\/atlantisluxurytravel.co.uk\/tr\/wp-json\/wp\/v2\/pages"}],"about":[{"href":"https:\/\/atlantisluxurytravel.co.uk\/tr\/wp-json\/wp\/v2\/types\/page"}],"author":[{"embeddable":true,"href":"https:\/\/atlantisluxurytravel.co.uk\/tr\/wp-json\/wp\/v2\/users\/1"}],"replies":[{"embeddable":true,"href":"https:\/\/atlantisluxurytravel.co.uk\/tr\/wp-json\/wp\/v2\/comments?post=105"}],"version-history":[{"count":8,"href":"https:\/\/atlantisluxurytravel.co.uk\/tr\/wp-json\/wp\/v2\/pages\/105\/revisions"}],"predecessor-version":[{"id":652,"href":"https:\/\/atlantisluxurytravel.co.uk\/tr\/wp-json\/wp\/v2\/pages\/105\/revisions\/652"}],"wp:attachment":[{"href":"https:\/\/atlantisluxurytravel.co.uk\/tr\/wp-json\/wp\/v2\/media?parent=105"}],"curies":[{"name":"wp","href":"https:\/\/api.w.org\/{rel}","templated":true}]}}