{"id":103,"date":"2018-03-12T10:18:10","date_gmt":"2018-03-12T07:18:10","guid":{"rendered":"http:\/\/atlantisluxurytravel.co.uk\/?page_id=103"},"modified":"2018-04-22T01:54:04","modified_gmt":"2018-04-21T22:54:04","slug":"consultation","status":"publish","type":"page","link":"https:\/\/atlantisluxurytravel.co.uk\/tr\/consultation\/","title":{"rendered":"Profesyonel Dan\u0131\u015fmanl\u0131k"},"content":{"rendered":"<p>Dan\u0131\u015fmanl\u0131k hizmeti sunan ekibimiz, m\u00fc\u015fterilerimizin strateji, pazarlama, organizasyon, operasyon, yat\u0131r\u0131m, y\u00f6netim, dijital, geli\u015fmi\u015f analitik, kurumsal finansman, birle\u015fme ve sat\u0131n almalar ve t\u00fcm end\u00fcstriler ve co\u011frafyalarda s\u00fcrd\u00fcr\u00fclebilirlik gibi \u00f6nemli konular\u0131na ve f\u0131rsatlar\u0131na odaklanmaktad\u0131r.<\/p>\n<p><img decoding=\"async\" loading=\"lazy\" class=\"alignnone size-medium wp-image-510\" src=\"http:\/\/atlantisluxurytravel.co.uk\/wp-content\/uploads\/2018\/04\/rawpixel-com-423665-unsplash-resized-300x191.jpg\" alt=\"\" width=\"300\" height=\"191\" srcset=\"https:\/\/atlantisluxurytravel.co.uk\/wp-content\/uploads\/2018\/04\/rawpixel-com-423665-unsplash-resized-300x191.jpg 300w, https:\/\/atlantisluxurytravel.co.uk\/wp-content\/uploads\/2018\/04\/rawpixel-com-423665-unsplash-resized-768x488.jpg 768w, https:\/\/atlantisluxurytravel.co.uk\/wp-content\/uploads\/2018\/04\/rawpixel-com-423665-unsplash-resized-1024x651.jpg 1024w, https:\/\/atlantisluxurytravel.co.uk\/wp-content\/uploads\/2018\/04\/rawpixel-com-423665-unsplash-resized-236x150.jpg 236w, https:\/\/atlantisluxurytravel.co.uk\/wp-content\/uploads\/2018\/04\/rawpixel-com-423665-unsplash-resized.jpg 1500w\" sizes=\"(max-width: 300px) 100vw, 300px\" \/><\/p>","protected":false},"excerpt":{"rendered":"<p>Dan\u0131\u015fmanl\u0131k hizmeti sunan ekibimiz, m\u00fc\u015fterilerimizin strateji, pazarlama, organizasyon, operasyon, yat\u0131r\u0131m, y\u00f6netim, dijital, geli\u015fmi\u015f analitik, kurumsal finansman, birle\u015fme ve sat\u0131n almalar ve t\u00fcm end\u00fcstriler ve co\u011frafyalarda s\u00fcrd\u00fcr\u00fclebilirlik gibi \u00f6nemli konular\u0131na ve f\u0131rsatlar\u0131na odaklanmaktad\u0131r.<\/p>\n","protected":false},"author":1,"featured_media":0,"parent":0,"menu_order":0,"comment_status":"closed","ping_status":"closed","template":"","meta":[],"_links":{"self":[{"href":"https:\/\/atlantisluxurytravel.co.uk\/tr\/wp-json\/wp\/v2\/pages\/103"}],"collection":[{"href":"https:\/\/atlantisluxurytravel.co.uk\/tr\/wp-json\/wp\/v2\/pages"}],"about":[{"href":"https:\/\/atlantisluxurytravel.co.uk\/tr\/wp-json\/wp\/v2\/types\/page"}],"author":[{"embeddable":true,"href":"https:\/\/atlantisluxurytravel.co.uk\/tr\/wp-json\/wp\/v2\/users\/1"}],"replies":[{"embeddable":true,"href":"https:\/\/atlantisluxurytravel.co.uk\/tr\/wp-json\/wp\/v2\/comments?post=103"}],"version-history":[{"count":7,"href":"https:\/\/atlantisluxurytravel.co.uk\/tr\/wp-json\/wp\/v2\/pages\/103\/revisions"}],"predecessor-version":[{"id":667,"href":"https:\/\/atlantisluxurytravel.co.uk\/tr\/wp-json\/wp\/v2\/pages\/103\/revisions\/667"}],"wp:attachment":[{"href":"https:\/\/atlantisluxurytravel.co.uk\/tr\/wp-json\/wp\/v2\/media?parent=103"}],"curies":[{"name":"wp","href":"https:\/\/api.w.org\/{rel}","templated":true}]}}