{"id":101,"date":"2018-03-12T10:17:59","date_gmt":"2018-03-12T07:17:59","guid":{"rendered":"http:\/\/atlantisluxurytravel.co.uk\/?page_id=101"},"modified":"2018-06-23T04:18:53","modified_gmt":"2018-06-23T01:18:53","slug":"hairtransplant","status":"publish","type":"page","link":"https:\/\/atlantisluxurytravel.co.uk\/tr\/hairtransplant\/","title":{"rendered":"Sa\u00e7 ekimi"},"content":{"rendered":"<p><strong>SA\u00c7 EK\u0130M\u0130 VE SA\u00c7 D\u00d6K\u00dcLMES\u0130 TEDAV\u0130LER\u0130<\/strong><\/p>\n<p><strong>SA\u00c7 EK\u0130M\u0130:<\/strong><\/p>\n<p>FUE isimli y\u00f6ntemle yap\u0131lan ve tek bir seansta sa\u00e7 d\u00f6k\u00fclme \u015fik\u00e2yeti ya\u015fayan hastalar\u0131n %85\u2019inin sorununu\u00a0tek seans\u00a0ile \u00e7\u00f6zen cerrahi bir i\u015flemdir.\u00a0<strong>Lokal anestezi alt\u0131nda<\/strong>\u00a0yap\u0131l\u0131r. Hastan\u0131n uyan\u0131k oldu\u011fu ama a\u011fr\u0131 hissetmedi\u011fi bu i\u015flem sa\u00e7 ekiminde en g\u00fcvenilir anestezi y\u00f6ntemidir.<\/p>\n<p><img decoding=\"async\" loading=\"lazy\" class=\"alignnone size-medium wp-image-1187\" src=\"https:\/\/atlantisluxurytravel.co.uk\/wp-content\/uploads\/2018\/05\/liv-hospital-reception-300x200.jpg\" alt=\"\" width=\"300\" height=\"200\" srcset=\"https:\/\/atlantisluxurytravel.co.uk\/wp-content\/uploads\/2018\/05\/liv-hospital-reception-300x200.jpg 300w, https:\/\/atlantisluxurytravel.co.uk\/wp-content\/uploads\/2018\/05\/liv-hospital-reception-768x511.jpg 768w, https:\/\/atlantisluxurytravel.co.uk\/wp-content\/uploads\/2018\/05\/liv-hospital-reception-1024x681.jpg 1024w, https:\/\/atlantisluxurytravel.co.uk\/wp-content\/uploads\/2018\/05\/liv-hospital-reception-226x150.jpg 226w, https:\/\/atlantisluxurytravel.co.uk\/wp-content\/uploads\/2018\/05\/liv-hospital-reception.jpg 1800w\" sizes=\"(max-width: 300px) 100vw, 300px\" \/><\/p>\n<p>Sa\u00e7 ekimi k\u0131saca \u015fu \u015fekilde yap\u0131l\u0131r:<\/p>\n<p>\u00d6nce don\u00f6r sahadan maksimum say\u0131da greft al\u0131n\u0131r. Ard\u0131ndan al\u0131nan k\u00f6kler \u00f6zel bir PRP sol\u00fcsyonun i\u00e7inde bekletilirken k\u00f6klerinin i\u00e7ine ekilece\u011fi kanallar a\u00e7\u0131l\u0131r, son i\u015flem olarak da k\u00f6kler kanallar\u0131n i\u00e7ine nakledilir ve i\u015flem bitmi\u015f olur.<\/p>\n<p>Sa\u00e7 ekimi\u00a0<strong><em>HR SYSTEMS Kriterleri<\/em><\/strong>\u2019ne g\u00f6re yap\u0131l\u0131r. Bu kriterler ideal bir sa\u00e7 ekimi i\u00e7in uyulmas\u0131 gereken b\u00fct\u00fcn ko\u015fullar\u0131n b\u00fct\u00fcn\u00fcd\u00fcr. Hastaya HR SYSTEMS Kriterleri baz al\u0131narak\u00a0<strong>maksimum say\u0131daki greft<\/strong>, doktorlar ve sa\u00e7 ekimi uzman\u0131 yard\u0131mc\u0131 sa\u011fl\u0131k personelleri taraf\u0131ndan\u00a04-5 saat\u00a0gibi bir s\u00fcrede nakledilir.<\/p>\n<p>Sa\u00e7lar\u0131n operasyondan sonra\u00a0do\u011fal\u00a0g\u00f6r\u00fcnmesi \u00f6zellikle hastalar\u0131n \u00f6nemsedi\u011fi bir konudur. Bunun sa\u011flanmas\u0131 b\u00fcy\u00fck \u00f6l\u00e7\u00fcde\u00a0\u00f6n sa\u00e7 \u00e7izgisi, planlama ve kanal a\u00e7ma i\u015flemlerinin mutlaka doktor taraf\u0131ndan yap\u0131lmas\u0131na ba\u011fl\u0131d\u0131r. Di\u011fer hizmetler de mutlaka uzman yard\u0131mc\u0131 sa\u011fl\u0131k personeli taraf\u0131ndan yap\u0131lmas\u0131 ve doktorun s\u0131k\u0131 denetiminde olmal\u0131d\u0131r.<\/p>\n<p>Partneri oldu\u011fumuz hastahane , tecr\u00fcbeli doktor ve sa\u00e7 ekimi uzman\u0131 yard\u0131mc\u0131 sa\u011fl\u0131k personelleri ile sa\u00e7 ekiminde nitelikli bir hizmet vermektedir.<\/p>\n<p><strong>SA\u00c7 D\u00d6K\u00dcLMES\u0130 TEDAV\u0130LER\u0130:<\/strong><\/p>\n<p>Sa\u00e7 d\u00f6k\u00fclmesi her ge\u00e7en g\u00fcn artan \u015fiddetiyle \u00e7\u00f6z\u00fcm bekleyen t\u0131bbi sorunlar aras\u0131ndaki yerini sa\u011flamla\u015ft\u0131r\u0131yor. Partnerimiz gerek ev bak\u0131m k\u00fcrleri ve klinik uygulamalar ile sa\u00e7 d\u00f6k\u00fclmesinin t\u0131bbi tedavisi gerekse sa\u00e7 ekimi ile bu soruna profesyonel \u00e7\u00f6z\u00fcmler \u00fcretmektedir.<\/p>\n<p>Sa\u00e7 d\u00f6k\u00fclmesi eskiye oranla daha erken ya\u015flarda g\u00f6r\u00fclmeye ba\u015flanan bir\u00a0hastal\u0131k. Erken ya\u015flarda yakaland\u0131\u011f\u0131 zaman tedavi edilerek\u00a0sa\u00e7 d\u00f6k\u00fclme \u015fiddetinin azalt\u0131lmas\u0131, d\u00f6k\u00fclmenin \u00f6nlenmesi ve sa\u00e7 kalitesinin artt\u0131r\u0131lmas\u0131\u00a0gibi faydalar ile hasta memnun edilebilir. D\u00f6k\u00fclmenin ilerleyen a\u015famalar\u0131nda bu tip faydalar yerini sa\u00e7 ekimi gibi daha radikal i\u015flemlere b\u0131rak\u0131r.<\/p>\n<p>&nbsp;<\/p>","protected":false},"excerpt":{"rendered":"<p>SA\u00c7 EK\u0130M\u0130 VE SA\u00c7 D\u00d6K\u00dcLMES\u0130 TEDAV\u0130LER\u0130 SA\u00c7 EK\u0130M\u0130: FUE isimli y\u00f6ntemle yap\u0131lan ve tek bir seansta sa\u00e7 d\u00f6k\u00fclme \u015fik\u00e2yeti ya\u015fayan hastalar\u0131n %85\u2019inin sorununu\u00a0tek seans\u00a0ile \u00e7\u00f6zen cerrahi bir i\u015flemdir.\u00a0Lokal anestezi alt\u0131nda\u00a0yap\u0131l\u0131r. Hastan\u0131n uyan\u0131k oldu\u011fu ama a\u011fr\u0131 hissetmedi\u011fi bu i\u015flem sa\u00e7 ekiminde en g\u00fcvenilir anestezi y\u00f6ntemidir. Sa\u00e7 ekimi k\u0131saca \u015fu \u015fekilde yap\u0131l\u0131r: \u00d6nce don\u00f6r sahadan maksimum say\u0131da [&hellip;]<\/p>\n","protected":false},"author":1,"featured_media":1187,"parent":0,"menu_order":0,"comment_status":"closed","ping_status":"closed","template":"","meta":[],"_links":{"self":[{"href":"https:\/\/atlantisluxurytravel.co.uk\/tr\/wp-json\/wp\/v2\/pages\/101"}],"collection":[{"href":"https:\/\/atlantisluxurytravel.co.uk\/tr\/wp-json\/wp\/v2\/pages"}],"about":[{"href":"https:\/\/atlantisluxurytravel.co.uk\/tr\/wp-json\/wp\/v2\/types\/page"}],"author":[{"embeddable":true,"href":"https:\/\/atlantisluxurytravel.co.uk\/tr\/wp-json\/wp\/v2\/users\/1"}],"replies":[{"embeddable":true,"href":"https:\/\/atlantisluxurytravel.co.uk\/tr\/wp-json\/wp\/v2\/comments?post=101"}],"version-history":[{"count":11,"href":"https:\/\/atlantisluxurytravel.co.uk\/tr\/wp-json\/wp\/v2\/pages\/101\/revisions"}],"predecessor-version":[{"id":1265,"href":"https:\/\/atlantisluxurytravel.co.uk\/tr\/wp-json\/wp\/v2\/pages\/101\/revisions\/1265"}],"wp:featuredmedia":[{"embeddable":true,"href":"https:\/\/atlantisluxurytravel.co.uk\/tr\/wp-json\/wp\/v2\/media\/1187"}],"wp:attachment":[{"href":"https:\/\/atlantisluxurytravel.co.uk\/tr\/wp-json\/wp\/v2\/media?parent=101"}],"curies":[{"name":"wp","href":"https:\/\/api.w.org\/{rel}","templated":true}]}}